{"id":15988,"date":"2025-09-19T07:08:12","date_gmt":"2025-09-19T07:08:12","guid":{"rendered":"https:\/\/akmi.lt\/?page_id=15988"},"modified":"2026-03-20T20:27:56","modified_gmt":"2026-03-20T20:27:56","slug":"technistone-crystal-royal","status":"publish","type":"page","link":"https:\/\/akmi.lt\/en\/akmuo\/technistone\/technistone-crystal-royal\/","title":{"rendered":"Technistone Crystal Royal"},"content":{"rendered":"<div class=\"edgtf-row-grid-section-wrapper edgtf-content-aligment-left\"  ><div class=\"edgtf-row-grid-section\"><div class=\"vc_row wpb_row vc_row-fluid single-page-breadcrumbs vc_row-o-content-middle vc_row-flex\" ><div class=\"wpb_column vc_column_container vc_col-sm-6\"><div class=\"vc_column-inner\"><div class=\"wpb_wrapper\">\n\t<div class=\"wpb_raw_code wpb_content_element wpb_raw_html\" >\n\t\t<div class=\"wpb_wrapper\">\n\t\t\t<span><span><a href=\"http:\/\/akmi.lt\/en\/\">Home<\/a><\/span><\/span>\n\t\t<\/div>\n\t<\/div>\n<\/div><\/div><\/div><div class=\"wpb_column vc_column_container vc_col-sm-6\"><div class=\"vc_column-inner\"><div class=\"wpb_wrapper\"><\/div><\/div><\/div><\/div><\/div><\/div><div class=\"edgtf-row-grid-section-wrapper\"  ><div class=\"edgtf-row-grid-section\"><div class=\"vc_row wpb_row vc_row-fluid vc_custom_1677579948335 vc_row-o-content-top vc_row-flex\" ><div class=\"wpb_column vc_column_container vc_col-sm-6 vc_col-lg-6 vc_col-md-12 vc_col-xs-12\"><div class=\"vc_column-inner\"><div class=\"wpb_wrapper\"><div class=\"edgtf-elements-holder   edgtf-one-column  edgtf-responsive-mode-768\" ><div class=\"edgtf-eh-item\"  data-item-class=\"edgtf-eh-custom-3657\" data-680=\"10px\">\n\t<div class=\"edgtf-eh-item-inner\">\n\t\t<div class=\"edgtf-eh-item-content edgtf-eh-custom-3657\" style=\"padding: 0 5% 0 10%\">\n\t\t\t<div class=\"edgtf-image-gallery  edgtf-ig-carousel-type edgtf-large-space edgtf-has-shadow\">\n\t<div class=\"edgtf-ig-slider edgtf-owl-slider\" data-number-of-items=\"1\" data-enable-loop=\"yes\" data-enable-autoplay=\"yes\" data-slider-speed=\"5000\" data-slider-speed-animation=\"600\" data-slider-padding=\"no\" data-enable-navigation=\"yes\" data-enable-pagination=\"yes\">\n\t\t\t\t\t<div class=\"edgtf-ig-image\">\n\t\t\t\t\t\t\t\t\t<img decoding=\"async\" data-src=\"https:\/\/akmi.lt\/wp-content\/uploads\/2025\/09\/Technistone-Crystal-Royal-spalva-900x900.png\" alt=\"\" width=\"900\" height=\"900\" src=\"data:image\/gif;base64,R0lGODlhAQABAAAAACH5BAEKAAEALAAAAAABAAEAAAICTAEAOw==\" class=\"lazyload\" style=\"--smush-placeholder-width: 900px; --smush-placeholder-aspect-ratio: 900\/900;\" \/>\t\t\t\t\t\t\t<\/div>\n\t\t\t\t\t<div class=\"edgtf-ig-image\">\n\t\t\t\t\t\t\t\t\t<img decoding=\"async\" data-src=\"https:\/\/akmi.lt\/wp-content\/uploads\/2025\/09\/Technistone-Crystal-Royal-interjere-900x900.png\" alt=\"\" width=\"900\" height=\"900\" src=\"data:image\/gif;base64,R0lGODlhAQABAAAAACH5BAEKAAEALAAAAAABAAEAAAICTAEAOw==\" class=\"lazyload\" style=\"--smush-placeholder-width: 900px; --smush-placeholder-aspect-ratio: 900\/900;\" \/>\t\t\t\t\t\t\t<\/div>\n\t\t\t\t\t<div class=\"edgtf-ig-image\">\n\t\t\t\t\t\t\t\t\t<img decoding=\"async\" data-src=\"https:\/\/akmi.lt\/wp-content\/uploads\/2025\/09\/Technistone-Crystal-Royal-interjere-4-900x900.png\" alt=\"\" width=\"900\" height=\"900\" src=\"data:image\/gif;base64,R0lGODlhAQABAAAAACH5BAEKAAEALAAAAAABAAEAAAICTAEAOw==\" class=\"lazyload\" style=\"--smush-placeholder-width: 900px; --smush-placeholder-aspect-ratio: 900\/900;\" \/>\t\t\t\t\t\t\t<\/div>\n\t\t\t\t\t<div class=\"edgtf-ig-image\">\n\t\t\t\t\t\t\t\t\t<img decoding=\"async\" data-src=\"https:\/\/akmi.lt\/wp-content\/uploads\/2025\/09\/Technistone-Crystal-Royal-interjere-5-900x900.png\" alt=\"\" width=\"900\" height=\"900\" src=\"data:image\/gif;base64,R0lGODlhAQABAAAAACH5BAEKAAEALAAAAAABAAEAAAICTAEAOw==\" class=\"lazyload\" style=\"--smush-placeholder-width: 900px; --smush-placeholder-aspect-ratio: 900\/900;\" \/>\t\t\t\t\t\t\t<\/div>\n\t\t\t\t\t<div class=\"edgtf-ig-image\">\n\t\t\t\t\t\t\t\t\t<img decoding=\"async\" data-src=\"https:\/\/akmi.lt\/wp-content\/uploads\/2025\/09\/Technistone-Crystal-Royal-interjere-2-900x900.png\" alt=\"\" width=\"900\" height=\"900\" src=\"data:image\/gif;base64,R0lGODlhAQABAAAAACH5BAEKAAEALAAAAAABAAEAAAICTAEAOw==\" class=\"lazyload\" style=\"--smush-placeholder-width: 900px; --smush-placeholder-aspect-ratio: 900\/900;\" \/>\t\t\t\t\t\t\t<\/div>\n\t\t\t\t\t<div class=\"edgtf-ig-image\">\n\t\t\t\t\t\t\t\t\t<img decoding=\"async\" data-src=\"https:\/\/akmi.lt\/wp-content\/uploads\/2025\/09\/Technistone-Crystal-Royal-interjere-3-900x900.png\" alt=\"\" width=\"900\" height=\"900\" src=\"data:image\/gif;base64,R0lGODlhAQABAAAAACH5BAEKAAEALAAAAAABAAEAAAICTAEAOw==\" class=\"lazyload\" style=\"--smush-placeholder-width: 900px; --smush-placeholder-aspect-ratio: 900\/900;\" \/>\t\t\t\t\t\t\t<\/div>\n\t\t\t<\/div>\n<\/div>\t\t<\/div>\n\t<\/div>\n<\/div><\/div><\/div><\/div><\/div><div class=\"wpb_column vc_column_container vc_col-sm-6\"><div class=\"vc_column-inner\"><div class=\"wpb_wrapper\"><div class=\"edgtf-elements-holder   edgtf-one-column  edgtf-responsive-mode-768\" ><div class=\"edgtf-eh-item\"  data-item-class=\"edgtf-eh-custom-3996\">\n\t<div class=\"edgtf-eh-item-inner\">\n\t\t<div class=\"edgtf-eh-item-content edgtf-eh-custom-3996\" style=\"padding: 0 10% 0 5%\">\n\t\t\t<div class=\"edgtf-section-title-holder  edgtf-st-standard  edgtf-st-position-left edgtf-appear-fx\" >\n\t\t<div class=\"edgtf-st-inner\">\n                    <div class=\"edgtf-st-title-holder\">\n                <h2 class=\"edgtf-st-title\" >\n                    TechniStone Crystal Royal                <\/h2>\n            <\/div>\n\t\t\t\t            <div class=\"edgtf-st-text-holder\">\n    \t\t\t<h6 class=\"edgtf-st-text\" >\n    \t\t\t\tTechniStone - Standard collection    \t\t\t<\/h6>\n            <\/div>\n\t\t\t<\/div>\n    <\/div>\t\t<\/div>\n\t<\/div>\n<\/div><\/div><div class=\"edgtf-elements-holder   edgtf-one-column  edgtf-responsive-mode-768\" ><div class=\"edgtf-eh-item\"  data-item-class=\"edgtf-eh-custom-7669\" data-680=\"10px\">\n\t<div class=\"edgtf-eh-item-inner\">\n\t\t<div class=\"edgtf-eh-item-content edgtf-eh-custom-7669\" style=\"padding: 0 10% 0 5%\">\n\t\t\t<div class=\"edgtf-section-title-holder  edgtf-st-standard  edgtf-st-position-left edgtf-appear-fx\" >\n\t\t<div class=\"edgtf-st-inner\">\n                    <div class=\"edgtf-st-title-holder\">\n                <h4 class=\"edgtf-st-title\" >\n                    Available surface treatments                <\/h4>\n            <\/div>\n\t\t\t\t            <div class=\"edgtf-st-text-holder\">\n    \t\t\t<h6 class=\"edgtf-st-text\" >\n    \t\t\t\t-Polished    \t\t\t<\/h6>\n            <\/div>\n\t\t\t<\/div>\n    <\/div><div class=\"edgtf-section-title-holder  edgtf-st-standard  edgtf-st-position-left edgtf-appear-fx\" >\n\t\t<div class=\"edgtf-st-inner\">\n                    <div class=\"edgtf-st-title-holder\">\n                <h4 class=\"edgtf-st-title\" >\n                    Thickness                <\/h4>\n            <\/div>\n\t\t\t\t            <div class=\"edgtf-st-text-holder\">\n    \t\t\t<h6 class=\"edgtf-st-text\" >\n    \t\t\t\t20mm | 30mm    \t\t\t<\/h6>\n            <\/div>\n\t\t\t<\/div>\n    <\/div><div class=\"edgtf-section-title-holder  edgtf-st-standard  edgtf-st-position-left edgtf-appear-fx\" >\n\t\t<div class=\"edgtf-st-inner\">\n                    <div class=\"edgtf-st-title-holder\">\n                <h4 class=\"edgtf-st-title\" >\n                    Panel dimensions                <\/h4>\n            <\/div>\n\t\t\t\t            <div class=\"edgtf-st-text-holder\">\n    \t\t\t<h6 class=\"edgtf-st-text\" >\n    \t\t\t\t-Jumbo format 3185x1550 mm    \t\t\t<\/h6>\n            <\/div>\n\t\t\t<\/div>\n    <\/div>\t\t<\/div>\n\t<\/div>\n<\/div><\/div><\/div><\/div><\/div><\/div><\/div><\/div><div class=\"edgtf-row-grid-section-wrapper edgtf-content-aligment-center\"  ><div class=\"edgtf-row-grid-section\"><div class=\"vc_row wpb_row vc_row-fluid vc_custom_1673258558943 vc_row-o-content-middle vc_row-flex\" ><div class=\"wpb_column vc_column_container vc_col-sm-12\"><div class=\"vc_column-inner\"><div class=\"wpb_wrapper\"><div class=\"vc_separator wpb_content_element vc_separator_align_center vc_sep_width_100 vc_sep_pos_align_center vc_separator_no_text vc_sep_color_grey\" ><span class=\"vc_sep_holder vc_sep_holder_l\"><span  class=\"vc_sep_line\"><\/span><\/span><span class=\"vc_sep_holder vc_sep_holder_r\"><span  class=\"vc_sep_line\"><\/span><\/span>\n<\/div><\/div><\/div><\/div><\/div><\/div><\/div><div class=\"edgtf-row-grid-section-wrapper edgtf-content-aligment-right\"  ><div class=\"edgtf-row-grid-section\"><div class=\"vc_row wpb_row vc_row-fluid vc_custom_1673258624778 vc_row-o-content-middle vc_row-flex\" ><div class=\"wpb_column vc_column_container vc_col-sm-12\"><div class=\"vc_column-inner\"><div class=\"wpb_wrapper\">\n\t<div class=\"wpb_text_column wpb_content_element\" >\n\t\t<div class=\"wpb_wrapper\">\n\t\t\t<h2 style=\"text-align: center;\">Panel view<\/h2>\n\n\t\t<\/div>\n\t<\/div>\n<\/div><\/div><\/div><\/div><\/div><\/div><div class=\"edgtf-row-grid-section-wrapper edgtf-content-aligment-right\"  ><div class=\"edgtf-row-grid-section\"><div class=\"vc_row wpb_row vc_row-fluid vc_custom_1673258802929 vc_row-o-content-middle vc_row-flex\" ><div class=\"wpb_column vc_column_container vc_col-sm-12\"><div class=\"vc_column-inner\"><div class=\"wpb_wrapper\"><div class=\"edgtf-elements-holder   edgtf-one-column  edgtf-responsive-mode-768\" ><div class=\"edgtf-eh-item\"  data-item-class=\"edgtf-eh-custom-7265\">\n\t<div class=\"edgtf-eh-item-inner\">\n\t\t<div class=\"edgtf-eh-item-content edgtf-eh-custom-7265\" >\n\t\t\t<div class=\"edgtf-single-image-holder\">\n    <div class=\"edgtf-si-inner\" >\n                                    <img decoding=\"async\" width=\"2000\" height=\"919\" data-src=\"https:\/\/akmi.lt\/wp-content\/uploads\/2025\/09\/Technistone-Crystal-Royal-plokstuma.png\" class=\"attachment-full size-full lazyload\" alt=\"\" data-srcset=\"https:\/\/akmi.lt\/wp-content\/uploads\/2025\/09\/Technistone-Crystal-Royal-plokstuma.png 2000w, https:\/\/akmi.lt\/wp-content\/uploads\/2025\/09\/Technistone-Crystal-Royal-plokstuma-300x138.png 300w, https:\/\/akmi.lt\/wp-content\/uploads\/2025\/09\/Technistone-Crystal-Royal-plokstuma-1024x471.png 1024w, https:\/\/akmi.lt\/wp-content\/uploads\/2025\/09\/Technistone-Crystal-Royal-plokstuma-768x353.png 768w, https:\/\/akmi.lt\/wp-content\/uploads\/2025\/09\/Technistone-Crystal-Royal-plokstuma-1536x706.png 1536w\" data-sizes=\"(max-width: 2000px) 100vw, 2000px\" src=\"data:image\/gif;base64,R0lGODlhAQABAAAAACH5BAEKAAEALAAAAAABAAEAAAICTAEAOw==\" style=\"--smush-placeholder-width: 2000px; --smush-placeholder-aspect-ratio: 2000\/919;\" \/>                        <\/div>\n<\/div>\t\t<\/div>\n\t<\/div>\n<\/div><\/div><\/div><\/div><\/div><\/div><\/div><\/div><div class=\"edgtf-row-grid-section-wrapper edgtf-content-aligment-center\"  ><div class=\"edgtf-row-grid-section\"><div class=\"vc_row wpb_row vc_row-fluid vc_custom_1673258818519 vc_row-o-content-middle vc_row-flex\" ><div class=\"wpb_column vc_column_container vc_col-sm-12\"><div class=\"vc_column-inner\"><div class=\"wpb_wrapper\"><div class=\"vc_separator wpb_content_element vc_separator_align_center vc_sep_width_100 vc_sep_pos_align_center vc_separator_no_text vc_sep_color_grey\" ><span class=\"vc_sep_holder vc_sep_holder_l\"><span  class=\"vc_sep_line\"><\/span><\/span><span class=\"vc_sep_holder vc_sep_holder_r\"><span  class=\"vc_sep_line\"><\/span><\/span>\n<\/div><\/div><\/div><\/div><\/div><\/div><\/div><div class=\"edgtf-row-grid-section-wrapper edgtf-content-aligment-center\"  ><div class=\"edgtf-row-grid-section\"><div class=\"vc_row wpb_row vc_row-fluid vc_custom_1673258845223 vc_row-o-content-middle vc_row-flex\" ><div class=\"wpb_column vc_column_container vc_col-sm-12\"><div class=\"vc_column-inner\"><div class=\"wpb_wrapper\"><div class=\"edgtf-link-section-holder edgtf-appear-fx\">\n    <div class=\"edgtf-link-section-title-holder\">\n        <h2 class=\"edgtf-link-section-title\" >\n    \t\tWe recommend choosing TechniStone        <\/h2>\n    <\/div>\n            <div class=\"edgtf-single-link-section-holder\">\n                            <a href=\"\/en\/products\/washbasins\/\" class=\"edgtf-link-section\" >\n                    <div class=\"edgtf-single-link-title-holder\">\n                        <h5 class=\"edgtf-single-link-title\" >\n                            washbasins                        <\/h5>\n                    <\/div>\n                <\/a>\n                    <\/div>\n            <div class=\"edgtf-single-link-section-holder\">\n                            <a href=\"\/en\/products\/tables\/\" class=\"edgtf-link-section\" >\n                    <div class=\"edgtf-single-link-title-holder\">\n                        <h5 class=\"edgtf-single-link-title\" >\n                            tables                        <\/h5>\n                    <\/div>\n                <\/a>\n                    <\/div>\n            <div class=\"edgtf-single-link-section-holder\">\n                            <a href=\"\/en\/products\/countertops\/\" class=\"edgtf-link-section\" >\n                    <div class=\"edgtf-single-link-title-holder\">\n                        <h5 class=\"edgtf-single-link-title\" >\n                            countertops                        <\/h5>\n                    <\/div>\n                <\/a>\n                    <\/div>\n            <div class=\"edgtf-single-link-section-holder\">\n                            <a href=\"\/en\/products\/furniture-decoration\/\" class=\"edgtf-link-section\" >\n                    <div class=\"edgtf-single-link-title-holder\">\n                        <h5 class=\"edgtf-single-link-title\" >\n                            furniture finishing                        <\/h5>\n                    <\/div>\n                <\/a>\n                    <\/div>\n            <div class=\"edgtf-single-link-section-holder\">\n                    <\/div>\n    <\/div><\/div><\/div><\/div><\/div><\/div><\/div><div class=\"edgtf-row-grid-section-wrapper edgtf-content-aligment-center\"  ><div class=\"edgtf-row-grid-section\"><div class=\"vc_row wpb_row vc_row-fluid vc_custom_1673258558943 vc_row-o-content-middle vc_row-flex\" ><div class=\"wpb_column vc_column_container vc_col-sm-12\"><div class=\"vc_column-inner\"><div class=\"wpb_wrapper\"><div class=\"vc_separator wpb_content_element vc_separator_align_center vc_sep_width_100 vc_sep_pos_align_center vc_separator_no_text vc_sep_color_grey\" ><span class=\"vc_sep_holder vc_sep_holder_l\"><span  class=\"vc_sep_line\"><\/span><\/span><span class=\"vc_sep_holder vc_sep_holder_r\"><span  class=\"vc_sep_line\"><\/span><\/span>\n<\/div><\/div><\/div><\/div><\/div><\/div><\/div>","protected":false},"excerpt":{"rendered":"Pagrindinis TechniStone Crystal Royal TechniStone - Standard kolekcija Galimi pavir\u0161iaus apdirbimai -Poliruotas Storis 20 mm | 30 mm Plok\u0161t\u0117s matmenys -Jumbo formatas 3185x1550 mm Plok\u0161t\u0117s vaizdas TechniStone rekomenduojame rinktis praustuvai stalai stalvir\u0161iai bald\u0173 apdaila","protected":false},"author":1,"featured_media":15993,"parent":15410,"menu_order":0,"comment_status":"closed","ping_status":"closed","template":"full-width.php","meta":{"footnotes":""},"class_list":["post-15988","page","type-page","status-publish","has-post-thumbnail","hentry"],"yoast_head":"<!-- This site is optimized with the Yoast SEO plugin v24.0 - https:\/\/yoast.com\/wordpress\/plugins\/seo\/ -->\n<title>Technistone Crystal Royal . Nat\u016bralaus ir dirbtinio akmens gaminiai | AKMI<\/title>\n<meta name=\"description\" content=\"Technistone dirbtinis akmuo Altamonte spalvos.\" \/>\n<meta name=\"robots\" content=\"index, follow, max-snippet:-1, max-image-preview:large, max-video-preview:-1\" \/>\n<link rel=\"canonical\" href=\"https:\/\/akmi.lt\/en\/stone\/technistone\/technistone-crystal-royal\/\" \/>\n<meta property=\"og:locale\" content=\"en_US\" \/>\n<meta property=\"og:type\" content=\"article\" \/>\n<meta property=\"og:title\" content=\"Technistone Crystal Royal . Nat\u016bralaus ir dirbtinio akmens gaminiai | AKMI\" \/>\n<meta property=\"og:description\" content=\"Technistone dirbtinis akmuo Altamonte spalvos.\" \/>\n<meta property=\"og:url\" content=\"https:\/\/akmi.lt\/en\/stone\/technistone\/technistone-crystal-royal\/\" \/>\n<meta property=\"og:site_name\" content=\"Akmi\" \/>\n<meta property=\"article:modified_time\" content=\"2026-03-20T20:27:56+00:00\" \/>\n<meta property=\"og:image\" content=\"https:\/\/akmi.lt\/wp-content\/uploads\/2025\/09\/Technistone-Crystal-Royal-interjere.png\" \/>\n\t<meta property=\"og:image:width\" content=\"400\" \/>\n\t<meta property=\"og:image:height\" content=\"400\" \/>\n\t<meta property=\"og:image:type\" content=\"image\/png\" \/>\n<meta name=\"twitter:card\" content=\"summary_large_image\" \/>\n<meta name=\"twitter:label1\" content=\"Est. reading time\" \/>\n\t<meta name=\"twitter:data1\" content=\"3 minutes\" \/>\n<script type=\"application\/ld+json\" class=\"yoast-schema-graph\">{\"@context\":\"https:\/\/schema.org\",\"@graph\":[{\"@type\":\"WebPage\",\"@id\":\"https:\/\/akmi.lt\/en\/stone\/technistone\/technistone-crystal-royal\/\",\"url\":\"https:\/\/akmi.lt\/en\/stone\/technistone\/technistone-crystal-royal\/\",\"name\":\"Technistone Crystal Royal . Nat\u016bralaus ir dirbtinio akmens gaminiai | AKMI\",\"isPartOf\":{\"@id\":\"http:\/\/akmi.lt\/en\/#website\"},\"primaryImageOfPage\":{\"@id\":\"https:\/\/akmi.lt\/en\/stone\/technistone\/technistone-crystal-royal\/#primaryimage\"},\"image\":{\"@id\":\"https:\/\/akmi.lt\/en\/stone\/technistone\/technistone-crystal-royal\/#primaryimage\"},\"thumbnailUrl\":\"https:\/\/akmi.lt\/wp-content\/uploads\/2025\/09\/Technistone-Crystal-Royal-interjere.png\",\"datePublished\":\"2025-09-19T07:08:12+00:00\",\"dateModified\":\"2026-03-20T20:27:56+00:00\",\"description\":\"Technistone dirbtinis akmuo Altamonte spalvos.\",\"breadcrumb\":{\"@id\":\"https:\/\/akmi.lt\/en\/stone\/technistone\/technistone-crystal-royal\/#breadcrumb\"},\"inLanguage\":\"en-US\",\"potentialAction\":[{\"@type\":\"ReadAction\",\"target\":[\"https:\/\/akmi.lt\/en\/stone\/technistone\/technistone-crystal-royal\/\"]}]},{\"@type\":\"ImageObject\",\"inLanguage\":\"en-US\",\"@id\":\"https:\/\/akmi.lt\/en\/stone\/technistone\/technistone-crystal-royal\/#primaryimage\",\"url\":\"https:\/\/akmi.lt\/wp-content\/uploads\/2025\/09\/Technistone-Crystal-Royal-interjere.png\",\"contentUrl\":\"https:\/\/akmi.lt\/wp-content\/uploads\/2025\/09\/Technistone-Crystal-Royal-interjere.png\",\"width\":400,\"height\":400},{\"@type\":\"BreadcrumbList\",\"@id\":\"https:\/\/akmi.lt\/en\/stone\/technistone\/technistone-crystal-royal\/#breadcrumb\",\"itemListElement\":[{\"@type\":\"ListItem\",\"position\":1,\"name\":\"Pagrindinis\",\"item\":\"http:\/\/akmi.lt\/en\/\"},{\"@type\":\"ListItem\",\"position\":2,\"name\":\"Akmuo\",\"item\":\"http:\/\/akmi.lt\/en\/stone\/\"},{\"@type\":\"ListItem\",\"position\":3,\"name\":\"Technistone\",\"item\":\"http:\/\/akmi.lt\/en\/stone\/technistone\/\"},{\"@type\":\"ListItem\",\"position\":4,\"name\":\"Technistone Crystal Royal\"}]},{\"@type\":\"WebSite\",\"@id\":\"http:\/\/akmi.lt\/en\/#website\",\"url\":\"http:\/\/akmi.lt\/en\/\",\"name\":\"Akmi\",\"description\":\"\",\"potentialAction\":[{\"@type\":\"SearchAction\",\"target\":{\"@type\":\"EntryPoint\",\"urlTemplate\":\"http:\/\/akmi.lt\/en\/?s={search_term_string}\"},\"query-input\":{\"@type\":\"PropertyValueSpecification\",\"valueRequired\":true,\"valueName\":\"search_term_string\"}}],\"inLanguage\":\"en-US\"}]}<\/script>\n<!-- \/ Yoast SEO plugin. -->","yoast_head_json":{"title":"Technistone Crystal Royal. Natural and artificial stone products | AKMI","description":"Technistone artificial stone in Altamonte color.","robots":{"index":"index","follow":"follow","max-snippet":"max-snippet:-1","max-image-preview":"max-image-preview:large","max-video-preview":"max-video-preview:-1"},"canonical":"https:\/\/akmi.lt\/en\/stone\/technistone\/technistone-crystal-royal\/","og_locale":"en_US","og_type":"article","og_title":"Technistone Crystal Royal . Nat\u016bralaus ir dirbtinio akmens gaminiai | AKMI","og_description":"Technistone dirbtinis akmuo Altamonte spalvos.","og_url":"https:\/\/akmi.lt\/en\/stone\/technistone\/technistone-crystal-royal\/","og_site_name":"Akmi","article_modified_time":"2026-03-20T20:27:56+00:00","og_image":[{"width":400,"height":400,"url":"https:\/\/akmi.lt\/wp-content\/uploads\/2025\/09\/Technistone-Crystal-Royal-interjere.png","type":"image\/png"}],"twitter_card":"summary_large_image","twitter_misc":{"Est. reading time":"3 minutes"},"schema":{"@context":"https:\/\/schema.org","@graph":[{"@type":"WebPage","@id":"https:\/\/akmi.lt\/en\/stone\/technistone\/technistone-crystal-royal\/","url":"https:\/\/akmi.lt\/en\/stone\/technistone\/technistone-crystal-royal\/","name":"Technistone Crystal Royal. Natural and artificial stone products | AKMI","isPartOf":{"@id":"http:\/\/akmi.lt\/en\/#website"},"primaryImageOfPage":{"@id":"https:\/\/akmi.lt\/en\/stone\/technistone\/technistone-crystal-royal\/#primaryimage"},"image":{"@id":"https:\/\/akmi.lt\/en\/stone\/technistone\/technistone-crystal-royal\/#primaryimage"},"thumbnailUrl":"https:\/\/akmi.lt\/wp-content\/uploads\/2025\/09\/Technistone-Crystal-Royal-interjere.png","datePublished":"2025-09-19T07:08:12+00:00","dateModified":"2026-03-20T20:27:56+00:00","description":"Technistone artificial stone in Altamonte color.","breadcrumb":{"@id":"https:\/\/akmi.lt\/en\/stone\/technistone\/technistone-crystal-royal\/#breadcrumb"},"inLanguage":"en-US","potentialAction":[{"@type":"ReadAction","target":["https:\/\/akmi.lt\/en\/stone\/technistone\/technistone-crystal-royal\/"]}]},{"@type":"ImageObject","inLanguage":"en-US","@id":"https:\/\/akmi.lt\/en\/stone\/technistone\/technistone-crystal-royal\/#primaryimage","url":"https:\/\/akmi.lt\/wp-content\/uploads\/2025\/09\/Technistone-Crystal-Royal-interjere.png","contentUrl":"https:\/\/akmi.lt\/wp-content\/uploads\/2025\/09\/Technistone-Crystal-Royal-interjere.png","width":400,"height":400},{"@type":"BreadcrumbList","@id":"https:\/\/akmi.lt\/en\/stone\/technistone\/technistone-crystal-royal\/#breadcrumb","itemListElement":[{"@type":"ListItem","position":1,"name":"Pagrindinis","item":"http:\/\/akmi.lt\/en\/"},{"@type":"ListItem","position":2,"name":"Akmuo","item":"http:\/\/akmi.lt\/en\/stone\/"},{"@type":"ListItem","position":3,"name":"Technistone","item":"http:\/\/akmi.lt\/en\/stone\/technistone\/"},{"@type":"ListItem","position":4,"name":"Technistone Crystal Royal"}]},{"@type":"WebSite","@id":"http:\/\/akmi.lt\/en\/#website","url":"http:\/\/akmi.lt\/en\/","name":"Stone","description":"","potentialAction":[{"@type":"SearchAction","target":{"@type":"EntryPoint","urlTemplate":"http:\/\/akmi.lt\/en\/?s={search_term_string}"},"query-input":{"@type":"PropertyValueSpecification","valueRequired":true,"valueName":"search_term_string"}}],"inLanguage":"en-US"}]}},"_links":{"self":[{"href":"https:\/\/akmi.lt\/en\/wp-json\/wp\/v2\/pages\/15988","targetHints":{"allow":["GET"]}}],"collection":[{"href":"https:\/\/akmi.lt\/en\/wp-json\/wp\/v2\/pages"}],"about":[{"href":"https:\/\/akmi.lt\/en\/wp-json\/wp\/v2\/types\/page"}],"author":[{"embeddable":true,"href":"https:\/\/akmi.lt\/en\/wp-json\/wp\/v2\/users\/1"}],"replies":[{"embeddable":true,"href":"https:\/\/akmi.lt\/en\/wp-json\/wp\/v2\/comments?post=15988"}],"version-history":[{"count":5,"href":"https:\/\/akmi.lt\/en\/wp-json\/wp\/v2\/pages\/15988\/revisions"}],"predecessor-version":[{"id":16145,"href":"https:\/\/akmi.lt\/en\/wp-json\/wp\/v2\/pages\/15988\/revisions\/16145"}],"up":[{"embeddable":true,"href":"https:\/\/akmi.lt\/en\/wp-json\/wp\/v2\/pages\/15410"}],"wp:featuredmedia":[{"embeddable":true,"href":"https:\/\/akmi.lt\/en\/wp-json\/wp\/v2\/media\/15993"}],"wp:attachment":[{"href":"https:\/\/akmi.lt\/en\/wp-json\/wp\/v2\/media?parent=15988"}],"curies":[{"name":"wp","href":"https:\/\/api.w.org\/{rel}","templated":true}]}}