{"id":7105,"date":"2023-03-20T13:29:08","date_gmt":"2023-03-20T13:29:08","guid":{"rendered":"http:\/\/akmi.lt\/?page_id=7105"},"modified":"2023-10-11T11:15:35","modified_gmt":"2023-10-11T11:15:35","slug":"palace-of-the-lords-portal","status":"publish","type":"page","link":"http:\/\/akmi.lt\/en\/atlikti-darbai\/paminklai\/valdovu-rumai-portalas\/","title":{"rendered":"Palace of the Kings portal"},"content":{"rendered":"<div class=\"vc_row wpb_row vc_row-fluid\" ><div class=\"wpb_column vc_column_container vc_col-sm-12\"><div class=\"vc_column-inner\"><div class=\"wpb_wrapper\"><div class=\"vc_row wpb_row vc_inner vc_row-fluid\" ><div class=\"image-box wpb_column vc_column_container vc_col-sm-7 vc_col-xs-12\"><div class=\"vc_column-inner\"><div class=\"wpb_wrapper\"><div class=\"edgtf-single-image-holder  edgtf-has-shadow\">\n    <div class=\"edgtf-si-inner\" >\n                                    <img decoding=\"async\" width=\"1000\" height=\"666\" data-src=\"http:\/\/akmi.lt\/wp-content\/uploads\/2023\/03\/Skulptura-1.jpg\" class=\"attachment-full size-full lazyload\" alt=\"CNC stone milling\" data-srcset=\"http:\/\/akmi.lt\/wp-content\/uploads\/2023\/03\/Skulptura-1.jpg 1000w, http:\/\/akmi.lt\/wp-content\/uploads\/2023\/03\/Skulptura-1-300x200.jpg 300w, http:\/\/akmi.lt\/wp-content\/uploads\/2023\/03\/Skulptura-1-768x511.jpg 768w, http:\/\/akmi.lt\/wp-content\/uploads\/2023\/03\/Skulptura-1-600x400.jpg 600w\" data-sizes=\"(max-width: 1000px) 100vw, 1000px\" src=\"data:image\/gif;base64,R0lGODlhAQABAAAAACH5BAEKAAEALAAAAAABAAEAAAICTAEAOw==\" style=\"--smush-placeholder-width: 1000px; --smush-placeholder-aspect-ratio: 1000\/666;\" \/>                        <\/div>\n<\/div><div class=\"edgtf-single-image-holder  edgtf-has-shadow\">\n    <div class=\"edgtf-si-inner\" >\n                                    <img decoding=\"async\" width=\"1000\" height=\"666\" data-src=\"http:\/\/akmi.lt\/wp-content\/uploads\/2023\/03\/Skulptura-2.jpg\" class=\"attachment-full size-full lazyload\" alt=\"CNC stone milling\" data-srcset=\"http:\/\/akmi.lt\/wp-content\/uploads\/2023\/03\/Skulptura-2.jpg 1000w, http:\/\/akmi.lt\/wp-content\/uploads\/2023\/03\/Skulptura-2-300x200.jpg 300w, http:\/\/akmi.lt\/wp-content\/uploads\/2023\/03\/Skulptura-2-768x511.jpg 768w, http:\/\/akmi.lt\/wp-content\/uploads\/2023\/03\/Skulptura-2-600x400.jpg 600w\" data-sizes=\"(max-width: 1000px) 100vw, 1000px\" src=\"data:image\/gif;base64,R0lGODlhAQABAAAAACH5BAEKAAEALAAAAAABAAEAAAICTAEAOw==\" style=\"--smush-placeholder-width: 1000px; --smush-placeholder-aspect-ratio: 1000\/666;\" \/>                        <\/div>\n<\/div><div class=\"edgtf-single-image-holder  edgtf-has-shadow\">\n    <div class=\"edgtf-si-inner\" >\n                                    <img decoding=\"async\" width=\"1000\" height=\"666\" data-src=\"http:\/\/akmi.lt\/wp-content\/uploads\/2023\/03\/Skulptura-3.jpg\" class=\"attachment-full size-full lazyload\" alt=\"CNC stone milling\" data-srcset=\"http:\/\/akmi.lt\/wp-content\/uploads\/2023\/03\/Skulptura-3.jpg 1000w, http:\/\/akmi.lt\/wp-content\/uploads\/2023\/03\/Skulptura-3-300x200.jpg 300w, http:\/\/akmi.lt\/wp-content\/uploads\/2023\/03\/Skulptura-3-768x511.jpg 768w, http:\/\/akmi.lt\/wp-content\/uploads\/2023\/03\/Skulptura-3-600x400.jpg 600w\" data-sizes=\"(max-width: 1000px) 100vw, 1000px\" src=\"data:image\/gif;base64,R0lGODlhAQABAAAAACH5BAEKAAEALAAAAAABAAEAAAICTAEAOw==\" style=\"--smush-placeholder-width: 1000px; --smush-placeholder-aspect-ratio: 1000\/666;\" \/>                        <\/div>\n<\/div><div class=\"edgtf-single-image-holder  edgtf-has-shadow\">\n    <div class=\"edgtf-si-inner\" >\n                                    <img decoding=\"async\" width=\"666\" height=\"1000\" data-src=\"http:\/\/akmi.lt\/wp-content\/uploads\/2023\/03\/Skulptura-4.jpg\" class=\"attachment-full size-full lazyload\" alt=\"CNC stone milling\" data-srcset=\"http:\/\/akmi.lt\/wp-content\/uploads\/2023\/03\/Skulptura-4.jpg 666w, http:\/\/akmi.lt\/wp-content\/uploads\/2023\/03\/Skulptura-4-200x300.jpg 200w, http:\/\/akmi.lt\/wp-content\/uploads\/2023\/03\/Skulptura-4-600x901.jpg 600w\" data-sizes=\"(max-width: 666px) 100vw, 666px\" src=\"data:image\/gif;base64,R0lGODlhAQABAAAAACH5BAEKAAEALAAAAAABAAEAAAICTAEAOw==\" style=\"--smush-placeholder-width: 666px; --smush-placeholder-aspect-ratio: 666\/1000;\" \/>                        <\/div>\n<\/div><div class=\"edgtf-single-image-holder  edgtf-has-shadow\">\n    <div class=\"edgtf-si-inner\" >\n                                    <img decoding=\"async\" width=\"1000\" height=\"649\" data-src=\"http:\/\/akmi.lt\/wp-content\/uploads\/2023\/03\/Skulptura-5.jpg\" class=\"attachment-full size-full lazyload\" alt=\"CNC stone milling portal\" data-srcset=\"http:\/\/akmi.lt\/wp-content\/uploads\/2023\/03\/Skulptura-5.jpg 1000w, http:\/\/akmi.lt\/wp-content\/uploads\/2023\/03\/Skulptura-5-300x195.jpg 300w, http:\/\/akmi.lt\/wp-content\/uploads\/2023\/03\/Skulptura-5-768x498.jpg 768w, http:\/\/akmi.lt\/wp-content\/uploads\/2023\/03\/Skulptura-5-600x389.jpg 600w\" data-sizes=\"(max-width: 1000px) 100vw, 1000px\" src=\"data:image\/gif;base64,R0lGODlhAQABAAAAACH5BAEKAAEALAAAAAABAAEAAAICTAEAOw==\" style=\"--smush-placeholder-width: 1000px; --smush-placeholder-aspect-ratio: 1000\/649;\" \/>                        <\/div>\n<\/div><\/div><\/div><\/div><div class=\"text-box wpb_column vc_column_container vc_col-sm-5 vc_col-xs-12\"><div class=\"vc_column-inner\"><div class=\"wpb_wrapper\"><div class=\"edgtf-section-title-holder title-box-margin edgtf-st-standard  edgtf-st-position-left edgtf-appear-fx\" >\n\t\t<div class=\"edgtf-st-inner\">\n                    <div class=\"edgtf-st-title-holder\">\n                <h3 class=\"edgtf-st-title\" >\n                    DESCRIPTION                <\/h3>\n            <\/div>\n\t\t\t\t            <div class=\"edgtf-st-text-holder\">\n    \t\t\t<p class=\"edgtf-st-text\" >\n    \t\t\t\tThanks to the equipment and many years of experience accumulated by AKMI, we have the opportunity to cooperate with sculptors and artists recognized in Lithuania and around the world. We help famous artists implement their ideas by supplying the highest quality and selected raw materials, cutting blanks and performing modeling, CNC milling, grinding, polishing works. We perform the tasks assigned to us technologically, thus saving artists&#039; time and Customers&#039; money. We scan artists&#039; models and model them in a computer environment, so the artist can easily imagine the future result and coordinate it during the design process. The produced sculptures, monuments, art installations are safely packed in boxes intended for export. One-of-a-kind art products made of natural stone are delivered all over the world.    \t\t\t<\/p>\n            <\/div>\n\t\t\t<\/div>\n    <\/div><div class=\"edgtf-section-title-holder inline-title edgtf-st-standard  edgtf-st-position-left edgtf-appear-fx\" >\n\t\t<div class=\"edgtf-st-inner\">\n                    <div class=\"edgtf-st-title-holder\">\n                <h3 class=\"edgtf-st-title\" >\n                    PROJECT NAME:                <\/h3>\n            <\/div>\n\t\t\t\t            <div class=\"edgtf-st-text-holder\">\n    \t\t\t<p class=\"edgtf-st-text\" >\n    \t\t\t\tThe main portal of the Palace of the Kings, cartouche    \t\t\t<\/p>\n            <\/div>\n\t\t\t<\/div>\n    <\/div><div class=\"vc_empty_space\"   style=\"height: 30px\"><span class=\"vc_empty_space_inner\"><\/span><\/div><div class=\"vc_separator wpb_content_element vc_separator_align_center vc_sep_width_100 vc_sep_pos_align_center vc_separator_no_text vc_sep_color_grey\" ><span class=\"vc_sep_holder vc_sep_holder_l\"><span  class=\"vc_sep_line\"><\/span><\/span><span class=\"vc_sep_holder vc_sep_holder_r\"><span  class=\"vc_sep_line\"><\/span><\/span>\n<\/div><div class=\"edgtf-link-section-holder edgtf-appear-fx\">\n    <div class=\"edgtf-link-section-title-holder\">\n        <h2 class=\"edgtf-link-section-title\" >\n    \t\tSTONE:        <\/h2>\n    <\/div>\n            <div class=\"edgtf-single-link-section-holder\">\n                            <a href=\"\/en\/stone\/limestone\/\" class=\"edgtf-link-section\" >\n                    <div class=\"edgtf-single-link-title-holder\">\n                        <h5 class=\"edgtf-single-link-title\" >\n                            limestone                        <\/h5>\n                    <\/div>\n                <\/a>\n                    <\/div>\n    <\/div><div class=\"vc_separator wpb_content_element vc_separator_align_center vc_sep_width_100 vc_sep_pos_align_center vc_separator_no_text vc_sep_color_grey\" ><span class=\"vc_sep_holder vc_sep_holder_l\"><span  class=\"vc_sep_line\"><\/span><\/span><span class=\"vc_sep_holder vc_sep_holder_r\"><span  class=\"vc_sep_line\"><\/span><\/span>\n<\/div><div class=\"edgtf-link-section-holder edgtf-appear-fx\">\n    <div class=\"edgtf-link-section-title-holder\">\n        <h2 class=\"edgtf-link-section-title\" >\n    \t\tSERVICE:        <\/h2>\n    <\/div>\n            <div class=\"edgtf-single-link-section-holder\">\n                            <a href=\"\/en\/stone-processing\/stone-raw-material-supply\/\" class=\"edgtf-link-section\" >\n                    <div class=\"edgtf-single-link-title-holder\">\n                        <h5 class=\"edgtf-single-link-title\" >\n                            supply                        <\/h5>\n                    <\/div>\n                <\/a>\n                    <\/div>\n            <div class=\"edgtf-single-link-section-holder\">\n                            <a href=\"\/en\/services\/stone-processing\/\" class=\"edgtf-link-section\" >\n                    <div class=\"edgtf-single-link-title-holder\">\n                        <h5 class=\"edgtf-single-link-title\" >\n                            production                        <\/h5>\n                    <\/div>\n                <\/a>\n                    <\/div>\n            <div class=\"edgtf-single-link-section-holder\">\n                            <a href=\"\/en\/services\/stone-installation\/\" class=\"edgtf-link-section\" >\n                    <div class=\"edgtf-single-link-title-holder\">\n                        <h5 class=\"edgtf-single-link-title\" >\n                            installation                        <\/h5>\n                    <\/div>\n                <\/a>\n                    <\/div>\n    <\/div><div class=\"vc_separator wpb_content_element vc_separator_align_center vc_sep_width_100 vc_sep_pos_align_center vc_separator_no_text vc_sep_color_grey\" ><span class=\"vc_sep_holder vc_sep_holder_l\"><span  class=\"vc_sep_line\"><\/span><\/span><span class=\"vc_sep_holder vc_sep_holder_r\"><span  class=\"vc_sep_line\"><\/span><\/span>\n<\/div><div class=\"edgtf-link-section-holder edgtf-appear-fx\">\n    <div class=\"edgtf-link-section-title-holder\">\n        <h2 class=\"edgtf-link-section-title\" >\n    \t\tPRODUCTS:        <\/h2>\n    <\/div>\n            <div class=\"edgtf-single-link-section-holder\">\n                            <a href=\"\/en\/products\/monuments\/\" class=\"edgtf-link-section\" >\n                    <div class=\"edgtf-single-link-title-holder\">\n                        <h5 class=\"edgtf-single-link-title\" >\n                            STONE SCULPTURES                        <\/h5>\n                    <\/div>\n                <\/a>\n                    <\/div>\n    <\/div><\/div><\/div><\/div><\/div><\/div><\/div><\/div><\/div>","protected":false},"excerpt":{"rendered":"APRA\u0160AS D\u0117ka AKMI sukaupt\u0173 \u012frengim\u0173 ir ilgamet\u0117s patirties turime galimyb\u0119 bendradarbiauti su Lietuvoje ir pasaulyje pripa\u017eintais skulptoriais bei menininkais. \u017dymiems menininkams padedame \u012fgyvendinti j\u0173 id\u0117jas tiekdami auk\u0161\u010diausios kokyb\u0117s ir selekcijos \u017ealiav\u0105, pjaudami ruo\u0161inius ir atlikdami modeliavimo, CNC frezavimo, \u0161lifavimo, poliravimo [...]","protected":false},"author":2,"featured_media":7107,"parent":6916,"menu_order":0,"comment_status":"closed","ping_status":"closed","template":"","meta":{"footnotes":""},"class_list":["post-7105","page","type-page","status-publish","has-post-thumbnail","hentry"],"yoast_head":"<!-- This site is optimized with the Yoast SEO plugin v24.0 - https:\/\/yoast.com\/wordpress\/plugins\/seo\/ -->\n<title>Valdov\u0173 r\u016bm\u0173 portalas - Akmi<\/title>\n<meta name=\"description\" content=\"D\u0117ka AKMI sukaupt\u0173 \u012frengim\u0173 ir ilgamet\u0117s patirties turime galimyb\u0119 bendradarbiauti su Lietuvoje ir pasaulyje pripa\u017eintais skulptoriais bei menininkais. \u017dymiems menininkams padedame \u012fgyvendinti j\u0173 id\u0117jas tiekdami auk\u0161\u010diausios kokyb\u0117s ir selekcijos \u017ealiav\u0105, pjaudami ruo\u0161inius ir atlikdami modeliavimo, CNC frezavimo, \u0161lifavimo, poliravimo darbus. Technologi\u0161kai atliekame mums pavestus darbus taip taupydami meninink\u0173 laik\u0105 ir U\u017esakov\u0173 pinigus. Skanuojame meninink\u0173 modelius ir juos modeliuojame kompiuterin\u0117je aplinkoje, tod\u0117l menininkas gali lengvai \u012fsivaizduoti b\u016bsim\u0105 rezultat\u0105 ir j\u012f derinti projektavimo metu. Pagamintos skulpt\u016bros, paminklai, meno instaliacijos saugiai taruojamos \u012f eksportavimui skirtas d\u0117\u017ees. Vienetiniai meno gaminiai i\u0161 nat\u016bralaus akmens pristatomi visame pasaulyje.\" \/>\n<meta name=\"robots\" content=\"index, follow, max-snippet:-1, max-image-preview:large, max-video-preview:-1\" \/>\n<link rel=\"canonical\" href=\"http:\/\/akmi.lt\/en\/works-carried-out\/monuments\/palace-of-the-lords-portal\/\" \/>\n<meta property=\"og:locale\" content=\"en_US\" \/>\n<meta property=\"og:type\" content=\"article\" \/>\n<meta property=\"og:title\" content=\"Valdov\u0173 r\u016bm\u0173 portalas - Akmi\" \/>\n<meta property=\"og:description\" content=\"D\u0117ka AKMI sukaupt\u0173 \u012frengim\u0173 ir ilgamet\u0117s patirties turime galimyb\u0119 bendradarbiauti su Lietuvoje ir pasaulyje pripa\u017eintais skulptoriais bei menininkais. \u017dymiems menininkams padedame \u012fgyvendinti j\u0173 id\u0117jas tiekdami auk\u0161\u010diausios kokyb\u0117s ir selekcijos \u017ealiav\u0105, pjaudami ruo\u0161inius ir atlikdami modeliavimo, CNC frezavimo, \u0161lifavimo, poliravimo darbus. Technologi\u0161kai atliekame mums pavestus darbus taip taupydami meninink\u0173 laik\u0105 ir U\u017esakov\u0173 pinigus. Skanuojame meninink\u0173 modelius ir juos modeliuojame kompiuterin\u0117je aplinkoje, tod\u0117l menininkas gali lengvai \u012fsivaizduoti b\u016bsim\u0105 rezultat\u0105 ir j\u012f derinti projektavimo metu. Pagamintos skulpt\u016bros, paminklai, meno instaliacijos saugiai taruojamos \u012f eksportavimui skirtas d\u0117\u017ees. Vienetiniai meno gaminiai i\u0161 nat\u016bralaus akmens pristatomi visame pasaulyje.\" \/>\n<meta property=\"og:url\" content=\"http:\/\/akmi.lt\/en\/works-carried-out\/monuments\/palace-of-the-lords-portal\/\" \/>\n<meta property=\"og:site_name\" content=\"Akmi\" \/>\n<meta property=\"article:modified_time\" content=\"2023-10-11T11:15:35+00:00\" \/>\n<meta property=\"og:image\" content=\"http:\/\/akmi.lt\/wp-content\/uploads\/2023\/03\/Skulptura-1.jpg\" \/>\n\t<meta property=\"og:image:width\" content=\"1000\" \/>\n\t<meta property=\"og:image:height\" content=\"666\" \/>\n\t<meta property=\"og:image:type\" content=\"image\/jpeg\" \/>\n<meta name=\"twitter:card\" content=\"summary_large_image\" \/>\n<meta name=\"twitter:label1\" content=\"Est. reading time\" \/>\n\t<meta name=\"twitter:data1\" content=\"1 minute\" \/>\n<script type=\"application\/ld+json\" class=\"yoast-schema-graph\">{\"@context\":\"https:\/\/schema.org\",\"@graph\":[{\"@type\":\"WebPage\",\"@id\":\"http:\/\/akmi.lt\/en\/works-carried-out\/monuments\/palace-of-the-lords-portal\/\",\"url\":\"http:\/\/akmi.lt\/en\/works-carried-out\/monuments\/palace-of-the-lords-portal\/\",\"name\":\"Valdov\u0173 r\u016bm\u0173 portalas - Akmi\",\"isPartOf\":{\"@id\":\"http:\/\/akmi.lt\/en\/#website\"},\"primaryImageOfPage\":{\"@id\":\"http:\/\/akmi.lt\/en\/works-carried-out\/monuments\/palace-of-the-lords-portal\/#primaryimage\"},\"image\":{\"@id\":\"http:\/\/akmi.lt\/en\/works-carried-out\/monuments\/palace-of-the-lords-portal\/#primaryimage\"},\"thumbnailUrl\":\"http:\/\/akmi.lt\/wp-content\/uploads\/2023\/03\/Skulptura-1.jpg\",\"datePublished\":\"2023-03-20T13:29:08+00:00\",\"dateModified\":\"2023-10-11T11:15:35+00:00\",\"description\":\"D\u0117ka AKMI sukaupt\u0173 \u012frengim\u0173 ir ilgamet\u0117s patirties turime galimyb\u0119 bendradarbiauti su Lietuvoje ir pasaulyje pripa\u017eintais skulptoriais bei menininkais. \u017dymiems menininkams padedame \u012fgyvendinti j\u0173 id\u0117jas tiekdami auk\u0161\u010diausios kokyb\u0117s ir selekcijos \u017ealiav\u0105, pjaudami ruo\u0161inius ir atlikdami modeliavimo, CNC frezavimo, \u0161lifavimo, poliravimo darbus. Technologi\u0161kai atliekame mums pavestus darbus taip taupydami meninink\u0173 laik\u0105 ir U\u017esakov\u0173 pinigus. Skanuojame meninink\u0173 modelius ir juos modeliuojame kompiuterin\u0117je aplinkoje, tod\u0117l menininkas gali lengvai \u012fsivaizduoti b\u016bsim\u0105 rezultat\u0105 ir j\u012f derinti projektavimo metu. Pagamintos skulpt\u016bros, paminklai, meno instaliacijos saugiai taruojamos \u012f eksportavimui skirtas d\u0117\u017ees. Vienetiniai meno gaminiai i\u0161 nat\u016bralaus akmens pristatomi visame pasaulyje.\",\"breadcrumb\":{\"@id\":\"http:\/\/akmi.lt\/en\/works-carried-out\/monuments\/palace-of-the-lords-portal\/#breadcrumb\"},\"inLanguage\":\"en-US\",\"potentialAction\":[{\"@type\":\"ReadAction\",\"target\":[\"http:\/\/akmi.lt\/en\/works-carried-out\/monuments\/palace-of-the-lords-portal\/\"]}]},{\"@type\":\"ImageObject\",\"inLanguage\":\"en-US\",\"@id\":\"http:\/\/akmi.lt\/en\/works-carried-out\/monuments\/palace-of-the-lords-portal\/#primaryimage\",\"url\":\"http:\/\/akmi.lt\/wp-content\/uploads\/2023\/03\/Skulptura-1.jpg\",\"contentUrl\":\"http:\/\/akmi.lt\/wp-content\/uploads\/2023\/03\/Skulptura-1.jpg\",\"width\":1000,\"height\":666,\"caption\":\"CNC akmens frezavimas\"},{\"@type\":\"BreadcrumbList\",\"@id\":\"http:\/\/akmi.lt\/en\/works-carried-out\/monuments\/palace-of-the-lords-portal\/#breadcrumb\",\"itemListElement\":[{\"@type\":\"ListItem\",\"position\":1,\"name\":\"Pagrindinis\",\"item\":\"http:\/\/akmi.lt\/en\/\"},{\"@type\":\"ListItem\",\"position\":2,\"name\":\"Projektai\",\"item\":\"http:\/\/akmi.lt\/en\/works-carried-out\/\"},{\"@type\":\"ListItem\",\"position\":3,\"name\":\"Paminklai\",\"item\":\"http:\/\/akmi.lt\/en\/works-carried-out\/monuments\/\"},{\"@type\":\"ListItem\",\"position\":4,\"name\":\"Valdov\u0173 r\u016bm\u0173 portalas\"}]},{\"@type\":\"WebSite\",\"@id\":\"http:\/\/akmi.lt\/en\/#website\",\"url\":\"http:\/\/akmi.lt\/en\/\",\"name\":\"Akmi\",\"description\":\"\",\"potentialAction\":[{\"@type\":\"SearchAction\",\"target\":{\"@type\":\"EntryPoint\",\"urlTemplate\":\"http:\/\/akmi.lt\/en\/?s={search_term_string}\"},\"query-input\":{\"@type\":\"PropertyValueSpecification\",\"valueRequired\":true,\"valueName\":\"search_term_string\"}}],\"inLanguage\":\"en-US\"}]}<\/script>\n<!-- \/ Yoast SEO plugin. -->","yoast_head_json":{"title":"Palace of the Kings portal - Akmi","description":"Thanks to the equipment and many years of experience accumulated by AKMI, we have the opportunity to cooperate with sculptors and artists recognized in Lithuania and around the world. We help famous artists implement their ideas by supplying the highest quality and selected raw materials, cutting blanks and performing modeling, CNC milling, grinding, polishing works. We perform the tasks assigned to us technologically, thus saving artists&#039; time and Customers&#039; money. We scan artists&#039; models and model them in a computer environment, so the artist can easily imagine the future result and coordinate it during the design process. The produced sculptures, monuments, art installations are safely packed in boxes intended for export. One-of-a-kind art products made of natural stone are delivered all over the world.","robots":{"index":"index","follow":"follow","max-snippet":"max-snippet:-1","max-image-preview":"max-image-preview:large","max-video-preview":"max-video-preview:-1"},"canonical":"http:\/\/akmi.lt\/en\/works-carried-out\/monuments\/palace-of-the-lords-portal\/","og_locale":"en_US","og_type":"article","og_title":"Valdov\u0173 r\u016bm\u0173 portalas - Akmi","og_description":"D\u0117ka AKMI sukaupt\u0173 \u012frengim\u0173 ir ilgamet\u0117s patirties turime galimyb\u0119 bendradarbiauti su Lietuvoje ir pasaulyje pripa\u017eintais skulptoriais bei menininkais. \u017dymiems menininkams padedame \u012fgyvendinti j\u0173 id\u0117jas tiekdami auk\u0161\u010diausios kokyb\u0117s ir selekcijos \u017ealiav\u0105, pjaudami ruo\u0161inius ir atlikdami modeliavimo, CNC frezavimo, \u0161lifavimo, poliravimo darbus. Technologi\u0161kai atliekame mums pavestus darbus taip taupydami meninink\u0173 laik\u0105 ir U\u017esakov\u0173 pinigus. Skanuojame meninink\u0173 modelius ir juos modeliuojame kompiuterin\u0117je aplinkoje, tod\u0117l menininkas gali lengvai \u012fsivaizduoti b\u016bsim\u0105 rezultat\u0105 ir j\u012f derinti projektavimo metu. Pagamintos skulpt\u016bros, paminklai, meno instaliacijos saugiai taruojamos \u012f eksportavimui skirtas d\u0117\u017ees. Vienetiniai meno gaminiai i\u0161 nat\u016bralaus akmens pristatomi visame pasaulyje.","og_url":"http:\/\/akmi.lt\/en\/works-carried-out\/monuments\/palace-of-the-lords-portal\/","og_site_name":"Akmi","article_modified_time":"2023-10-11T11:15:35+00:00","og_image":[{"width":1000,"height":666,"url":"http:\/\/akmi.lt\/wp-content\/uploads\/2023\/03\/Skulptura-1.jpg","type":"image\/jpeg"}],"twitter_card":"summary_large_image","twitter_misc":{"Est. reading time":"1 minute"},"schema":{"@context":"https:\/\/schema.org","@graph":[{"@type":"WebPage","@id":"http:\/\/akmi.lt\/en\/works-carried-out\/monuments\/palace-of-the-lords-portal\/","url":"http:\/\/akmi.lt\/en\/works-carried-out\/monuments\/palace-of-the-lords-portal\/","name":"Palace of the Kings portal - Akmi","isPartOf":{"@id":"http:\/\/akmi.lt\/en\/#website"},"primaryImageOfPage":{"@id":"http:\/\/akmi.lt\/en\/works-carried-out\/monuments\/palace-of-the-lords-portal\/#primaryimage"},"image":{"@id":"http:\/\/akmi.lt\/en\/works-carried-out\/monuments\/palace-of-the-lords-portal\/#primaryimage"},"thumbnailUrl":"http:\/\/akmi.lt\/wp-content\/uploads\/2023\/03\/Skulptura-1.jpg","datePublished":"2023-03-20T13:29:08+00:00","dateModified":"2023-10-11T11:15:35+00:00","description":"Thanks to the equipment and many years of experience accumulated by AKMI, we have the opportunity to cooperate with sculptors and artists recognized in Lithuania and around the world. We help famous artists implement their ideas by supplying the highest quality and selected raw materials, cutting blanks and performing modeling, CNC milling, grinding, polishing works. We perform the tasks assigned to us technologically, thus saving artists&#039; time and Customers&#039; money. We scan artists&#039; models and model them in a computer environment, so the artist can easily imagine the future result and coordinate it during the design process. The produced sculptures, monuments, art installations are safely packed in boxes intended for export. One-of-a-kind art products made of natural stone are delivered all over the world.","breadcrumb":{"@id":"http:\/\/akmi.lt\/en\/works-carried-out\/monuments\/palace-of-the-lords-portal\/#breadcrumb"},"inLanguage":"en-US","potentialAction":[{"@type":"ReadAction","target":["http:\/\/akmi.lt\/en\/works-carried-out\/monuments\/palace-of-the-lords-portal\/"]}]},{"@type":"ImageObject","inLanguage":"en-US","@id":"http:\/\/akmi.lt\/en\/works-carried-out\/monuments\/palace-of-the-lords-portal\/#primaryimage","url":"http:\/\/akmi.lt\/wp-content\/uploads\/2023\/03\/Skulptura-1.jpg","contentUrl":"http:\/\/akmi.lt\/wp-content\/uploads\/2023\/03\/Skulptura-1.jpg","width":1000,"height":666,"caption":"CNC akmens frezavimas"},{"@type":"BreadcrumbList","@id":"http:\/\/akmi.lt\/en\/works-carried-out\/monuments\/palace-of-the-lords-portal\/#breadcrumb","itemListElement":[{"@type":"ListItem","position":1,"name":"Pagrindinis","item":"http:\/\/akmi.lt\/en\/"},{"@type":"ListItem","position":2,"name":"Projektai","item":"http:\/\/akmi.lt\/en\/works-carried-out\/"},{"@type":"ListItem","position":3,"name":"Paminklai","item":"http:\/\/akmi.lt\/en\/works-carried-out\/monuments\/"},{"@type":"ListItem","position":4,"name":"Valdov\u0173 r\u016bm\u0173 portalas"}]},{"@type":"WebSite","@id":"http:\/\/akmi.lt\/en\/#website","url":"http:\/\/akmi.lt\/en\/","name":"Stone","description":"","potentialAction":[{"@type":"SearchAction","target":{"@type":"EntryPoint","urlTemplate":"http:\/\/akmi.lt\/en\/?s={search_term_string}"},"query-input":{"@type":"PropertyValueSpecification","valueRequired":true,"valueName":"search_term_string"}}],"inLanguage":"en-US"}]}},"_links":{"self":[{"href":"http:\/\/akmi.lt\/en\/wp-json\/wp\/v2\/pages\/7105","targetHints":{"allow":["GET"]}}],"collection":[{"href":"http:\/\/akmi.lt\/en\/wp-json\/wp\/v2\/pages"}],"about":[{"href":"http:\/\/akmi.lt\/en\/wp-json\/wp\/v2\/types\/page"}],"author":[{"embeddable":true,"href":"http:\/\/akmi.lt\/en\/wp-json\/wp\/v2\/users\/2"}],"replies":[{"embeddable":true,"href":"http:\/\/akmi.lt\/en\/wp-json\/wp\/v2\/comments?post=7105"}],"version-history":[{"count":6,"href":"http:\/\/akmi.lt\/en\/wp-json\/wp\/v2\/pages\/7105\/revisions"}],"predecessor-version":[{"id":12903,"href":"http:\/\/akmi.lt\/en\/wp-json\/wp\/v2\/pages\/7105\/revisions\/12903"}],"up":[{"embeddable":true,"href":"http:\/\/akmi.lt\/en\/wp-json\/wp\/v2\/pages\/6916"}],"wp:featuredmedia":[{"embeddable":true,"href":"http:\/\/akmi.lt\/en\/wp-json\/wp\/v2\/media\/7107"}],"wp:attachment":[{"href":"http:\/\/akmi.lt\/en\/wp-json\/wp\/v2\/media?parent=7105"}],"curies":[{"name":"wp","href":"https:\/\/api.w.org\/{rel}","templated":true}]}}