{"id":7034,"date":"2023-03-19T17:53:41","date_gmt":"2023-03-19T17:53:41","guid":{"rendered":"http:\/\/akmi.lt\/?page_id=7034"},"modified":"2023-10-11T09:04:16","modified_gmt":"2023-10-11T09:04:16","slug":"church-of-the-unknown","status":"publish","type":"page","link":"http:\/\/akmi.lt\/en\/atlikti-darbai\/paminklai\/ignoto-baznycia\/","title":{"rendered":"St. Ignatius Church"},"content":{"rendered":"<div class=\"vc_row wpb_row vc_row-fluid\" ><div class=\"wpb_column vc_column_container vc_col-sm-12\"><div class=\"vc_column-inner\"><div class=\"wpb_wrapper\"><div class=\"vc_row wpb_row vc_inner vc_row-fluid\" ><div class=\"image-box wpb_column vc_column_container vc_col-sm-7 vc_col-xs-12\"><div class=\"vc_column-inner\"><div class=\"wpb_wrapper\"><div class=\"edgtf-single-image-holder  edgtf-has-shadow\">\n    <div class=\"edgtf-si-inner\" >\n                                    <img decoding=\"async\" width=\"1024\" height=\"681\" data-src=\"http:\/\/akmi.lt\/wp-content\/uploads\/2023\/03\/Sakraliniu-elementu-apdaila-is-akmens-1.jpg\" class=\"attachment-full size-full lazyload\" alt=\"Altar made of stone\" data-srcset=\"http:\/\/akmi.lt\/wp-content\/uploads\/2023\/03\/Sakraliniu-elementu-apdaila-is-akmens-1.jpg 1024w, http:\/\/akmi.lt\/wp-content\/uploads\/2023\/03\/Sakraliniu-elementu-apdaila-is-akmens-1-300x200.jpg 300w, http:\/\/akmi.lt\/wp-content\/uploads\/2023\/03\/Sakraliniu-elementu-apdaila-is-akmens-1-768x511.jpg 768w, http:\/\/akmi.lt\/wp-content\/uploads\/2023\/03\/Sakraliniu-elementu-apdaila-is-akmens-1-600x399.jpg 600w\" data-sizes=\"(max-width: 1024px) 100vw, 1024px\" src=\"data:image\/gif;base64,R0lGODlhAQABAAAAACH5BAEKAAEALAAAAAABAAEAAAICTAEAOw==\" style=\"--smush-placeholder-width: 1024px; --smush-placeholder-aspect-ratio: 1024\/681;\" \/>                        <\/div>\n<\/div><div class=\"edgtf-single-image-holder  edgtf-has-shadow\">\n    <div class=\"edgtf-si-inner\" >\n                                    <img decoding=\"async\" width=\"681\" height=\"1024\" data-src=\"http:\/\/akmi.lt\/wp-content\/uploads\/2023\/03\/Sakraliniu-elementu-apdaila-is-akmens-2.jpg\" class=\"attachment-full size-full lazyload\" alt=\"Sacred elements made of marble\" data-srcset=\"http:\/\/akmi.lt\/wp-content\/uploads\/2023\/03\/Sakraliniu-elementu-apdaila-is-akmens-2.jpg 681w, http:\/\/akmi.lt\/wp-content\/uploads\/2023\/03\/Sakraliniu-elementu-apdaila-is-akmens-2-200x300.jpg 200w, http:\/\/akmi.lt\/wp-content\/uploads\/2023\/03\/Sakraliniu-elementu-apdaila-is-akmens-2-600x902.jpg 600w\" data-sizes=\"(max-width: 681px) 100vw, 681px\" src=\"data:image\/gif;base64,R0lGODlhAQABAAAAACH5BAEKAAEALAAAAAABAAEAAAICTAEAOw==\" style=\"--smush-placeholder-width: 681px; --smush-placeholder-aspect-ratio: 681\/1024;\" \/>                        <\/div>\n<\/div><div class=\"edgtf-single-image-holder  edgtf-has-shadow\">\n    <div class=\"edgtf-si-inner\" >\n                                    <img decoding=\"async\" width=\"851\" height=\"681\" data-src=\"http:\/\/akmi.lt\/wp-content\/uploads\/2023\/03\/Sakraliniu-elementu-apdaila-is-akmens-3.jpg\" class=\"attachment-full size-full lazyload\" alt=\"Altar decoration made of natural stone\" data-srcset=\"http:\/\/akmi.lt\/wp-content\/uploads\/2023\/03\/Sakraliniu-elementu-apdaila-is-akmens-3.jpg 851w, http:\/\/akmi.lt\/wp-content\/uploads\/2023\/03\/Sakraliniu-elementu-apdaila-is-akmens-3-300x240.jpg 300w, http:\/\/akmi.lt\/wp-content\/uploads\/2023\/03\/Sakraliniu-elementu-apdaila-is-akmens-3-768x615.jpg 768w, http:\/\/akmi.lt\/wp-content\/uploads\/2023\/03\/Sakraliniu-elementu-apdaila-is-akmens-3-600x480.jpg 600w\" data-sizes=\"(max-width: 851px) 100vw, 851px\" src=\"data:image\/gif;base64,R0lGODlhAQABAAAAACH5BAEKAAEALAAAAAABAAEAAAICTAEAOw==\" style=\"--smush-placeholder-width: 851px; --smush-placeholder-aspect-ratio: 851\/681;\" \/>                        <\/div>\n<\/div><div class=\"edgtf-single-image-holder  edgtf-has-shadow\">\n    <div class=\"edgtf-si-inner\" >\n                                    <img decoding=\"async\" width=\"1024\" height=\"665\" data-src=\"http:\/\/akmi.lt\/wp-content\/uploads\/2023\/03\/Sakraliniu-elementu-apdaila-is-akmens-4.jpg\" class=\"attachment-full size-full lazyload\" alt=\"Marble altar\" data-srcset=\"http:\/\/akmi.lt\/wp-content\/uploads\/2023\/03\/Sakraliniu-elementu-apdaila-is-akmens-4.jpg 1024w, http:\/\/akmi.lt\/wp-content\/uploads\/2023\/03\/Sakraliniu-elementu-apdaila-is-akmens-4-300x195.jpg 300w, http:\/\/akmi.lt\/wp-content\/uploads\/2023\/03\/Sakraliniu-elementu-apdaila-is-akmens-4-768x499.jpg 768w, http:\/\/akmi.lt\/wp-content\/uploads\/2023\/03\/Sakraliniu-elementu-apdaila-is-akmens-4-600x390.jpg 600w\" data-sizes=\"(max-width: 1024px) 100vw, 1024px\" src=\"data:image\/gif;base64,R0lGODlhAQABAAAAACH5BAEKAAEALAAAAAABAAEAAAICTAEAOw==\" style=\"--smush-placeholder-width: 1024px; --smush-placeholder-aspect-ratio: 1024\/665;\" \/>                        <\/div>\n<\/div><div class=\"edgtf-single-image-holder  edgtf-has-shadow\">\n    <div class=\"edgtf-si-inner\" >\n                                    <img decoding=\"async\" width=\"681\" height=\"1024\" data-src=\"http:\/\/akmi.lt\/wp-content\/uploads\/2023\/03\/Sakraliniu-elementu-apdaila-is-akmens-5.jpg\" class=\"attachment-full size-full lazyload\" alt=\"Pulpit made of stone\" data-srcset=\"http:\/\/akmi.lt\/wp-content\/uploads\/2023\/03\/Sakraliniu-elementu-apdaila-is-akmens-5.jpg 681w, http:\/\/akmi.lt\/wp-content\/uploads\/2023\/03\/Sakraliniu-elementu-apdaila-is-akmens-5-200x300.jpg 200w, http:\/\/akmi.lt\/wp-content\/uploads\/2023\/03\/Sakraliniu-elementu-apdaila-is-akmens-5-600x902.jpg 600w\" data-sizes=\"(max-width: 681px) 100vw, 681px\" src=\"data:image\/gif;base64,R0lGODlhAQABAAAAACH5BAEKAAEALAAAAAABAAEAAAICTAEAOw==\" style=\"--smush-placeholder-width: 681px; --smush-placeholder-aspect-ratio: 681\/1024;\" \/>                        <\/div>\n<\/div><\/div><\/div><\/div><div class=\"text-box wpb_column vc_column_container vc_col-sm-5 vc_col-xs-12\"><div class=\"vc_column-inner\"><div class=\"wpb_wrapper\"><div class=\"edgtf-section-title-holder title-box-margin edgtf-st-standard  edgtf-st-position-left edgtf-appear-fx\" >\n\t\t<div class=\"edgtf-st-inner\">\n                    <div class=\"edgtf-st-title-holder\">\n                <h3 class=\"edgtf-st-title\" >\n                    DESCRIPTION                <\/h3>\n            <\/div>\n\t\t\t\t            <div class=\"edgtf-st-text-holder\">\n    \t\t\t<p class=\"edgtf-st-text\" >\n    \t\t\t\tThe most commonly used material for sacred elements in churches is natural stone. This material is unpretentious, natural, and timeless. In cooperation with architects, artists, and designers, we design and manufacture the most important church decoration elements at the AKMI factory: altar decoration, pulpit, pulpit. We manufacture and install floor and staircase decoration in the church, wall decoration elements, sculptures, and monuments. We cooperate with artists and sculptors recognized in Lithuania and around the world.    \t\t\t<\/p>\n            <\/div>\n\t\t\t<\/div>\n    <\/div><div class=\"edgtf-section-title-holder inline-title edgtf-st-standard  edgtf-st-position-left edgtf-appear-fx\" >\n\t\t<div class=\"edgtf-st-inner\">\n                    <div class=\"edgtf-st-title-holder\">\n                <h3 class=\"edgtf-st-title\" >\n                    PROJECT NAME:                <\/h3>\n            <\/div>\n\t\t\t\t            <div class=\"edgtf-st-text-holder\">\n    \t\t\t<p class=\"edgtf-st-text\" >\n    \t\t\t\tSt. Ignatius Church    \t\t\t<\/p>\n            <\/div>\n\t\t\t<\/div>\n    <\/div><div class=\"vc_empty_space\"   style=\"height: 30px\"><span class=\"vc_empty_space_inner\"><\/span><\/div><div class=\"vc_separator wpb_content_element vc_separator_align_center vc_sep_width_100 vc_sep_pos_align_center vc_separator_no_text vc_sep_color_grey\" ><span class=\"vc_sep_holder vc_sep_holder_l\"><span  class=\"vc_sep_line\"><\/span><\/span><span class=\"vc_sep_holder vc_sep_holder_r\"><span  class=\"vc_sep_line\"><\/span><\/span>\n<\/div><div class=\"edgtf-link-section-holder edgtf-appear-fx\">\n    <div class=\"edgtf-link-section-title-holder\">\n        <h2 class=\"edgtf-link-section-title\" >\n    \t\tSTONE:        <\/h2>\n    <\/div>\n            <div class=\"edgtf-single-link-section-holder\">\n                            <a href=\"\/en\/stone\/travertine\/\" class=\"edgtf-link-section\" >\n                    <div class=\"edgtf-single-link-title-holder\">\n                        <h5 class=\"edgtf-single-link-title\" >\n                            travertine                        <\/h5>\n                    <\/div>\n                <\/a>\n                    <\/div>\n    <\/div><div class=\"vc_separator wpb_content_element vc_separator_align_center vc_sep_width_100 vc_sep_pos_align_center vc_separator_no_text vc_sep_color_grey\" ><span class=\"vc_sep_holder vc_sep_holder_l\"><span  class=\"vc_sep_line\"><\/span><\/span><span class=\"vc_sep_holder vc_sep_holder_r\"><span  class=\"vc_sep_line\"><\/span><\/span>\n<\/div><div class=\"edgtf-link-section-holder edgtf-appear-fx\">\n    <div class=\"edgtf-link-section-title-holder\">\n        <h2 class=\"edgtf-link-section-title\" >\n    \t\tSERVICE:        <\/h2>\n    <\/div>\n            <div class=\"edgtf-single-link-section-holder\">\n                            <a href=\"\/en\/stone-processing\/stone-raw-material-supply\/\" class=\"edgtf-link-section\" >\n                    <div class=\"edgtf-single-link-title-holder\">\n                        <h5 class=\"edgtf-single-link-title\" >\n                            supply                        <\/h5>\n                    <\/div>\n                <\/a>\n                    <\/div>\n            <div class=\"edgtf-single-link-section-holder\">\n                            <a href=\"\/en\/services\/stone-processing\/\" class=\"edgtf-link-section\" >\n                    <div class=\"edgtf-single-link-title-holder\">\n                        <h5 class=\"edgtf-single-link-title\" >\n                            production                        <\/h5>\n                    <\/div>\n                <\/a>\n                    <\/div>\n            <div class=\"edgtf-single-link-section-holder\">\n                            <a href=\"\/en\/services\/stone-installation\/\" class=\"edgtf-link-section\" >\n                    <div class=\"edgtf-single-link-title-holder\">\n                        <h5 class=\"edgtf-single-link-title\" >\n                            installation                        <\/h5>\n                    <\/div>\n                <\/a>\n                    <\/div>\n    <\/div><div class=\"vc_separator wpb_content_element vc_separator_align_center vc_sep_width_100 vc_sep_pos_align_center vc_separator_no_text vc_sep_color_grey\" ><span class=\"vc_sep_holder vc_sep_holder_l\"><span  class=\"vc_sep_line\"><\/span><\/span><span class=\"vc_sep_holder vc_sep_holder_r\"><span  class=\"vc_sep_line\"><\/span><\/span>\n<\/div><div class=\"edgtf-link-section-holder edgtf-appear-fx\">\n    <div class=\"edgtf-link-section-title-holder\">\n        <h2 class=\"edgtf-link-section-title\" >\n    \t\tPRODUCTS:        <\/h2>\n    <\/div>\n            <div class=\"edgtf-single-link-section-holder\">\n                            <a href=\"\/en\/products\/countertops\/\" class=\"edgtf-link-section\" >\n                    <div class=\"edgtf-single-link-title-holder\">\n                        <h5 class=\"edgtf-single-link-title\" >\n                            countertops                        <\/h5>\n                    <\/div>\n                <\/a>\n                    <\/div>\n            <div class=\"edgtf-single-link-section-holder\">\n                            <a href=\"\/en\/products\/furniture-decoration\/\" class=\"edgtf-link-section\" >\n                    <div class=\"edgtf-single-link-title-holder\">\n                        <h5 class=\"edgtf-single-link-title\" >\n                            furniture finishing                        <\/h5>\n                    <\/div>\n                <\/a>\n                    <\/div>\n            <div class=\"edgtf-single-link-section-holder\">\n                            <a href=\"\/en\/products\/wall-decoration\/\" class=\"edgtf-link-section\" >\n                    <div class=\"edgtf-single-link-title-holder\">\n                        <h5 class=\"edgtf-single-link-title\" >\n                            walls                        <\/h5>\n                    <\/div>\n                <\/a>\n                    <\/div>\n    <\/div><\/div><\/div><\/div><\/div><\/div><\/div><\/div><\/div>","protected":false},"excerpt":{"rendered":"APRA\u0160AS Da\u017eniausiai naudojama med\u017eiaga sakraliems elementams ba\u017eny\u010diose - nat\u016bralus akmuo. \u0160i med\u017eiaga nepretenzinga, nat\u016brali, nepavaldi laikui. Bendradarbiaudami su architektais, menininkais ir dizaineriais projektuojame ir AKMI gamykloje gaminami svarbiausi ba\u017eny\u010di\u0173 apdailos elementai: altoriaus apdaila, ambona, sakykla. Gaminame ir montuojame grind\u0173, laipt\u0173 [...]","protected":false},"author":2,"featured_media":7036,"parent":6916,"menu_order":0,"comment_status":"closed","ping_status":"closed","template":"","meta":{"footnotes":""},"class_list":["post-7034","page","type-page","status-publish","has-post-thumbnail","hentry"],"yoast_head":"<!-- This site is optimized with the Yoast SEO plugin v24.0 - https:\/\/yoast.com\/wordpress\/plugins\/seo\/ -->\n<title>\u0160v. Ignoto ba\u017eny\u010dia - Akmi<\/title>\n<meta name=\"description\" content=\"Da\u017eniausiai naudojama med\u017eiaga sakraliems elementams ba\u017eny\u010diose - nat\u016bralus akmuo. \u0160i med\u017eiaga nepretenzinga, nat\u016brali, nepavaldi laikui. Bendradarbiaudami su architektais, menininkais ir dizaineriais projektuojame ir AKMI gamykloje gaminami svarbiausi ba\u017eny\u010di\u0173 apdailos elementai: altoriaus apdaila, ambona, sakykla. Gaminame ir montuojame grind\u0173, laipt\u0173 apdail\u0105 ba\u017eny\u010dioje, sien\u0173 apdailos elementus, skulpt\u016bras, paminklus. Bendradarbiaujame su Lietuvoje ir pasaulyje pripa\u017eintais menininkais, skulptoriais.\" \/>\n<meta name=\"robots\" content=\"index, follow, max-snippet:-1, max-image-preview:large, max-video-preview:-1\" \/>\n<link rel=\"canonical\" href=\"http:\/\/akmi.lt\/en\/works-carried-out\/monuments\/church-of-the-unknown\/\" \/>\n<meta property=\"og:locale\" content=\"en_US\" \/>\n<meta property=\"og:type\" content=\"article\" \/>\n<meta property=\"og:title\" content=\"\u0160v. Ignoto ba\u017eny\u010dia - Akmi\" \/>\n<meta property=\"og:description\" content=\"Da\u017eniausiai naudojama med\u017eiaga sakraliems elementams ba\u017eny\u010diose - nat\u016bralus akmuo. \u0160i med\u017eiaga nepretenzinga, nat\u016brali, nepavaldi laikui. Bendradarbiaudami su architektais, menininkais ir dizaineriais projektuojame ir AKMI gamykloje gaminami svarbiausi ba\u017eny\u010di\u0173 apdailos elementai: altoriaus apdaila, ambona, sakykla. Gaminame ir montuojame grind\u0173, laipt\u0173 apdail\u0105 ba\u017eny\u010dioje, sien\u0173 apdailos elementus, skulpt\u016bras, paminklus. Bendradarbiaujame su Lietuvoje ir pasaulyje pripa\u017eintais menininkais, skulptoriais.\" \/>\n<meta property=\"og:url\" content=\"http:\/\/akmi.lt\/en\/works-carried-out\/monuments\/church-of-the-unknown\/\" \/>\n<meta property=\"og:site_name\" content=\"Akmi\" \/>\n<meta property=\"article:modified_time\" content=\"2023-10-11T09:04:16+00:00\" \/>\n<meta property=\"og:image\" content=\"http:\/\/akmi.lt\/wp-content\/uploads\/2023\/03\/Sakraliniu-elementu-apdaila-is-akmens-1.jpg\" \/>\n\t<meta property=\"og:image:width\" content=\"1024\" \/>\n\t<meta property=\"og:image:height\" content=\"681\" \/>\n\t<meta property=\"og:image:type\" content=\"image\/jpeg\" \/>\n<meta name=\"twitter:card\" content=\"summary_large_image\" \/>\n<meta name=\"twitter:label1\" content=\"Est. reading time\" \/>\n\t<meta name=\"twitter:data1\" content=\"1 minute\" \/>\n<script type=\"application\/ld+json\" class=\"yoast-schema-graph\">{\"@context\":\"https:\/\/schema.org\",\"@graph\":[{\"@type\":\"WebPage\",\"@id\":\"http:\/\/akmi.lt\/en\/works-carried-out\/monuments\/church-of-the-unknown\/\",\"url\":\"http:\/\/akmi.lt\/en\/works-carried-out\/monuments\/church-of-the-unknown\/\",\"name\":\"\u0160v. Ignoto ba\u017eny\u010dia - Akmi\",\"isPartOf\":{\"@id\":\"http:\/\/akmi.lt\/en\/#website\"},\"primaryImageOfPage\":{\"@id\":\"http:\/\/akmi.lt\/en\/works-carried-out\/monuments\/church-of-the-unknown\/#primaryimage\"},\"image\":{\"@id\":\"http:\/\/akmi.lt\/en\/works-carried-out\/monuments\/church-of-the-unknown\/#primaryimage\"},\"thumbnailUrl\":\"http:\/\/akmi.lt\/wp-content\/uploads\/2023\/03\/Sakraliniu-elementu-apdaila-is-akmens-1.jpg\",\"datePublished\":\"2023-03-19T17:53:41+00:00\",\"dateModified\":\"2023-10-11T09:04:16+00:00\",\"description\":\"Da\u017eniausiai naudojama med\u017eiaga sakraliems elementams ba\u017eny\u010diose - nat\u016bralus akmuo. \u0160i med\u017eiaga nepretenzinga, nat\u016brali, nepavaldi laikui. Bendradarbiaudami su architektais, menininkais ir dizaineriais projektuojame ir AKMI gamykloje gaminami svarbiausi ba\u017eny\u010di\u0173 apdailos elementai: altoriaus apdaila, ambona, sakykla. Gaminame ir montuojame grind\u0173, laipt\u0173 apdail\u0105 ba\u017eny\u010dioje, sien\u0173 apdailos elementus, skulpt\u016bras, paminklus. Bendradarbiaujame su Lietuvoje ir pasaulyje pripa\u017eintais menininkais, skulptoriais.\",\"breadcrumb\":{\"@id\":\"http:\/\/akmi.lt\/en\/works-carried-out\/monuments\/church-of-the-unknown\/#breadcrumb\"},\"inLanguage\":\"en-US\",\"potentialAction\":[{\"@type\":\"ReadAction\",\"target\":[\"http:\/\/akmi.lt\/en\/works-carried-out\/monuments\/church-of-the-unknown\/\"]}]},{\"@type\":\"ImageObject\",\"inLanguage\":\"en-US\",\"@id\":\"http:\/\/akmi.lt\/en\/works-carried-out\/monuments\/church-of-the-unknown\/#primaryimage\",\"url\":\"http:\/\/akmi.lt\/wp-content\/uploads\/2023\/03\/Sakraliniu-elementu-apdaila-is-akmens-1.jpg\",\"contentUrl\":\"http:\/\/akmi.lt\/wp-content\/uploads\/2023\/03\/Sakraliniu-elementu-apdaila-is-akmens-1.jpg\",\"width\":1024,\"height\":681,\"caption\":\"Altorius i\u0161 akmens\"},{\"@type\":\"BreadcrumbList\",\"@id\":\"http:\/\/akmi.lt\/en\/works-carried-out\/monuments\/church-of-the-unknown\/#breadcrumb\",\"itemListElement\":[{\"@type\":\"ListItem\",\"position\":1,\"name\":\"Pagrindinis\",\"item\":\"http:\/\/akmi.lt\/en\/\"},{\"@type\":\"ListItem\",\"position\":2,\"name\":\"Projektai\",\"item\":\"http:\/\/akmi.lt\/en\/works-carried-out\/\"},{\"@type\":\"ListItem\",\"position\":3,\"name\":\"Paminklai\",\"item\":\"http:\/\/akmi.lt\/en\/works-carried-out\/monuments\/\"},{\"@type\":\"ListItem\",\"position\":4,\"name\":\"\u0160v. Ignoto ba\u017eny\u010dia\"}]},{\"@type\":\"WebSite\",\"@id\":\"http:\/\/akmi.lt\/en\/#website\",\"url\":\"http:\/\/akmi.lt\/en\/\",\"name\":\"Akmi\",\"description\":\"\",\"potentialAction\":[{\"@type\":\"SearchAction\",\"target\":{\"@type\":\"EntryPoint\",\"urlTemplate\":\"http:\/\/akmi.lt\/en\/?s={search_term_string}\"},\"query-input\":{\"@type\":\"PropertyValueSpecification\",\"valueRequired\":true,\"valueName\":\"search_term_string\"}}],\"inLanguage\":\"en-US\"}]}<\/script>\n<!-- \/ Yoast SEO plugin. -->","yoast_head_json":{"title":"St. Ignatius Church - Akmi","description":"The most commonly used material for sacred elements in churches is natural stone. This material is unpretentious, natural, and timeless. In cooperation with architects, artists, and designers, we design and manufacture the most important church decoration elements at the AKMI factory: altar decoration, pulpit, pulpit. We manufacture and install floor and staircase decoration in the church, wall decoration elements, sculptures, and monuments. We cooperate with artists and sculptors recognized in Lithuania and around the world.","robots":{"index":"index","follow":"follow","max-snippet":"max-snippet:-1","max-image-preview":"max-image-preview:large","max-video-preview":"max-video-preview:-1"},"canonical":"http:\/\/akmi.lt\/en\/works-carried-out\/monuments\/church-of-the-unknown\/","og_locale":"en_US","og_type":"article","og_title":"\u0160v. Ignoto ba\u017eny\u010dia - Akmi","og_description":"Da\u017eniausiai naudojama med\u017eiaga sakraliems elementams ba\u017eny\u010diose - nat\u016bralus akmuo. \u0160i med\u017eiaga nepretenzinga, nat\u016brali, nepavaldi laikui. Bendradarbiaudami su architektais, menininkais ir dizaineriais projektuojame ir AKMI gamykloje gaminami svarbiausi ba\u017eny\u010di\u0173 apdailos elementai: altoriaus apdaila, ambona, sakykla. Gaminame ir montuojame grind\u0173, laipt\u0173 apdail\u0105 ba\u017eny\u010dioje, sien\u0173 apdailos elementus, skulpt\u016bras, paminklus. Bendradarbiaujame su Lietuvoje ir pasaulyje pripa\u017eintais menininkais, skulptoriais.","og_url":"http:\/\/akmi.lt\/en\/works-carried-out\/monuments\/church-of-the-unknown\/","og_site_name":"Akmi","article_modified_time":"2023-10-11T09:04:16+00:00","og_image":[{"width":1024,"height":681,"url":"http:\/\/akmi.lt\/wp-content\/uploads\/2023\/03\/Sakraliniu-elementu-apdaila-is-akmens-1.jpg","type":"image\/jpeg"}],"twitter_card":"summary_large_image","twitter_misc":{"Est. reading time":"1 minute"},"schema":{"@context":"https:\/\/schema.org","@graph":[{"@type":"WebPage","@id":"http:\/\/akmi.lt\/en\/works-carried-out\/monuments\/church-of-the-unknown\/","url":"http:\/\/akmi.lt\/en\/works-carried-out\/monuments\/church-of-the-unknown\/","name":"St. Ignatius Church - Akmi","isPartOf":{"@id":"http:\/\/akmi.lt\/en\/#website"},"primaryImageOfPage":{"@id":"http:\/\/akmi.lt\/en\/works-carried-out\/monuments\/church-of-the-unknown\/#primaryimage"},"image":{"@id":"http:\/\/akmi.lt\/en\/works-carried-out\/monuments\/church-of-the-unknown\/#primaryimage"},"thumbnailUrl":"http:\/\/akmi.lt\/wp-content\/uploads\/2023\/03\/Sakraliniu-elementu-apdaila-is-akmens-1.jpg","datePublished":"2023-03-19T17:53:41+00:00","dateModified":"2023-10-11T09:04:16+00:00","description":"The most commonly used material for sacred elements in churches is natural stone. This material is unpretentious, natural, and timeless. In cooperation with architects, artists, and designers, we design and manufacture the most important church decoration elements at the AKMI factory: altar decoration, pulpit, pulpit. We manufacture and install floor and staircase decoration in the church, wall decoration elements, sculptures, and monuments. We cooperate with artists and sculptors recognized in Lithuania and around the world.","breadcrumb":{"@id":"http:\/\/akmi.lt\/en\/works-carried-out\/monuments\/church-of-the-unknown\/#breadcrumb"},"inLanguage":"en-US","potentialAction":[{"@type":"ReadAction","target":["http:\/\/akmi.lt\/en\/works-carried-out\/monuments\/church-of-the-unknown\/"]}]},{"@type":"ImageObject","inLanguage":"en-US","@id":"http:\/\/akmi.lt\/en\/works-carried-out\/monuments\/church-of-the-unknown\/#primaryimage","url":"http:\/\/akmi.lt\/wp-content\/uploads\/2023\/03\/Sakraliniu-elementu-apdaila-is-akmens-1.jpg","contentUrl":"http:\/\/akmi.lt\/wp-content\/uploads\/2023\/03\/Sakraliniu-elementu-apdaila-is-akmens-1.jpg","width":1024,"height":681,"caption":"Altorius i\u0161 akmens"},{"@type":"BreadcrumbList","@id":"http:\/\/akmi.lt\/en\/works-carried-out\/monuments\/church-of-the-unknown\/#breadcrumb","itemListElement":[{"@type":"ListItem","position":1,"name":"Pagrindinis","item":"http:\/\/akmi.lt\/en\/"},{"@type":"ListItem","position":2,"name":"Projektai","item":"http:\/\/akmi.lt\/en\/works-carried-out\/"},{"@type":"ListItem","position":3,"name":"Paminklai","item":"http:\/\/akmi.lt\/en\/works-carried-out\/monuments\/"},{"@type":"ListItem","position":4,"name":"\u0160v. Ignoto ba\u017eny\u010dia"}]},{"@type":"WebSite","@id":"http:\/\/akmi.lt\/en\/#website","url":"http:\/\/akmi.lt\/en\/","name":"Stone","description":"","potentialAction":[{"@type":"SearchAction","target":{"@type":"EntryPoint","urlTemplate":"http:\/\/akmi.lt\/en\/?s={search_term_string}"},"query-input":{"@type":"PropertyValueSpecification","valueRequired":true,"valueName":"search_term_string"}}],"inLanguage":"en-US"}]}},"_links":{"self":[{"href":"http:\/\/akmi.lt\/en\/wp-json\/wp\/v2\/pages\/7034","targetHints":{"allow":["GET"]}}],"collection":[{"href":"http:\/\/akmi.lt\/en\/wp-json\/wp\/v2\/pages"}],"about":[{"href":"http:\/\/akmi.lt\/en\/wp-json\/wp\/v2\/types\/page"}],"author":[{"embeddable":true,"href":"http:\/\/akmi.lt\/en\/wp-json\/wp\/v2\/users\/2"}],"replies":[{"embeddable":true,"href":"http:\/\/akmi.lt\/en\/wp-json\/wp\/v2\/comments?post=7034"}],"version-history":[{"count":7,"href":"http:\/\/akmi.lt\/en\/wp-json\/wp\/v2\/pages\/7034\/revisions"}],"predecessor-version":[{"id":12890,"href":"http:\/\/akmi.lt\/en\/wp-json\/wp\/v2\/pages\/7034\/revisions\/12890"}],"up":[{"embeddable":true,"href":"http:\/\/akmi.lt\/en\/wp-json\/wp\/v2\/pages\/6916"}],"wp:featuredmedia":[{"embeddable":true,"href":"http:\/\/akmi.lt\/en\/wp-json\/wp\/v2\/media\/7036"}],"wp:attachment":[{"href":"http:\/\/akmi.lt\/en\/wp-json\/wp\/v2\/media?parent=7034"}],"curies":[{"name":"wp","href":"https:\/\/api.w.org\/{rel}","templated":true}]}}