{"id":7016,"date":"2023-03-19T17:03:22","date_gmt":"2023-03-19T17:03:22","guid":{"rendered":"http:\/\/akmi.lt\/?page_id=7016"},"modified":"2023-10-11T08:18:23","modified_gmt":"2023-10-11T08:18:23","slug":"private-boat-adelaide","status":"publish","type":"page","link":"http:\/\/akmi.lt\/en\/atlikti-darbai\/laivai\/privatus-laivas-adelide\/","title":{"rendered":"Private boat in Adelaide"},"content":{"rendered":"<div class=\"vc_row wpb_row vc_row-fluid\" ><div class=\"wpb_column vc_column_container vc_col-sm-12\"><div class=\"vc_column-inner\"><div class=\"wpb_wrapper\"><div class=\"vc_row wpb_row vc_inner vc_row-fluid\" ><div class=\"image-box wpb_column vc_column_container vc_col-sm-7 vc_col-xs-12\"><div class=\"vc_column-inner\"><div class=\"wpb_wrapper\"><div class=\"edgtf-single-image-holder  edgtf-has-shadow\">\n    <div class=\"edgtf-si-inner\" >\n                                    <img decoding=\"async\" width=\"1200\" height=\"1600\" data-src=\"http:\/\/akmi.lt\/wp-content\/uploads\/2023\/03\/Private-boat-1.jpg\" class=\"attachment-full size-full lazyload\" alt=\"Lightweight stone washbasin\" data-srcset=\"http:\/\/akmi.lt\/wp-content\/uploads\/2023\/03\/Private-boat-1.jpg 1200w, http:\/\/akmi.lt\/wp-content\/uploads\/2023\/03\/Private-boat-1-225x300.jpg 225w, http:\/\/akmi.lt\/wp-content\/uploads\/2023\/03\/Private-boat-1-768x1024.jpg 768w, http:\/\/akmi.lt\/wp-content\/uploads\/2023\/03\/Private-boat-1-1152x1536.jpg 1152w, http:\/\/akmi.lt\/wp-content\/uploads\/2023\/03\/Private-boat-1-600x800.jpg 600w\" data-sizes=\"(max-width: 1200px) 100vw, 1200px\" src=\"data:image\/gif;base64,R0lGODlhAQABAAAAACH5BAEKAAEALAAAAAABAAEAAAICTAEAOw==\" style=\"--smush-placeholder-width: 1200px; --smush-placeholder-aspect-ratio: 1200\/1600;\" \/>                        <\/div>\n<\/div><div class=\"edgtf-single-image-holder  edgtf-has-shadow\">\n    <div class=\"edgtf-si-inner\" >\n                                    <img decoding=\"async\" width=\"1200\" height=\"1600\" data-src=\"http:\/\/akmi.lt\/wp-content\/uploads\/2023\/03\/Private-boat-2.jpg\" class=\"attachment-full size-full lazyload\" alt=\"Lightweight stone washbasin\" data-srcset=\"http:\/\/akmi.lt\/wp-content\/uploads\/2023\/03\/Private-boat-2.jpg 1200w, http:\/\/akmi.lt\/wp-content\/uploads\/2023\/03\/Private-boat-2-225x300.jpg 225w, http:\/\/akmi.lt\/wp-content\/uploads\/2023\/03\/Private-boat-2-768x1024.jpg 768w, http:\/\/akmi.lt\/wp-content\/uploads\/2023\/03\/Private-boat-2-1152x1536.jpg 1152w, http:\/\/akmi.lt\/wp-content\/uploads\/2023\/03\/Private-boat-2-600x800.jpg 600w\" data-sizes=\"(max-width: 1200px) 100vw, 1200px\" src=\"data:image\/gif;base64,R0lGODlhAQABAAAAACH5BAEKAAEALAAAAAABAAEAAAICTAEAOw==\" style=\"--smush-placeholder-width: 1200px; --smush-placeholder-aspect-ratio: 1200\/1600;\" \/>                        <\/div>\n<\/div><div class=\"edgtf-single-image-holder  edgtf-has-shadow\">\n    <div class=\"edgtf-si-inner\" >\n                                    <img decoding=\"async\" width=\"900\" height=\"1200\" data-src=\"http:\/\/akmi.lt\/wp-content\/uploads\/2023\/03\/Private-boat-6.jpg\" class=\"attachment-full size-full lazyload\" alt=\"Bathroom decoration made of stone is lightened\" data-srcset=\"http:\/\/akmi.lt\/wp-content\/uploads\/2023\/03\/Private-boat-6.jpg 900w, http:\/\/akmi.lt\/wp-content\/uploads\/2023\/03\/Private-boat-6-225x300.jpg 225w, http:\/\/akmi.lt\/wp-content\/uploads\/2023\/03\/Private-boat-6-768x1024.jpg 768w, http:\/\/akmi.lt\/wp-content\/uploads\/2023\/03\/Private-boat-6-600x800.jpg 600w\" data-sizes=\"(max-width: 900px) 100vw, 900px\" src=\"data:image\/gif;base64,R0lGODlhAQABAAAAACH5BAEKAAEALAAAAAABAAEAAAICTAEAOw==\" style=\"--smush-placeholder-width: 900px; --smush-placeholder-aspect-ratio: 900\/1200;\" \/>                        <\/div>\n<\/div><div class=\"edgtf-single-image-holder  edgtf-has-shadow\">\n    <div class=\"edgtf-si-inner\" >\n                                    <img decoding=\"async\" width=\"2560\" height=\"2267\" data-src=\"http:\/\/akmi.lt\/wp-content\/uploads\/2023\/03\/Private-boat-4-scaled.jpg\" class=\"attachment-full size-full lazyload\" alt=\"Stone decoration on ships\" data-srcset=\"http:\/\/akmi.lt\/wp-content\/uploads\/2023\/03\/Private-boat-4-scaled.jpg 2560w, http:\/\/akmi.lt\/wp-content\/uploads\/2023\/03\/Private-boat-4-300x266.jpg 300w, http:\/\/akmi.lt\/wp-content\/uploads\/2023\/03\/Private-boat-4-1024x907.jpg 1024w, http:\/\/akmi.lt\/wp-content\/uploads\/2023\/03\/Private-boat-4-768x680.jpg 768w, http:\/\/akmi.lt\/wp-content\/uploads\/2023\/03\/Private-boat-4-1536x1360.jpg 1536w, http:\/\/akmi.lt\/wp-content\/uploads\/2023\/03\/Private-boat-4-600x531.jpg 600w\" data-sizes=\"(max-width: 2560px) 100vw, 2560px\" src=\"data:image\/gif;base64,R0lGODlhAQABAAAAACH5BAEKAAEALAAAAAABAAEAAAICTAEAOw==\" style=\"--smush-placeholder-width: 2560px; --smush-placeholder-aspect-ratio: 2560\/2267;\" \/>                        <\/div>\n<\/div><\/div><\/div><\/div><div class=\"text-box wpb_column vc_column_container vc_col-sm-5 vc_col-xs-12\"><div class=\"vc_column-inner\"><div class=\"wpb_wrapper\"><div class=\"edgtf-section-title-holder title-box-margin edgtf-st-standard  edgtf-st-position-left edgtf-appear-fx\" >\n\t\t<div class=\"edgtf-st-inner\">\n                    <div class=\"edgtf-st-title-holder\">\n                <h3 class=\"edgtf-st-title\" >\n                    Description                <\/h3>\n            <\/div>\n\t\t\t\t            <div class=\"edgtf-st-text-holder\">\n    \t\t\t<p class=\"edgtf-st-text\" >\n    \t\t\t\tOne of the most commonly used stone finishing technologies in the shipbuilding industry is the lightening of stone using aluminum honeycomb panels. Using them, products are lightened without losing the strength and durability of the product. Weight is extremely important in the shipbuilding industry - the investment quickly pays off in lower fuel costs.<br \/>\nOne of the main stages in ship finishing work is preparation and coordination. After precisely coordinating the planned work, assessing the risks and making decisions, the work is carried out according to the planned plan. After the products are safely packed, the boxes are marked according to the agreement so that the work is carried out promptly during installation.    \t\t\t<\/p>\n            <\/div>\n\t\t\t<\/div>\n    <\/div><div class=\"edgtf-section-title-holder inline-title edgtf-st-standard  edgtf-st-position-left edgtf-appear-fx\" >\n\t\t<div class=\"edgtf-st-inner\">\n                    <div class=\"edgtf-st-title-holder\">\n                <h3 class=\"edgtf-st-title\" >\n                    PROJECT NAME:                <\/h3>\n            <\/div>\n\t\t\t\t            <div class=\"edgtf-st-text-holder\">\n    \t\t\t<p class=\"edgtf-st-text\" >\n    \t\t\t\tPrivate boat Adelina    \t\t\t<\/p>\n            <\/div>\n\t\t\t<\/div>\n    <\/div><div class=\"vc_empty_space\"   style=\"height: 30px\"><span class=\"vc_empty_space_inner\"><\/span><\/div><div class=\"vc_separator wpb_content_element vc_separator_align_center vc_sep_width_100 vc_sep_pos_align_center vc_separator_no_text vc_sep_color_grey\" ><span class=\"vc_sep_holder vc_sep_holder_l\"><span  class=\"vc_sep_line\"><\/span><\/span><span class=\"vc_sep_holder vc_sep_holder_r\"><span  class=\"vc_sep_line\"><\/span><\/span>\n<\/div><div class=\"edgtf-link-section-holder edgtf-appear-fx\">\n    <div class=\"edgtf-link-section-title-holder\">\n        <h2 class=\"edgtf-link-section-title\" >\n    \t\tSTONE:        <\/h2>\n    <\/div>\n            <div class=\"edgtf-single-link-section-holder\">\n                            <a href=\"\/en\/stone\/marble\/\" class=\"edgtf-link-section\" >\n                    <div class=\"edgtf-single-link-title-holder\">\n                        <h5 class=\"edgtf-single-link-title\" >\n                            marble                        <\/h5>\n                    <\/div>\n                <\/a>\n                    <\/div>\n    <\/div><div class=\"vc_separator wpb_content_element vc_separator_align_center vc_sep_width_100 vc_sep_pos_align_center vc_separator_no_text vc_sep_color_grey\" ><span class=\"vc_sep_holder vc_sep_holder_l\"><span  class=\"vc_sep_line\"><\/span><\/span><span class=\"vc_sep_holder vc_sep_holder_r\"><span  class=\"vc_sep_line\"><\/span><\/span>\n<\/div><div class=\"edgtf-link-section-holder edgtf-appear-fx\">\n    <div class=\"edgtf-link-section-title-holder\">\n        <h2 class=\"edgtf-link-section-title\" >\n    \t\tSERVICE:        <\/h2>\n    <\/div>\n            <div class=\"edgtf-single-link-section-holder\">\n                            <a href=\"\/en\/stone-processing\/stone-raw-material-supply\/\" class=\"edgtf-link-section\" >\n                    <div class=\"edgtf-single-link-title-holder\">\n                        <h5 class=\"edgtf-single-link-title\" >\n                            supply                        <\/h5>\n                    <\/div>\n                <\/a>\n                    <\/div>\n            <div class=\"edgtf-single-link-section-holder\">\n                            <a href=\"\/en\/services\/stone-processing\/\" class=\"edgtf-link-section\" >\n                    <div class=\"edgtf-single-link-title-holder\">\n                        <h5 class=\"edgtf-single-link-title\" >\n                            production                        <\/h5>\n                    <\/div>\n                <\/a>\n                    <\/div>\n            <div class=\"edgtf-single-link-section-holder\">\n                            <a href=\"\/en\/services\/stone-installation\/\" class=\"edgtf-link-section\" >\n                    <div class=\"edgtf-single-link-title-holder\">\n                        <h5 class=\"edgtf-single-link-title\" >\n                            installation                        <\/h5>\n                    <\/div>\n                <\/a>\n                    <\/div>\n    <\/div><div class=\"vc_separator wpb_content_element vc_separator_align_center vc_sep_width_100 vc_sep_pos_align_center vc_separator_no_text vc_sep_color_grey\" ><span class=\"vc_sep_holder vc_sep_holder_l\"><span  class=\"vc_sep_line\"><\/span><\/span><span class=\"vc_sep_holder vc_sep_holder_r\"><span  class=\"vc_sep_line\"><\/span><\/span>\n<\/div><div class=\"edgtf-link-section-holder edgtf-appear-fx\">\n    <div class=\"edgtf-link-section-title-holder\">\n        <h2 class=\"edgtf-link-section-title\" >\n    \t\tPRODUCTS:        <\/h2>\n    <\/div>\n            <div class=\"edgtf-single-link-section-holder\">\n                            <a href=\"\/en\/products\/countertops\/\" class=\"edgtf-link-section\" >\n                    <div class=\"edgtf-single-link-title-holder\">\n                        <h5 class=\"edgtf-single-link-title\" >\n                            countertops                        <\/h5>\n                    <\/div>\n                <\/a>\n                    <\/div>\n            <div class=\"edgtf-single-link-section-holder\">\n                            <a href=\"\/en\/products\/furniture-decoration\/\" class=\"edgtf-link-section\" >\n                    <div class=\"edgtf-single-link-title-holder\">\n                        <h5 class=\"edgtf-single-link-title\" >\n                            furniture finishing                        <\/h5>\n                    <\/div>\n                <\/a>\n                    <\/div>\n            <div class=\"edgtf-single-link-section-holder\">\n                            <a href=\"\/en\/products\/wall-decoration\/\" class=\"edgtf-link-section\" >\n                    <div class=\"edgtf-single-link-title-holder\">\n                        <h5 class=\"edgtf-single-link-title\" >\n                            Walls                        <\/h5>\n                    <\/div>\n                <\/a>\n                    <\/div>\n    <\/div><\/div><\/div><\/div><\/div><\/div><\/div><\/div><\/div>","protected":false},"excerpt":{"rendered":"Apra\u0161as Viena da\u017eniausiai laiv\u0173 industrijoje taikom\u0173 akmens apdailos technologij\u0173 - akmens i\u0161lengvinimas naudojant aliuminio honeycomb paneles. Jas naudojant gaminiai i\u0161lengvinami neprarandant gaminio tvirtumo ir ilgaam\u017ei\u0161kumo. Laiv\u0173 industrijoje svoris itin svarbus - investicija greitai atsiperka ma\u017eesn\u0117mis kuro s\u0105naudomis. Atliekant laiv\u0173 apdailos [...]","protected":false},"author":2,"featured_media":7019,"parent":6914,"menu_order":0,"comment_status":"closed","ping_status":"closed","template":"","meta":{"footnotes":""},"class_list":["post-7016","page","type-page","status-publish","has-post-thumbnail","hentry"],"yoast_head":"<!-- This site is optimized with the Yoast SEO plugin v24.0 - https:\/\/yoast.com\/wordpress\/plugins\/seo\/ -->\n<title>Privatus laivas Adelide - Akmi<\/title>\n<meta name=\"description\" content=\"Viena da\u017eniausiai laiv\u0173 industrijoje taikom\u0173 akmens apdailos technologij\u0173 - akmens i\u0161lengvinimas naudojant aliuminio honeycomb paneles. Jas naudojant gaminiai i\u0161lengvinami neprarandant gaminio tvirtumo ir ilgaam\u017ei\u0161kumo. Laiv\u0173 industrijoje svoris itin svarbus - investicija greitai atsiperka ma\u017eesn\u0117mis kuro s\u0105naudomis.Atliekant laiv\u0173 apdailos darbus vienas pagrindini\u0173 etap\u0173 - pasiruo\u0161imas ir derinimas. Tiksliai susiderinus planuojamus darbus, \u012fvertinus kylan\u010dias rizikas ir pri\u0117mus sprendimus - darbai vykdomi pagal numatyt\u0105 plan\u0105. Gaminius saugiai sutaravus d\u0117\u017e\u0117s \u017eymimos pagal susitarim\u0105, kad montavimo metu darbai b\u016bt\u0173 vykdomi operatyviai.\" \/>\n<meta name=\"robots\" content=\"index, follow, max-snippet:-1, max-image-preview:large, max-video-preview:-1\" \/>\n<link rel=\"canonical\" href=\"http:\/\/akmi.lt\/en\/works-carried-out\/ships\/private-boat-adelaide\/\" \/>\n<meta property=\"og:locale\" content=\"en_US\" \/>\n<meta property=\"og:type\" content=\"article\" \/>\n<meta property=\"og:title\" content=\"Privatus laivas Adelide - Akmi\" \/>\n<meta property=\"og:description\" content=\"Viena da\u017eniausiai laiv\u0173 industrijoje taikom\u0173 akmens apdailos technologij\u0173 - akmens i\u0161lengvinimas naudojant aliuminio honeycomb paneles. Jas naudojant gaminiai i\u0161lengvinami neprarandant gaminio tvirtumo ir ilgaam\u017ei\u0161kumo. Laiv\u0173 industrijoje svoris itin svarbus - investicija greitai atsiperka ma\u017eesn\u0117mis kuro s\u0105naudomis.Atliekant laiv\u0173 apdailos darbus vienas pagrindini\u0173 etap\u0173 - pasiruo\u0161imas ir derinimas. Tiksliai susiderinus planuojamus darbus, \u012fvertinus kylan\u010dias rizikas ir pri\u0117mus sprendimus - darbai vykdomi pagal numatyt\u0105 plan\u0105. Gaminius saugiai sutaravus d\u0117\u017e\u0117s \u017eymimos pagal susitarim\u0105, kad montavimo metu darbai b\u016bt\u0173 vykdomi operatyviai.\" \/>\n<meta property=\"og:url\" content=\"http:\/\/akmi.lt\/en\/works-carried-out\/ships\/private-boat-adelaide\/\" \/>\n<meta property=\"og:site_name\" content=\"Akmi\" \/>\n<meta property=\"article:modified_time\" content=\"2023-10-11T08:18:23+00:00\" \/>\n<meta property=\"og:image\" content=\"http:\/\/akmi.lt\/wp-content\/uploads\/2023\/03\/Private-boat-2.jpg\" \/>\n\t<meta property=\"og:image:width\" content=\"1200\" \/>\n\t<meta property=\"og:image:height\" content=\"1600\" \/>\n\t<meta property=\"og:image:type\" content=\"image\/jpeg\" \/>\n<meta name=\"twitter:card\" content=\"summary_large_image\" \/>\n<meta name=\"twitter:label1\" content=\"Est. reading time\" \/>\n\t<meta name=\"twitter:data1\" content=\"1 minute\" \/>\n<script type=\"application\/ld+json\" class=\"yoast-schema-graph\">{\"@context\":\"https:\/\/schema.org\",\"@graph\":[{\"@type\":\"WebPage\",\"@id\":\"http:\/\/akmi.lt\/en\/works-carried-out\/ships\/private-boat-adelaide\/\",\"url\":\"http:\/\/akmi.lt\/en\/works-carried-out\/ships\/private-boat-adelaide\/\",\"name\":\"Privatus laivas Adelide - Akmi\",\"isPartOf\":{\"@id\":\"http:\/\/akmi.lt\/en\/#website\"},\"primaryImageOfPage\":{\"@id\":\"http:\/\/akmi.lt\/en\/works-carried-out\/ships\/private-boat-adelaide\/#primaryimage\"},\"image\":{\"@id\":\"http:\/\/akmi.lt\/en\/works-carried-out\/ships\/private-boat-adelaide\/#primaryimage\"},\"thumbnailUrl\":\"http:\/\/akmi.lt\/wp-content\/uploads\/2023\/03\/Private-boat-2.jpg\",\"datePublished\":\"2023-03-19T17:03:22+00:00\",\"dateModified\":\"2023-10-11T08:18:23+00:00\",\"description\":\"Viena da\u017eniausiai laiv\u0173 industrijoje taikom\u0173 akmens apdailos technologij\u0173 - akmens i\u0161lengvinimas naudojant aliuminio honeycomb paneles. Jas naudojant gaminiai i\u0161lengvinami neprarandant gaminio tvirtumo ir ilgaam\u017ei\u0161kumo. Laiv\u0173 industrijoje svoris itin svarbus - investicija greitai atsiperka ma\u017eesn\u0117mis kuro s\u0105naudomis.Atliekant laiv\u0173 apdailos darbus vienas pagrindini\u0173 etap\u0173 - pasiruo\u0161imas ir derinimas. Tiksliai susiderinus planuojamus darbus, \u012fvertinus kylan\u010dias rizikas ir pri\u0117mus sprendimus - darbai vykdomi pagal numatyt\u0105 plan\u0105. Gaminius saugiai sutaravus d\u0117\u017e\u0117s \u017eymimos pagal susitarim\u0105, kad montavimo metu darbai b\u016bt\u0173 vykdomi operatyviai.\",\"breadcrumb\":{\"@id\":\"http:\/\/akmi.lt\/en\/works-carried-out\/ships\/private-boat-adelaide\/#breadcrumb\"},\"inLanguage\":\"en-US\",\"potentialAction\":[{\"@type\":\"ReadAction\",\"target\":[\"http:\/\/akmi.lt\/en\/works-carried-out\/ships\/private-boat-adelaide\/\"]}]},{\"@type\":\"ImageObject\",\"inLanguage\":\"en-US\",\"@id\":\"http:\/\/akmi.lt\/en\/works-carried-out\/ships\/private-boat-adelaide\/#primaryimage\",\"url\":\"http:\/\/akmi.lt\/wp-content\/uploads\/2023\/03\/Private-boat-2.jpg\",\"contentUrl\":\"http:\/\/akmi.lt\/wp-content\/uploads\/2023\/03\/Private-boat-2.jpg\",\"width\":1200,\"height\":1600,\"caption\":\"I\u0161lengvintas praustuvas i\u0161 akmens\"},{\"@type\":\"BreadcrumbList\",\"@id\":\"http:\/\/akmi.lt\/en\/works-carried-out\/ships\/private-boat-adelaide\/#breadcrumb\",\"itemListElement\":[{\"@type\":\"ListItem\",\"position\":1,\"name\":\"Pagrindinis\",\"item\":\"http:\/\/akmi.lt\/en\/\"},{\"@type\":\"ListItem\",\"position\":2,\"name\":\"Projektai\",\"item\":\"http:\/\/akmi.lt\/en\/works-carried-out\/\"},{\"@type\":\"ListItem\",\"position\":3,\"name\":\"Laivai\",\"item\":\"http:\/\/akmi.lt\/en\/works-carried-out\/ships\/\"},{\"@type\":\"ListItem\",\"position\":4,\"name\":\"Privatus laivas Adelide\"}]},{\"@type\":\"WebSite\",\"@id\":\"http:\/\/akmi.lt\/en\/#website\",\"url\":\"http:\/\/akmi.lt\/en\/\",\"name\":\"Akmi\",\"description\":\"\",\"potentialAction\":[{\"@type\":\"SearchAction\",\"target\":{\"@type\":\"EntryPoint\",\"urlTemplate\":\"http:\/\/akmi.lt\/en\/?s={search_term_string}\"},\"query-input\":{\"@type\":\"PropertyValueSpecification\",\"valueRequired\":true,\"valueName\":\"search_term_string\"}}],\"inLanguage\":\"en-US\"}]}<\/script>\n<!-- \/ Yoast SEO plugin. -->","yoast_head_json":{"title":"Private boat Adelaide - Akmi","description":"One of the most commonly used stone finishing technologies in the shipbuilding industry is the lightening of stone using aluminum honeycomb panels. Using them, products are lightened without losing the strength and durability of the product. Weight is extremely important in the shipbuilding industry - the investment quickly pays off with lower fuel costs. When performing ship finishing work, one of the main stages is preparation and coordination. After precisely coordinating the planned work, assessing the risks involved and making decisions - the work is carried out according to the planned plan. After the products are safely assembled, the boxes are marked according to the agreement so that the work is carried out promptly during installation.","robots":{"index":"index","follow":"follow","max-snippet":"max-snippet:-1","max-image-preview":"max-image-preview:large","max-video-preview":"max-video-preview:-1"},"canonical":"http:\/\/akmi.lt\/en\/works-carried-out\/ships\/private-boat-adelaide\/","og_locale":"en_US","og_type":"article","og_title":"Privatus laivas Adelide - Akmi","og_description":"Viena da\u017eniausiai laiv\u0173 industrijoje taikom\u0173 akmens apdailos technologij\u0173 - akmens i\u0161lengvinimas naudojant aliuminio honeycomb paneles. Jas naudojant gaminiai i\u0161lengvinami neprarandant gaminio tvirtumo ir ilgaam\u017ei\u0161kumo. Laiv\u0173 industrijoje svoris itin svarbus - investicija greitai atsiperka ma\u017eesn\u0117mis kuro s\u0105naudomis.Atliekant laiv\u0173 apdailos darbus vienas pagrindini\u0173 etap\u0173 - pasiruo\u0161imas ir derinimas. Tiksliai susiderinus planuojamus darbus, \u012fvertinus kylan\u010dias rizikas ir pri\u0117mus sprendimus - darbai vykdomi pagal numatyt\u0105 plan\u0105. Gaminius saugiai sutaravus d\u0117\u017e\u0117s \u017eymimos pagal susitarim\u0105, kad montavimo metu darbai b\u016bt\u0173 vykdomi operatyviai.","og_url":"http:\/\/akmi.lt\/en\/works-carried-out\/ships\/private-boat-adelaide\/","og_site_name":"Akmi","article_modified_time":"2023-10-11T08:18:23+00:00","og_image":[{"width":1200,"height":1600,"url":"http:\/\/akmi.lt\/wp-content\/uploads\/2023\/03\/Private-boat-2.jpg","type":"image\/jpeg"}],"twitter_card":"summary_large_image","twitter_misc":{"Est. reading time":"1 minute"},"schema":{"@context":"https:\/\/schema.org","@graph":[{"@type":"WebPage","@id":"http:\/\/akmi.lt\/en\/works-carried-out\/ships\/private-boat-adelaide\/","url":"http:\/\/akmi.lt\/en\/works-carried-out\/ships\/private-boat-adelaide\/","name":"Private boat Adelaide - Akmi","isPartOf":{"@id":"http:\/\/akmi.lt\/en\/#website"},"primaryImageOfPage":{"@id":"http:\/\/akmi.lt\/en\/works-carried-out\/ships\/private-boat-adelaide\/#primaryimage"},"image":{"@id":"http:\/\/akmi.lt\/en\/works-carried-out\/ships\/private-boat-adelaide\/#primaryimage"},"thumbnailUrl":"http:\/\/akmi.lt\/wp-content\/uploads\/2023\/03\/Private-boat-2.jpg","datePublished":"2023-03-19T17:03:22+00:00","dateModified":"2023-10-11T08:18:23+00:00","description":"One of the most commonly used stone finishing technologies in the shipbuilding industry is the lightening of stone using aluminum honeycomb panels. Using them, products are lightened without losing the strength and durability of the product. Weight is extremely important in the shipbuilding industry - the investment quickly pays off with lower fuel costs. When performing ship finishing work, one of the main stages is preparation and coordination. After precisely coordinating the planned work, assessing the risks involved and making decisions - the work is carried out according to the planned plan. After the products are safely assembled, the boxes are marked according to the agreement so that the work is carried out promptly during installation.","breadcrumb":{"@id":"http:\/\/akmi.lt\/en\/works-carried-out\/ships\/private-boat-adelaide\/#breadcrumb"},"inLanguage":"en-US","potentialAction":[{"@type":"ReadAction","target":["http:\/\/akmi.lt\/en\/works-carried-out\/ships\/private-boat-adelaide\/"]}]},{"@type":"ImageObject","inLanguage":"en-US","@id":"http:\/\/akmi.lt\/en\/works-carried-out\/ships\/private-boat-adelaide\/#primaryimage","url":"http:\/\/akmi.lt\/wp-content\/uploads\/2023\/03\/Private-boat-2.jpg","contentUrl":"http:\/\/akmi.lt\/wp-content\/uploads\/2023\/03\/Private-boat-2.jpg","width":1200,"height":1600,"caption":"I\u0161lengvintas praustuvas i\u0161 akmens"},{"@type":"BreadcrumbList","@id":"http:\/\/akmi.lt\/en\/works-carried-out\/ships\/private-boat-adelaide\/#breadcrumb","itemListElement":[{"@type":"ListItem","position":1,"name":"Pagrindinis","item":"http:\/\/akmi.lt\/en\/"},{"@type":"ListItem","position":2,"name":"Projektai","item":"http:\/\/akmi.lt\/en\/works-carried-out\/"},{"@type":"ListItem","position":3,"name":"Laivai","item":"http:\/\/akmi.lt\/en\/works-carried-out\/ships\/"},{"@type":"ListItem","position":4,"name":"Privatus laivas Adelide"}]},{"@type":"WebSite","@id":"http:\/\/akmi.lt\/en\/#website","url":"http:\/\/akmi.lt\/en\/","name":"Stone","description":"","potentialAction":[{"@type":"SearchAction","target":{"@type":"EntryPoint","urlTemplate":"http:\/\/akmi.lt\/en\/?s={search_term_string}"},"query-input":{"@type":"PropertyValueSpecification","valueRequired":true,"valueName":"search_term_string"}}],"inLanguage":"en-US"}]}},"_links":{"self":[{"href":"http:\/\/akmi.lt\/en\/wp-json\/wp\/v2\/pages\/7016","targetHints":{"allow":["GET"]}}],"collection":[{"href":"http:\/\/akmi.lt\/en\/wp-json\/wp\/v2\/pages"}],"about":[{"href":"http:\/\/akmi.lt\/en\/wp-json\/wp\/v2\/types\/page"}],"author":[{"embeddable":true,"href":"http:\/\/akmi.lt\/en\/wp-json\/wp\/v2\/users\/2"}],"replies":[{"embeddable":true,"href":"http:\/\/akmi.lt\/en\/wp-json\/wp\/v2\/comments?post=7016"}],"version-history":[{"count":6,"href":"http:\/\/akmi.lt\/en\/wp-json\/wp\/v2\/pages\/7016\/revisions"}],"predecessor-version":[{"id":12881,"href":"http:\/\/akmi.lt\/en\/wp-json\/wp\/v2\/pages\/7016\/revisions\/12881"}],"up":[{"embeddable":true,"href":"http:\/\/akmi.lt\/en\/wp-json\/wp\/v2\/pages\/6914"}],"wp:featuredmedia":[{"embeddable":true,"href":"http:\/\/akmi.lt\/en\/wp-json\/wp\/v2\/media\/7019"}],"wp:attachment":[{"href":"http:\/\/akmi.lt\/en\/wp-json\/wp\/v2\/media?parent=7016"}],"curies":[{"name":"wp","href":"https:\/\/api.w.org\/{rel}","templated":true}]}}