{"id":7008,"date":"2023-03-19T16:52:42","date_gmt":"2023-03-19T16:52:42","guid":{"rendered":"http:\/\/akmi.lt\/?page_id=7008"},"modified":"2023-10-11T08:20:28","modified_gmt":"2023-10-11T08:20:28","slug":"cruise-ship-wish","status":"publish","type":"page","link":"http:\/\/akmi.lt\/en\/atlikti-darbai\/laivai\/kruizinis-laivas-wish\/","title":{"rendered":"Cruise ship Wish"},"content":{"rendered":"<div class=\"vc_row wpb_row vc_row-fluid\" ><div class=\"wpb_column vc_column_container vc_col-sm-12\"><div class=\"vc_column-inner\"><div class=\"wpb_wrapper\"><div class=\"vc_row wpb_row vc_inner vc_row-fluid\" ><div class=\"image-box wpb_column vc_column_container vc_col-sm-7 vc_col-xs-12\"><div class=\"vc_column-inner\"><div class=\"wpb_wrapper\"><div class=\"edgtf-single-image-holder  edgtf-has-shadow\">\n    <div class=\"edgtf-si-inner\" >\n                                    <img decoding=\"async\" width=\"1200\" height=\"1151\" data-src=\"http:\/\/akmi.lt\/wp-content\/uploads\/2023\/03\/Kuizinis-laivas-4.jpg\" class=\"attachment-full size-full lazyload\" alt=\"Bathroom decoration on board\" data-srcset=\"http:\/\/akmi.lt\/wp-content\/uploads\/2023\/03\/Kuizinis-laivas-4.jpg 1200w, http:\/\/akmi.lt\/wp-content\/uploads\/2023\/03\/Kuizinis-laivas-4-300x288.jpg 300w, http:\/\/akmi.lt\/wp-content\/uploads\/2023\/03\/Kuizinis-laivas-4-1024x982.jpg 1024w, http:\/\/akmi.lt\/wp-content\/uploads\/2023\/03\/Kuizinis-laivas-4-768x737.jpg 768w, http:\/\/akmi.lt\/wp-content\/uploads\/2023\/03\/Kuizinis-laivas-4-600x576.jpg 600w\" data-sizes=\"(max-width: 1200px) 100vw, 1200px\" src=\"data:image\/gif;base64,R0lGODlhAQABAAAAACH5BAEKAAEALAAAAAABAAEAAAICTAEAOw==\" style=\"--smush-placeholder-width: 1200px; --smush-placeholder-aspect-ratio: 1200\/1151;\" \/>                        <\/div>\n<\/div><div class=\"edgtf-single-image-holder  edgtf-has-shadow\">\n    <div class=\"edgtf-si-inner\" >\n                                    <img decoding=\"async\" width=\"1200\" height=\"1600\" data-src=\"http:\/\/akmi.lt\/wp-content\/uploads\/2023\/03\/Kuizinis-laivas-1.jpg\" class=\"attachment-full size-full lazyload\" alt=\"Stone decoration on the ship\" data-srcset=\"http:\/\/akmi.lt\/wp-content\/uploads\/2023\/03\/Kuizinis-laivas-1.jpg 1200w, http:\/\/akmi.lt\/wp-content\/uploads\/2023\/03\/Kuizinis-laivas-1-225x300.jpg 225w, http:\/\/akmi.lt\/wp-content\/uploads\/2023\/03\/Kuizinis-laivas-1-768x1024.jpg 768w, http:\/\/akmi.lt\/wp-content\/uploads\/2023\/03\/Kuizinis-laivas-1-1152x1536.jpg 1152w, http:\/\/akmi.lt\/wp-content\/uploads\/2023\/03\/Kuizinis-laivas-1-600x800.jpg 600w\" data-sizes=\"(max-width: 1200px) 100vw, 1200px\" src=\"data:image\/gif;base64,R0lGODlhAQABAAAAACH5BAEKAAEALAAAAAABAAEAAAICTAEAOw==\" style=\"--smush-placeholder-width: 1200px; --smush-placeholder-aspect-ratio: 1200\/1600;\" \/>                        <\/div>\n<\/div><div class=\"edgtf-single-image-holder  edgtf-has-shadow\">\n    <div class=\"edgtf-si-inner\" >\n                                    <img decoding=\"async\" width=\"1200\" height=\"1600\" data-src=\"http:\/\/akmi.lt\/wp-content\/uploads\/2023\/03\/Kuizinis-laivas-2.jpg\" class=\"attachment-full size-full lazyload\" alt=\"Marble shower trim\" data-srcset=\"http:\/\/akmi.lt\/wp-content\/uploads\/2023\/03\/Kuizinis-laivas-2.jpg 1200w, http:\/\/akmi.lt\/wp-content\/uploads\/2023\/03\/Kuizinis-laivas-2-225x300.jpg 225w, http:\/\/akmi.lt\/wp-content\/uploads\/2023\/03\/Kuizinis-laivas-2-768x1024.jpg 768w, http:\/\/akmi.lt\/wp-content\/uploads\/2023\/03\/Kuizinis-laivas-2-1152x1536.jpg 1152w, http:\/\/akmi.lt\/wp-content\/uploads\/2023\/03\/Kuizinis-laivas-2-600x800.jpg 600w\" data-sizes=\"(max-width: 1200px) 100vw, 1200px\" src=\"data:image\/gif;base64,R0lGODlhAQABAAAAACH5BAEKAAEALAAAAAABAAEAAAICTAEAOw==\" style=\"--smush-placeholder-width: 1200px; --smush-placeholder-aspect-ratio: 1200\/1600;\" \/>                        <\/div>\n<\/div><div class=\"edgtf-single-image-holder  edgtf-has-shadow\">\n    <div class=\"edgtf-si-inner\" >\n                                    <img decoding=\"async\" width=\"1200\" height=\"1600\" data-src=\"http:\/\/akmi.lt\/wp-content\/uploads\/2023\/03\/Kuizinis-laivas-3.jpg\" class=\"attachment-full size-full lazyload\" alt=\"Marble countertops on board\" data-srcset=\"http:\/\/akmi.lt\/wp-content\/uploads\/2023\/03\/Kuizinis-laivas-3.jpg 1200w, http:\/\/akmi.lt\/wp-content\/uploads\/2023\/03\/Kuizinis-laivas-3-225x300.jpg 225w, http:\/\/akmi.lt\/wp-content\/uploads\/2023\/03\/Kuizinis-laivas-3-768x1024.jpg 768w, http:\/\/akmi.lt\/wp-content\/uploads\/2023\/03\/Kuizinis-laivas-3-1152x1536.jpg 1152w, http:\/\/akmi.lt\/wp-content\/uploads\/2023\/03\/Kuizinis-laivas-3-600x800.jpg 600w\" data-sizes=\"(max-width: 1200px) 100vw, 1200px\" src=\"data:image\/gif;base64,R0lGODlhAQABAAAAACH5BAEKAAEALAAAAAABAAEAAAICTAEAOw==\" style=\"--smush-placeholder-width: 1200px; --smush-placeholder-aspect-ratio: 1200\/1600;\" \/>                        <\/div>\n<\/div><div class=\"edgtf-single-image-holder  edgtf-has-shadow\">\n    <div class=\"edgtf-si-inner\" >\n                                    <img decoding=\"async\" width=\"1200\" height=\"1600\" data-src=\"http:\/\/akmi.lt\/wp-content\/uploads\/2023\/03\/Kuizinis-laivas-5.jpg\" class=\"attachment-full size-full lazyload\" alt=\"Floor mosaic ship decoration\" data-srcset=\"http:\/\/akmi.lt\/wp-content\/uploads\/2023\/03\/Kuizinis-laivas-5.jpg 1200w, http:\/\/akmi.lt\/wp-content\/uploads\/2023\/03\/Kuizinis-laivas-5-225x300.jpg 225w, http:\/\/akmi.lt\/wp-content\/uploads\/2023\/03\/Kuizinis-laivas-5-768x1024.jpg 768w, http:\/\/akmi.lt\/wp-content\/uploads\/2023\/03\/Kuizinis-laivas-5-1152x1536.jpg 1152w, http:\/\/akmi.lt\/wp-content\/uploads\/2023\/03\/Kuizinis-laivas-5-600x800.jpg 600w\" data-sizes=\"(max-width: 1200px) 100vw, 1200px\" src=\"data:image\/gif;base64,R0lGODlhAQABAAAAACH5BAEKAAEALAAAAAABAAEAAAICTAEAOw==\" style=\"--smush-placeholder-width: 1200px; --smush-placeholder-aspect-ratio: 1200\/1600;\" \/>                        <\/div>\n<\/div><\/div><\/div><\/div><div class=\"text-box wpb_column vc_column_container vc_col-sm-5 vc_col-xs-12\"><div class=\"vc_column-inner\"><div class=\"wpb_wrapper\"><div class=\"edgtf-section-title-holder title-box-margin edgtf-st-standard  edgtf-st-position-left edgtf-appear-fx\" >\n\t\t<div class=\"edgtf-st-inner\">\n                    <div class=\"edgtf-st-title-holder\">\n                <h3 class=\"edgtf-st-title\" >\n                    Description                <\/h3>\n            <\/div>\n\t\t\t\t            <div class=\"edgtf-st-text-holder\">\n    \t\t\t<p class=\"edgtf-st-text\" >\n    \t\t\t\tThe cruise ship has implemented interior and bathroom finishing in 10 Luxury Suite cabins.<br \/>\nOne of the most commonly used stone finishing technologies in the shipbuilding industry is the lightening of stone using aluminum honeycomb panels. Using them, products are lightened without losing the strength and durability of the product. Weight is extremely important in the shipbuilding industry - the investment quickly pays off in lower fuel costs.<br \/>\nOne of the main stages in ship finishing work is preparation and coordination. After precisely coordinating the planned work, assessing the risks and making decisions, the work is carried out according to the planned plan. After the products are safely packed, the boxes are marked according to the agreement so that the work is carried out promptly during installation.    \t\t\t<\/p>\n            <\/div>\n\t\t\t<\/div>\n    <\/div><div class=\"edgtf-section-title-holder inline-title edgtf-st-standard  edgtf-st-position-left edgtf-appear-fx\" >\n\t\t<div class=\"edgtf-st-inner\">\n                    <div class=\"edgtf-st-title-holder\">\n                <h3 class=\"edgtf-st-title\" >\n                    PROJECT NAME:                <\/h3>\n            <\/div>\n\t\t\t\t            <div class=\"edgtf-st-text-holder\">\n    \t\t\t<p class=\"edgtf-st-text\" >\n    \t\t\t\tCruise ship Wish    \t\t\t<\/p>\n            <\/div>\n\t\t\t<\/div>\n    <\/div><div class=\"edgtf-section-title-holder inline-title edgtf-st-standard  edgtf-st-position-left edgtf-appear-fx\" >\n\t\t<div class=\"edgtf-st-inner\">\n                    <div class=\"edgtf-st-title-holder\">\n                <h3 class=\"edgtf-st-title\" >\n                    CONTRACTOR:                <\/h3>\n            <\/div>\n\t\t\t\t            <div class=\"edgtf-st-text-holder\">\n    \t\t\t<p class=\"edgtf-st-text\" >\n    \t\t\t\tAros Marine    \t\t\t<\/p>\n            <\/div>\n\t\t\t<\/div>\n    <\/div><div class=\"vc_empty_space\"   style=\"height: 30px\"><span class=\"vc_empty_space_inner\"><\/span><\/div><div class=\"vc_separator wpb_content_element vc_separator_align_center vc_sep_width_100 vc_sep_pos_align_center vc_separator_no_text vc_sep_color_grey\" ><span class=\"vc_sep_holder vc_sep_holder_l\"><span  class=\"vc_sep_line\"><\/span><\/span><span class=\"vc_sep_holder vc_sep_holder_r\"><span  class=\"vc_sep_line\"><\/span><\/span>\n<\/div><div class=\"edgtf-link-section-holder edgtf-appear-fx\">\n    <div class=\"edgtf-link-section-title-holder\">\n        <h2 class=\"edgtf-link-section-title\" >\n    \t\tSTONE:        <\/h2>\n    <\/div>\n            <div class=\"edgtf-single-link-section-holder\">\n                            <a href=\"\/en\/stone\/marble\/\" class=\"edgtf-link-section\" >\n                    <div class=\"edgtf-single-link-title-holder\">\n                        <h5 class=\"edgtf-single-link-title\" >\n                            marble                        <\/h5>\n                    <\/div>\n                <\/a>\n                    <\/div>\n    <\/div><div class=\"vc_separator wpb_content_element vc_separator_align_center vc_sep_width_100 vc_sep_pos_align_center vc_separator_no_text vc_sep_color_grey\" ><span class=\"vc_sep_holder vc_sep_holder_l\"><span  class=\"vc_sep_line\"><\/span><\/span><span class=\"vc_sep_holder vc_sep_holder_r\"><span  class=\"vc_sep_line\"><\/span><\/span>\n<\/div><div class=\"edgtf-link-section-holder edgtf-appear-fx\">\n    <div class=\"edgtf-link-section-title-holder\">\n        <h2 class=\"edgtf-link-section-title\" >\n    \t\tSERVICE:        <\/h2>\n    <\/div>\n            <div class=\"edgtf-single-link-section-holder\">\n                            <a href=\"\/en\/stone-processing\/stone-raw-material-supply\/\" class=\"edgtf-link-section\" >\n                    <div class=\"edgtf-single-link-title-holder\">\n                        <h5 class=\"edgtf-single-link-title\" >\n                            supply                        <\/h5>\n                    <\/div>\n                <\/a>\n                    <\/div>\n            <div class=\"edgtf-single-link-section-holder\">\n                            <a href=\"\/en\/services\/stone-processing\/\" class=\"edgtf-link-section\" >\n                    <div class=\"edgtf-single-link-title-holder\">\n                        <h5 class=\"edgtf-single-link-title\" >\n                            production                        <\/h5>\n                    <\/div>\n                <\/a>\n                    <\/div>\n    <\/div><div class=\"vc_separator wpb_content_element vc_separator_align_center vc_sep_width_100 vc_sep_pos_align_center vc_separator_no_text vc_sep_color_grey\" ><span class=\"vc_sep_holder vc_sep_holder_l\"><span  class=\"vc_sep_line\"><\/span><\/span><span class=\"vc_sep_holder vc_sep_holder_r\"><span  class=\"vc_sep_line\"><\/span><\/span>\n<\/div><div class=\"edgtf-link-section-holder edgtf-appear-fx\">\n    <div class=\"edgtf-link-section-title-holder\">\n        <h2 class=\"edgtf-link-section-title\" >\n    \t\tPRODUCTS:        <\/h2>\n    <\/div>\n            <div class=\"edgtf-single-link-section-holder\">\n                            <a href=\"\/en\/products\/countertops\/\" class=\"edgtf-link-section\" >\n                    <div class=\"edgtf-single-link-title-holder\">\n                        <h5 class=\"edgtf-single-link-title\" >\n                            countertops                        <\/h5>\n                    <\/div>\n                <\/a>\n                    <\/div>\n            <div class=\"edgtf-single-link-section-holder\">\n                            <a href=\"\/en\/products\/floor-finishing\/\" class=\"edgtf-link-section\" >\n                    <div class=\"edgtf-single-link-title-holder\">\n                        <h5 class=\"edgtf-single-link-title\" >\n                            floor                        <\/h5>\n                    <\/div>\n                <\/a>\n                    <\/div>\n            <div class=\"edgtf-single-link-section-holder\">\n                            <a href=\"\/en\/products\/wall-decoration\/\" class=\"edgtf-link-section\" >\n                    <div class=\"edgtf-single-link-title-holder\">\n                        <h5 class=\"edgtf-single-link-title\" >\n                            walls                        <\/h5>\n                    <\/div>\n                <\/a>\n                    <\/div>\n    <\/div><\/div><\/div><\/div><\/div><\/div><\/div><\/div><\/div>","protected":false},"excerpt":{"rendered":"Apra\u0161as Kruiziniame laive \u012fgyvendinta interjero ir vonios kambari\u0173 apdaila 10-tyje Luxury Suite kaju\u010di\u0173. Viena da\u017eniausiai laiv\u0173 industrijoje taikom\u0173 akmens apdailos technologij\u0173 - akmens i\u0161lengvinimas naudojant aliuminio honeycomb paneles. Jas naudojant gaminiai i\u0161lengvinami neprarandant gaminio tvirtumo ir ilgaam\u017ei\u0161kumo. Laiv\u0173 industrijoje svoris [...]","protected":false},"author":2,"featured_media":7012,"parent":6914,"menu_order":0,"comment_status":"closed","ping_status":"closed","template":"","meta":{"footnotes":""},"class_list":["post-7008","page","type-page","status-publish","has-post-thumbnail","hentry"],"yoast_head":"<!-- This site is optimized with the Yoast SEO plugin v24.0 - https:\/\/yoast.com\/wordpress\/plugins\/seo\/ -->\n<title>Kruizinis laivas Wish - Akmi<\/title>\n<meta name=\"description\" content=\"Kruiziniame laive \u012fgyvendinta interjero ir vonios kambari\u0173 apdaila 10-tyje Luxury Suite kaju\u010di\u0173. Viena da\u017eniausiai laiv\u0173 industrijoje taikom\u0173 akmens apdailos technologij\u0173 - akmens i\u0161lengvinimas naudojant aliuminio honeycomb paneles. Jas naudojant gaminiai i\u0161lengvinami neprarandant gaminio tvirtumo ir ilgaam\u017ei\u0161kumo. Laiv\u0173 industrijoje svoris itin svarbus - investicija greitai atsiperka ma\u017eesn\u0117mis kuro s\u0105naudomis.Atliekant laiv\u0173 apdailos darbus vienas pagrindini\u0173 etap\u0173 - pasiruo\u0161imas ir derinimas. Tiksliai susiderinus planuojamus darbus, \u012fvertinus kylan\u010dias rizikas ir pri\u0117mus sprendimus - darbai vykdomi pagal numatyt\u0105 plan\u0105. Gaminius saugiai sutaravus d\u0117\u017e\u0117s \u017eymimos pagal susitarim\u0105, kad montavimo metu darbai b\u016bt\u0173 vykdomi operatyviai.\" \/>\n<meta name=\"robots\" content=\"index, follow, max-snippet:-1, max-image-preview:large, max-video-preview:-1\" \/>\n<link rel=\"canonical\" href=\"http:\/\/akmi.lt\/en\/works-carried-out\/ships\/cruise-ship-wish\/\" \/>\n<meta property=\"og:locale\" content=\"en_US\" \/>\n<meta property=\"og:type\" content=\"article\" \/>\n<meta property=\"og:title\" content=\"Kruizinis laivas Wish - Akmi\" \/>\n<meta property=\"og:description\" content=\"Kruiziniame laive \u012fgyvendinta interjero ir vonios kambari\u0173 apdaila 10-tyje Luxury Suite kaju\u010di\u0173. Viena da\u017eniausiai laiv\u0173 industrijoje taikom\u0173 akmens apdailos technologij\u0173 - akmens i\u0161lengvinimas naudojant aliuminio honeycomb paneles. Jas naudojant gaminiai i\u0161lengvinami neprarandant gaminio tvirtumo ir ilgaam\u017ei\u0161kumo. Laiv\u0173 industrijoje svoris itin svarbus - investicija greitai atsiperka ma\u017eesn\u0117mis kuro s\u0105naudomis.Atliekant laiv\u0173 apdailos darbus vienas pagrindini\u0173 etap\u0173 - pasiruo\u0161imas ir derinimas. Tiksliai susiderinus planuojamus darbus, \u012fvertinus kylan\u010dias rizikas ir pri\u0117mus sprendimus - darbai vykdomi pagal numatyt\u0105 plan\u0105. Gaminius saugiai sutaravus d\u0117\u017e\u0117s \u017eymimos pagal susitarim\u0105, kad montavimo metu darbai b\u016bt\u0173 vykdomi operatyviai.\" \/>\n<meta property=\"og:url\" content=\"http:\/\/akmi.lt\/en\/works-carried-out\/ships\/cruise-ship-wish\/\" \/>\n<meta property=\"og:site_name\" content=\"Akmi\" \/>\n<meta property=\"article:modified_time\" content=\"2023-10-11T08:20:28+00:00\" \/>\n<meta property=\"og:image\" content=\"http:\/\/akmi.lt\/wp-content\/uploads\/2023\/03\/Kuizinis-laivas-4.jpg\" \/>\n\t<meta property=\"og:image:width\" content=\"1200\" \/>\n\t<meta property=\"og:image:height\" content=\"1151\" \/>\n\t<meta property=\"og:image:type\" content=\"image\/jpeg\" \/>\n<meta name=\"twitter:card\" content=\"summary_large_image\" \/>\n<meta name=\"twitter:label1\" content=\"Est. reading time\" \/>\n\t<meta name=\"twitter:data1\" content=\"1 minute\" \/>\n<script type=\"application\/ld+json\" class=\"yoast-schema-graph\">{\"@context\":\"https:\/\/schema.org\",\"@graph\":[{\"@type\":\"WebPage\",\"@id\":\"http:\/\/akmi.lt\/en\/works-carried-out\/ships\/cruise-ship-wish\/\",\"url\":\"http:\/\/akmi.lt\/en\/works-carried-out\/ships\/cruise-ship-wish\/\",\"name\":\"Kruizinis laivas Wish - Akmi\",\"isPartOf\":{\"@id\":\"http:\/\/akmi.lt\/en\/#website\"},\"primaryImageOfPage\":{\"@id\":\"http:\/\/akmi.lt\/en\/works-carried-out\/ships\/cruise-ship-wish\/#primaryimage\"},\"image\":{\"@id\":\"http:\/\/akmi.lt\/en\/works-carried-out\/ships\/cruise-ship-wish\/#primaryimage\"},\"thumbnailUrl\":\"http:\/\/akmi.lt\/wp-content\/uploads\/2023\/03\/Kuizinis-laivas-4.jpg\",\"datePublished\":\"2023-03-19T16:52:42+00:00\",\"dateModified\":\"2023-10-11T08:20:28+00:00\",\"description\":\"Kruiziniame laive \u012fgyvendinta interjero ir vonios kambari\u0173 apdaila 10-tyje Luxury Suite kaju\u010di\u0173. Viena da\u017eniausiai laiv\u0173 industrijoje taikom\u0173 akmens apdailos technologij\u0173 - akmens i\u0161lengvinimas naudojant aliuminio honeycomb paneles. Jas naudojant gaminiai i\u0161lengvinami neprarandant gaminio tvirtumo ir ilgaam\u017ei\u0161kumo. Laiv\u0173 industrijoje svoris itin svarbus - investicija greitai atsiperka ma\u017eesn\u0117mis kuro s\u0105naudomis.Atliekant laiv\u0173 apdailos darbus vienas pagrindini\u0173 etap\u0173 - pasiruo\u0161imas ir derinimas. Tiksliai susiderinus planuojamus darbus, \u012fvertinus kylan\u010dias rizikas ir pri\u0117mus sprendimus - darbai vykdomi pagal numatyt\u0105 plan\u0105. Gaminius saugiai sutaravus d\u0117\u017e\u0117s \u017eymimos pagal susitarim\u0105, kad montavimo metu darbai b\u016bt\u0173 vykdomi operatyviai.\",\"breadcrumb\":{\"@id\":\"http:\/\/akmi.lt\/en\/works-carried-out\/ships\/cruise-ship-wish\/#breadcrumb\"},\"inLanguage\":\"en-US\",\"potentialAction\":[{\"@type\":\"ReadAction\",\"target\":[\"http:\/\/akmi.lt\/en\/works-carried-out\/ships\/cruise-ship-wish\/\"]}]},{\"@type\":\"ImageObject\",\"inLanguage\":\"en-US\",\"@id\":\"http:\/\/akmi.lt\/en\/works-carried-out\/ships\/cruise-ship-wish\/#primaryimage\",\"url\":\"http:\/\/akmi.lt\/wp-content\/uploads\/2023\/03\/Kuizinis-laivas-4.jpg\",\"contentUrl\":\"http:\/\/akmi.lt\/wp-content\/uploads\/2023\/03\/Kuizinis-laivas-4.jpg\",\"width\":1200,\"height\":1151,\"caption\":\"Vonios apdaila laive\"},{\"@type\":\"BreadcrumbList\",\"@id\":\"http:\/\/akmi.lt\/en\/works-carried-out\/ships\/cruise-ship-wish\/#breadcrumb\",\"itemListElement\":[{\"@type\":\"ListItem\",\"position\":1,\"name\":\"Pagrindinis\",\"item\":\"http:\/\/akmi.lt\/en\/\"},{\"@type\":\"ListItem\",\"position\":2,\"name\":\"Projektai\",\"item\":\"http:\/\/akmi.lt\/en\/works-carried-out\/\"},{\"@type\":\"ListItem\",\"position\":3,\"name\":\"Laivai\",\"item\":\"http:\/\/akmi.lt\/en\/works-carried-out\/ships\/\"},{\"@type\":\"ListItem\",\"position\":4,\"name\":\"Kruizinis laivas Wish\"}]},{\"@type\":\"WebSite\",\"@id\":\"http:\/\/akmi.lt\/en\/#website\",\"url\":\"http:\/\/akmi.lt\/en\/\",\"name\":\"Akmi\",\"description\":\"\",\"potentialAction\":[{\"@type\":\"SearchAction\",\"target\":{\"@type\":\"EntryPoint\",\"urlTemplate\":\"http:\/\/akmi.lt\/en\/?s={search_term_string}\"},\"query-input\":{\"@type\":\"PropertyValueSpecification\",\"valueRequired\":true,\"valueName\":\"search_term_string\"}}],\"inLanguage\":\"en-US\"}]}<\/script>\n<!-- \/ Yoast SEO plugin. -->","yoast_head_json":{"title":"Cruise ship Wish - Akmi","description":"Interior and bathroom finishing has been implemented in 10 Luxury Suite cabins on a cruise ship. One of the most commonly used stone finishing technologies in the shipbuilding industry is stone lightening using aluminum honeycomb panels. Using them, products are lightened without losing the strength and durability of the product. Weight is extremely important in the shipbuilding industry - the investment quickly pays off with lower fuel costs. One of the main stages in ship finishing work is preparation and coordination. After precisely coordinating the planned work, assessing the risks involved and making decisions - the work is carried out according to the planned plan. After the products are safely arranged, the boxes are marked according to the agreement so that the work is carried out promptly during installation.","robots":{"index":"index","follow":"follow","max-snippet":"max-snippet:-1","max-image-preview":"max-image-preview:large","max-video-preview":"max-video-preview:-1"},"canonical":"http:\/\/akmi.lt\/en\/works-carried-out\/ships\/cruise-ship-wish\/","og_locale":"en_US","og_type":"article","og_title":"Kruizinis laivas Wish - Akmi","og_description":"Kruiziniame laive \u012fgyvendinta interjero ir vonios kambari\u0173 apdaila 10-tyje Luxury Suite kaju\u010di\u0173. Viena da\u017eniausiai laiv\u0173 industrijoje taikom\u0173 akmens apdailos technologij\u0173 - akmens i\u0161lengvinimas naudojant aliuminio honeycomb paneles. Jas naudojant gaminiai i\u0161lengvinami neprarandant gaminio tvirtumo ir ilgaam\u017ei\u0161kumo. Laiv\u0173 industrijoje svoris itin svarbus - investicija greitai atsiperka ma\u017eesn\u0117mis kuro s\u0105naudomis.Atliekant laiv\u0173 apdailos darbus vienas pagrindini\u0173 etap\u0173 - pasiruo\u0161imas ir derinimas. Tiksliai susiderinus planuojamus darbus, \u012fvertinus kylan\u010dias rizikas ir pri\u0117mus sprendimus - darbai vykdomi pagal numatyt\u0105 plan\u0105. Gaminius saugiai sutaravus d\u0117\u017e\u0117s \u017eymimos pagal susitarim\u0105, kad montavimo metu darbai b\u016bt\u0173 vykdomi operatyviai.","og_url":"http:\/\/akmi.lt\/en\/works-carried-out\/ships\/cruise-ship-wish\/","og_site_name":"Akmi","article_modified_time":"2023-10-11T08:20:28+00:00","og_image":[{"width":1200,"height":1151,"url":"http:\/\/akmi.lt\/wp-content\/uploads\/2023\/03\/Kuizinis-laivas-4.jpg","type":"image\/jpeg"}],"twitter_card":"summary_large_image","twitter_misc":{"Est. reading time":"1 minute"},"schema":{"@context":"https:\/\/schema.org","@graph":[{"@type":"WebPage","@id":"http:\/\/akmi.lt\/en\/works-carried-out\/ships\/cruise-ship-wish\/","url":"http:\/\/akmi.lt\/en\/works-carried-out\/ships\/cruise-ship-wish\/","name":"Cruise ship Wish - Akmi","isPartOf":{"@id":"http:\/\/akmi.lt\/en\/#website"},"primaryImageOfPage":{"@id":"http:\/\/akmi.lt\/en\/works-carried-out\/ships\/cruise-ship-wish\/#primaryimage"},"image":{"@id":"http:\/\/akmi.lt\/en\/works-carried-out\/ships\/cruise-ship-wish\/#primaryimage"},"thumbnailUrl":"http:\/\/akmi.lt\/wp-content\/uploads\/2023\/03\/Kuizinis-laivas-4.jpg","datePublished":"2023-03-19T16:52:42+00:00","dateModified":"2023-10-11T08:20:28+00:00","description":"Interior and bathroom finishing has been implemented in 10 Luxury Suite cabins on a cruise ship. One of the most commonly used stone finishing technologies in the shipbuilding industry is stone lightening using aluminum honeycomb panels. Using them, products are lightened without losing the strength and durability of the product. Weight is extremely important in the shipbuilding industry - the investment quickly pays off with lower fuel costs. One of the main stages in ship finishing work is preparation and coordination. After precisely coordinating the planned work, assessing the risks involved and making decisions - the work is carried out according to the planned plan. After the products are safely arranged, the boxes are marked according to the agreement so that the work is carried out promptly during installation.","breadcrumb":{"@id":"http:\/\/akmi.lt\/en\/works-carried-out\/ships\/cruise-ship-wish\/#breadcrumb"},"inLanguage":"en-US","potentialAction":[{"@type":"ReadAction","target":["http:\/\/akmi.lt\/en\/works-carried-out\/ships\/cruise-ship-wish\/"]}]},{"@type":"ImageObject","inLanguage":"en-US","@id":"http:\/\/akmi.lt\/en\/works-carried-out\/ships\/cruise-ship-wish\/#primaryimage","url":"http:\/\/akmi.lt\/wp-content\/uploads\/2023\/03\/Kuizinis-laivas-4.jpg","contentUrl":"http:\/\/akmi.lt\/wp-content\/uploads\/2023\/03\/Kuizinis-laivas-4.jpg","width":1200,"height":1151,"caption":"Vonios apdaila laive"},{"@type":"BreadcrumbList","@id":"http:\/\/akmi.lt\/en\/works-carried-out\/ships\/cruise-ship-wish\/#breadcrumb","itemListElement":[{"@type":"ListItem","position":1,"name":"Pagrindinis","item":"http:\/\/akmi.lt\/en\/"},{"@type":"ListItem","position":2,"name":"Projektai","item":"http:\/\/akmi.lt\/en\/works-carried-out\/"},{"@type":"ListItem","position":3,"name":"Laivai","item":"http:\/\/akmi.lt\/en\/works-carried-out\/ships\/"},{"@type":"ListItem","position":4,"name":"Kruizinis laivas Wish"}]},{"@type":"WebSite","@id":"http:\/\/akmi.lt\/en\/#website","url":"http:\/\/akmi.lt\/en\/","name":"Stone","description":"","potentialAction":[{"@type":"SearchAction","target":{"@type":"EntryPoint","urlTemplate":"http:\/\/akmi.lt\/en\/?s={search_term_string}"},"query-input":{"@type":"PropertyValueSpecification","valueRequired":true,"valueName":"search_term_string"}}],"inLanguage":"en-US"}]}},"_links":{"self":[{"href":"http:\/\/akmi.lt\/en\/wp-json\/wp\/v2\/pages\/7008","targetHints":{"allow":["GET"]}}],"collection":[{"href":"http:\/\/akmi.lt\/en\/wp-json\/wp\/v2\/pages"}],"about":[{"href":"http:\/\/akmi.lt\/en\/wp-json\/wp\/v2\/types\/page"}],"author":[{"embeddable":true,"href":"http:\/\/akmi.lt\/en\/wp-json\/wp\/v2\/users\/2"}],"replies":[{"embeddable":true,"href":"http:\/\/akmi.lt\/en\/wp-json\/wp\/v2\/comments?post=7008"}],"version-history":[{"count":5,"href":"http:\/\/akmi.lt\/en\/wp-json\/wp\/v2\/pages\/7008\/revisions"}],"predecessor-version":[{"id":12883,"href":"http:\/\/akmi.lt\/en\/wp-json\/wp\/v2\/pages\/7008\/revisions\/12883"}],"up":[{"embeddable":true,"href":"http:\/\/akmi.lt\/en\/wp-json\/wp\/v2\/pages\/6914"}],"wp:featuredmedia":[{"embeddable":true,"href":"http:\/\/akmi.lt\/en\/wp-json\/wp\/v2\/media\/7012"}],"wp:attachment":[{"href":"http:\/\/akmi.lt\/en\/wp-json\/wp\/v2\/media?parent=7008"}],"curies":[{"name":"wp","href":"https:\/\/api.w.org\/{rel}","templated":true}]}}