{"id":6926,"date":"2023-03-08T05:08:58","date_gmt":"2023-03-08T05:08:58","guid":{"rendered":"http:\/\/akmi.lt\/?page_id=6926"},"modified":"2023-09-14T03:05:14","modified_gmt":"2023-09-14T03:05:14","slug":"amberton-spa","status":"publish","type":"page","link":"http:\/\/akmi.lt\/en\/atlikti-darbai\/komerciniai-projektai\/amberton-spa\/","title":{"rendered":"Amberton Spa"},"content":{"rendered":"<div class=\"vc_row wpb_row vc_row-fluid\" ><div class=\"wpb_column vc_column_container vc_col-sm-12\"><div class=\"vc_column-inner\"><div class=\"wpb_wrapper\"><div class=\"vc_row wpb_row vc_inner vc_row-fluid\" ><div class=\"image-box wpb_column vc_column_container vc_col-sm-7 vc_col-xs-12\"><div class=\"vc_column-inner\"><div class=\"wpb_wrapper\"><div class=\"edgtf-single-image-holder  edgtf-has-shadow\">\n    <div class=\"edgtf-si-inner\" >\n                                    <img decoding=\"async\" width=\"1000\" height=\"750\" data-src=\"http:\/\/akmi.lt\/wp-content\/uploads\/2023\/03\/Recepsijos-apdaila-is-akmens.jpg\" class=\"attachment-full size-full lazyload\" alt=\"Stone reception desk\" data-srcset=\"http:\/\/akmi.lt\/wp-content\/uploads\/2023\/03\/Recepsijos-apdaila-is-akmens.jpg 1000w, http:\/\/akmi.lt\/wp-content\/uploads\/2023\/03\/Recepsijos-apdaila-is-akmens-300x225.jpg 300w, http:\/\/akmi.lt\/wp-content\/uploads\/2023\/03\/Recepsijos-apdaila-is-akmens-768x576.jpg 768w, http:\/\/akmi.lt\/wp-content\/uploads\/2023\/03\/Recepsijos-apdaila-is-akmens-600x450.jpg 600w\" data-sizes=\"(max-width: 1000px) 100vw, 1000px\" src=\"data:image\/gif;base64,R0lGODlhAQABAAAAACH5BAEKAAEALAAAAAABAAEAAAICTAEAOw==\" style=\"--smush-placeholder-width: 1000px; --smush-placeholder-aspect-ratio: 1000\/750;\" \/>                        <\/div>\n<\/div><div class=\"edgtf-single-image-holder  edgtf-has-shadow\">\n    <div class=\"edgtf-si-inner\" >\n                                    <img decoding=\"async\" width=\"1000\" height=\"651\" data-src=\"http:\/\/akmi.lt\/wp-content\/uploads\/2023\/03\/Quarella-spa-apdaila-2.jpg\" class=\"attachment-full size-full lazyload\" alt=\"\" data-srcset=\"http:\/\/akmi.lt\/wp-content\/uploads\/2023\/03\/Quarella-spa-apdaila-2.jpg 1000w, http:\/\/akmi.lt\/wp-content\/uploads\/2023\/03\/Quarella-spa-apdaila-2-300x195.jpg 300w, http:\/\/akmi.lt\/wp-content\/uploads\/2023\/03\/Quarella-spa-apdaila-2-768x500.jpg 768w, http:\/\/akmi.lt\/wp-content\/uploads\/2023\/03\/Quarella-spa-apdaila-2-600x391.jpg 600w\" data-sizes=\"(max-width: 1000px) 100vw, 1000px\" src=\"data:image\/gif;base64,R0lGODlhAQABAAAAACH5BAEKAAEALAAAAAABAAEAAAICTAEAOw==\" style=\"--smush-placeholder-width: 1000px; --smush-placeholder-aspect-ratio: 1000\/651;\" \/>                        <\/div>\n<\/div><div class=\"edgtf-single-image-holder  edgtf-has-shadow\">\n    <div class=\"edgtf-si-inner\" >\n                                    <img decoding=\"async\" width=\"1000\" height=\"717\" data-src=\"http:\/\/akmi.lt\/wp-content\/uploads\/2023\/03\/Quarella-spa-apdaila.jpg\" class=\"attachment-full size-full lazyload\" alt=\"\" data-srcset=\"http:\/\/akmi.lt\/wp-content\/uploads\/2023\/03\/Quarella-spa-apdaila.jpg 1000w, http:\/\/akmi.lt\/wp-content\/uploads\/2023\/03\/Quarella-spa-apdaila-300x215.jpg 300w, http:\/\/akmi.lt\/wp-content\/uploads\/2023\/03\/Quarella-spa-apdaila-768x551.jpg 768w, http:\/\/akmi.lt\/wp-content\/uploads\/2023\/03\/Quarella-spa-apdaila-600x430.jpg 600w\" data-sizes=\"(max-width: 1000px) 100vw, 1000px\" src=\"data:image\/gif;base64,R0lGODlhAQABAAAAACH5BAEKAAEALAAAAAABAAEAAAICTAEAOw==\" style=\"--smush-placeholder-width: 1000px; --smush-placeholder-aspect-ratio: 1000\/717;\" \/>                        <\/div>\n<\/div><div class=\"edgtf-single-image-holder  edgtf-has-shadow\">\n    <div class=\"edgtf-si-inner\" >\n                                    <img decoding=\"async\" width=\"1000\" height=\"666\" data-src=\"http:\/\/akmi.lt\/wp-content\/uploads\/2023\/03\/Quarella-spa-apdaila-4.jpg\" class=\"attachment-full size-full lazyload\" alt=\"\" data-srcset=\"http:\/\/akmi.lt\/wp-content\/uploads\/2023\/03\/Quarella-spa-apdaila-4.jpg 1000w, http:\/\/akmi.lt\/wp-content\/uploads\/2023\/03\/Quarella-spa-apdaila-4-300x200.jpg 300w, http:\/\/akmi.lt\/wp-content\/uploads\/2023\/03\/Quarella-spa-apdaila-4-768x511.jpg 768w, http:\/\/akmi.lt\/wp-content\/uploads\/2023\/03\/Quarella-spa-apdaila-4-600x400.jpg 600w\" data-sizes=\"(max-width: 1000px) 100vw, 1000px\" src=\"data:image\/gif;base64,R0lGODlhAQABAAAAACH5BAEKAAEALAAAAAABAAEAAAICTAEAOw==\" style=\"--smush-placeholder-width: 1000px; --smush-placeholder-aspect-ratio: 1000\/666;\" \/>                        <\/div>\n<\/div><div class=\"edgtf-single-image-holder  edgtf-has-shadow\">\n    <div class=\"edgtf-si-inner\" >\n                                    <img decoding=\"async\" width=\"750\" height=\"1000\" data-src=\"http:\/\/akmi.lt\/wp-content\/uploads\/2023\/03\/Sienu-apdaila-is-Quarella-plyteliu-ir-laiptai.jpg\" class=\"attachment-full size-full lazyload\" alt=\"Tile stairs\" data-srcset=\"http:\/\/akmi.lt\/wp-content\/uploads\/2023\/03\/Sienu-apdaila-is-Quarella-plyteliu-ir-laiptai.jpg 750w, http:\/\/akmi.lt\/wp-content\/uploads\/2023\/03\/Sienu-apdaila-is-Quarella-plyteliu-ir-laiptai-225x300.jpg 225w, http:\/\/akmi.lt\/wp-content\/uploads\/2023\/03\/Sienu-apdaila-is-Quarella-plyteliu-ir-laiptai-600x800.jpg 600w\" data-sizes=\"(max-width: 750px) 100vw, 750px\" src=\"data:image\/gif;base64,R0lGODlhAQABAAAAACH5BAEKAAEALAAAAAABAAEAAAICTAEAOw==\" style=\"--smush-placeholder-width: 750px; --smush-placeholder-aspect-ratio: 750\/1000;\" \/>                        <\/div>\n<\/div><div class=\"edgtf-single-image-holder  edgtf-has-shadow\">\n    <div class=\"edgtf-si-inner\" >\n                                    <img decoding=\"async\" width=\"1000\" height=\"750\" data-src=\"http:\/\/akmi.lt\/wp-content\/uploads\/2023\/03\/Quarella-spa-apdaila-3.jpg\" class=\"attachment-full size-full lazyload\" alt=\"Furniture decoration made of stone\" data-srcset=\"http:\/\/akmi.lt\/wp-content\/uploads\/2023\/03\/Quarella-spa-apdaila-3.jpg 1000w, http:\/\/akmi.lt\/wp-content\/uploads\/2023\/03\/Quarella-spa-apdaila-3-300x225.jpg 300w, http:\/\/akmi.lt\/wp-content\/uploads\/2023\/03\/Quarella-spa-apdaila-3-768x576.jpg 768w, http:\/\/akmi.lt\/wp-content\/uploads\/2023\/03\/Quarella-spa-apdaila-3-600x450.jpg 600w\" data-sizes=\"(max-width: 1000px) 100vw, 1000px\" src=\"data:image\/gif;base64,R0lGODlhAQABAAAAACH5BAEKAAEALAAAAAABAAEAAAICTAEAOw==\" style=\"--smush-placeholder-width: 1000px; --smush-placeholder-aspect-ratio: 1000\/750;\" \/>                        <\/div>\n<\/div><\/div><\/div><\/div><div class=\"text-box wpb_column vc_column_container vc_col-sm-5 vc_col-xs-12\"><div class=\"vc_column-inner\"><div class=\"wpb_wrapper\"><div class=\"edgtf-section-title-holder title-box-margin edgtf-st-standard  edgtf-st-position-left edgtf-appear-fx\" >\n\t\t<div class=\"edgtf-st-inner\">\n                    <div class=\"edgtf-st-title-holder\">\n                <h3 class=\"edgtf-st-title\" >\n                    Description                <\/h3>\n            <\/div>\n\t\t\t\t            <div class=\"edgtf-st-text-holder\">\n    \t\t\t<p class=\"edgtf-st-text\" >\n    \t\t\t\tThe Amberton Druskininkai Sleep Therapy Center has an exclusive SPA space. Italian terrazzo stone Quarella was selected for the decoration of floors, walls, and furniture. The design solutions create a seamless and relaxing environment.<br \/>\nThe luxury hotel experience begins with a professional welcome. The uniquely shaped reception area, finished in natural stone, promises the highest quality and a non-standard approach to guests.    \t\t\t<\/p>\n            <\/div>\n\t\t\t<\/div>\n    <\/div><div class=\"edgtf-section-title-holder inline-title edgtf-st-standard  edgtf-st-position-left edgtf-appear-fx\" >\n\t\t<div class=\"edgtf-st-inner\">\n                    <div class=\"edgtf-st-title-holder\">\n                <h3 class=\"edgtf-st-title\" >\n                    PROJECT NAME:                <\/h3>\n            <\/div>\n\t\t\t\t            <div class=\"edgtf-st-text-holder\">\n    \t\t\t<p class=\"edgtf-st-text\" >\n    \t\t\t\tAmberton Green SPA Druskininkai    \t\t\t<\/p>\n            <\/div>\n\t\t\t<\/div>\n    <\/div><div class=\"edgtf-section-title-holder inline-title edgtf-st-standard  edgtf-st-position-left edgtf-appear-fx\" >\n\t\t<div class=\"edgtf-st-inner\">\n                    <div class=\"edgtf-st-title-holder\">\n                <h3 class=\"edgtf-st-title\" >\n                    DESIGNER:                <\/h3>\n            <\/div>\n\t\t\t\t            <div class=\"edgtf-st-text-holder\">\n    \t\t\t<p class=\"edgtf-st-text\" >\n    \t\t\t\tArches    \t\t\t<\/p>\n            <\/div>\n\t\t\t<\/div>\n    <\/div><div class=\"edgtf-section-title-holder inline-title edgtf-st-standard  edgtf-st-position-left edgtf-appear-fx\" >\n\t\t<div class=\"edgtf-st-inner\">\n                    <div class=\"edgtf-st-title-holder\">\n                <h3 class=\"edgtf-st-title\" >\n                    CONTRACTOR:                <\/h3>\n            <\/div>\n\t\t\t\t            <div class=\"edgtf-st-text-holder\">\n    \t\t\t<p class=\"edgtf-st-text\" >\n    \t\t\t\tBoll interiors    \t\t\t<\/p>\n            <\/div>\n\t\t\t<\/div>\n    <\/div><div class=\"vc_empty_space\"   style=\"height: 30px\"><span class=\"vc_empty_space_inner\"><\/span><\/div><div class=\"vc_separator wpb_content_element vc_separator_align_center vc_sep_width_100 vc_sep_pos_align_center vc_separator_no_text vc_sep_color_grey\" ><span class=\"vc_sep_holder vc_sep_holder_l\"><span  class=\"vc_sep_line\"><\/span><\/span><span class=\"vc_sep_holder vc_sep_holder_r\"><span  class=\"vc_sep_line\"><\/span><\/span>\n<\/div><div class=\"edgtf-link-section-holder edgtf-appear-fx\">\n    <div class=\"edgtf-link-section-title-holder\">\n        <h2 class=\"edgtf-link-section-title\" >\n    \t\tSTONE:        <\/h2>\n    <\/div>\n            <div class=\"edgtf-single-link-section-holder\">\n                            <a href=\"#\" class=\"edgtf-link-section\" >\n                    <div class=\"edgtf-single-link-title-holder\">\n                        <h5 class=\"edgtf-single-link-title\" >\n                            Quarella                        <\/h5>\n                    <\/div>\n                <\/a>\n                    <\/div>\n            <div class=\"edgtf-single-link-section-holder\">\n                            <a href=\"#\" class=\"edgtf-link-section\" >\n                    <div class=\"edgtf-single-link-title-holder\">\n                        <h5 class=\"edgtf-single-link-title\" >\n                            terrazzo                        <\/h5>\n                    <\/div>\n                <\/a>\n                    <\/div>\n    <\/div><div class=\"vc_separator wpb_content_element vc_separator_align_center vc_sep_width_100 vc_sep_pos_align_center vc_separator_no_text vc_sep_color_grey\" ><span class=\"vc_sep_holder vc_sep_holder_l\"><span  class=\"vc_sep_line\"><\/span><\/span><span class=\"vc_sep_holder vc_sep_holder_r\"><span  class=\"vc_sep_line\"><\/span><\/span>\n<\/div><div class=\"edgtf-link-section-holder edgtf-appear-fx\">\n    <div class=\"edgtf-link-section-title-holder\">\n        <h2 class=\"edgtf-link-section-title\" >\n    \t\tSERVICE:        <\/h2>\n    <\/div>\n            <div class=\"edgtf-single-link-section-holder\">\n                            <a href=\"\/en\/services\/tile-cutting\/\" class=\"edgtf-link-section\" >\n                    <div class=\"edgtf-single-link-title-holder\">\n                        <h5 class=\"edgtf-single-link-title\" >\n                            cutting panels                        <\/h5>\n                    <\/div>\n                <\/a>\n                    <\/div>\n            <div class=\"edgtf-single-link-section-holder\">\n                            <a href=\"\/en\/services\/edge-processing\/\" class=\"edgtf-link-section\" >\n                    <div class=\"edgtf-single-link-title-holder\">\n                        <h5 class=\"edgtf-single-link-title\" >\n                            Edge processing                        <\/h5>\n                    <\/div>\n                <\/a>\n                    <\/div>\n    <\/div><div class=\"vc_separator wpb_content_element vc_separator_align_center vc_sep_width_100 vc_sep_pos_align_center vc_separator_no_text vc_sep_color_grey\" ><span class=\"vc_sep_holder vc_sep_holder_l\"><span  class=\"vc_sep_line\"><\/span><\/span><span class=\"vc_sep_holder vc_sep_holder_r\"><span  class=\"vc_sep_line\"><\/span><\/span>\n<\/div><div class=\"edgtf-link-section-holder edgtf-appear-fx\">\n    <div class=\"edgtf-link-section-title-holder\">\n        <h2 class=\"edgtf-link-section-title\" >\n    \t\tPRODUCTS:        <\/h2>\n    <\/div>\n            <div class=\"edgtf-single-link-section-holder\">\n                            <a href=\"\/en\/products\/floor-finishing\/\" class=\"edgtf-link-section\" >\n                    <div class=\"edgtf-single-link-title-holder\">\n                        <h5 class=\"edgtf-single-link-title\" >\n                            floor                        <\/h5>\n                    <\/div>\n                <\/a>\n                    <\/div>\n            <div class=\"edgtf-single-link-section-holder\">\n                            <a href=\"\/en\/products\/wall-decoration\/\" class=\"edgtf-link-section\" >\n                    <div class=\"edgtf-single-link-title-holder\">\n                        <h5 class=\"edgtf-single-link-title\" >\n                            walls                        <\/h5>\n                    <\/div>\n                <\/a>\n                    <\/div>\n            <div class=\"edgtf-single-link-section-holder\">\n                            <a href=\"\/en\/products\/furniture-decoration\/\" class=\"edgtf-link-section\" >\n                    <div class=\"edgtf-single-link-title-holder\">\n                        <h5 class=\"edgtf-single-link-title\" >\n                            furniture finishing                        <\/h5>\n                    <\/div>\n                <\/a>\n                    <\/div>\n    <\/div><div class=\"vc_separator wpb_content_element vc_separator_align_center vc_sep_width_100 vc_sep_pos_align_center vc_separator_no_text vc_sep_color_grey\" ><span class=\"vc_sep_holder vc_sep_holder_l\"><span  class=\"vc_sep_line\"><\/span><\/span><span class=\"vc_sep_holder vc_sep_holder_r\"><span  class=\"vc_sep_line\"><\/span><\/span>\n<\/div><\/div><\/div><\/div><\/div><\/div><\/div><\/div><\/div>","protected":false},"excerpt":{"rendered":"Apra\u0161as Miego terapijos centre Amberton Druskininkai \u012frengta i\u0161skirtin\u0117 SPA erdv\u0117. Grind\u0173, sien\u0173, bald\u0173 apdailai parinktas itali\u0161kas teraco akmuo Quarella. Dizaino sprendimais \u012frengta vientisa ir atpalaiduojanti aplinka. Prabangaus vie\u0161bu\u010dio patirtis prasideda nuo profesionalaus pri\u0117mimo. I\u0161skirtin\u0117s formos recepsijos zonos apdaila i\u0161 nat\u016bralaus [...]","protected":false},"author":2,"featured_media":7302,"parent":5934,"menu_order":0,"comment_status":"closed","ping_status":"closed","template":"","meta":{"footnotes":""},"class_list":["post-6926","page","type-page","status-publish","has-post-thumbnail","hentry"],"yoast_head":"<!-- This site is optimized with the Yoast SEO plugin v24.0 - https:\/\/yoast.com\/wordpress\/plugins\/seo\/ -->\n<title>Amberton SPA . Nat\u016bralaus ir dirbtinio akmens gaminiai | AKMI<\/title>\n<meta name=\"description\" content=\"Miego terapijos centre Amberton Druskininkai \u012frengta i\u0161skirtin\u0117 SPA erdv\u0117. Grind\u0173, sien\u0173, bald\u0173 apdailai parinktas itali\u0161kas teraco akmuo Quarella. Dizaino sprendimais \u012frengta vientisa ir atpalaiduojanti aplinka. Prabangaus vie\u0161bu\u010dio patirtis prasideda nuo profesionalaus pri\u0117mimo. I\u0161skirtin\u0117s formos recepsijos zonos apdaila i\u0161 nat\u016bralaus akmens \u017eada auk\u0161\u010diausi\u0105 kokyb\u0119 ir nestandartin\u012f po\u017ei\u016br\u012f \u012f sve\u010dius.\" \/>\n<meta name=\"robots\" content=\"index, follow, max-snippet:-1, max-image-preview:large, max-video-preview:-1\" \/>\n<link rel=\"canonical\" href=\"http:\/\/akmi.lt\/en\/works-carried-out\/commercial-projects\/amberton-spa\/\" \/>\n<meta property=\"og:locale\" content=\"en_US\" \/>\n<meta property=\"og:type\" content=\"article\" \/>\n<meta property=\"og:title\" content=\"Amberton SPA . Nat\u016bralaus ir dirbtinio akmens gaminiai | AKMI\" \/>\n<meta property=\"og:description\" content=\"Miego terapijos centre Amberton Druskininkai \u012frengta i\u0161skirtin\u0117 SPA erdv\u0117. Grind\u0173, sien\u0173, bald\u0173 apdailai parinktas itali\u0161kas teraco akmuo Quarella. Dizaino sprendimais \u012frengta vientisa ir atpalaiduojanti aplinka. Prabangaus vie\u0161bu\u010dio patirtis prasideda nuo profesionalaus pri\u0117mimo. I\u0161skirtin\u0117s formos recepsijos zonos apdaila i\u0161 nat\u016bralaus akmens \u017eada auk\u0161\u010diausi\u0105 kokyb\u0119 ir nestandartin\u012f po\u017ei\u016br\u012f \u012f sve\u010dius.\" \/>\n<meta property=\"og:url\" content=\"http:\/\/akmi.lt\/en\/works-carried-out\/commercial-projects\/amberton-spa\/\" \/>\n<meta property=\"og:site_name\" content=\"Akmi\" \/>\n<meta property=\"article:modified_time\" content=\"2023-09-14T03:05:14+00:00\" \/>\n<meta property=\"og:image\" content=\"http:\/\/akmi.lt\/wp-content\/uploads\/2023\/03\/SPA-apdaila-is-akmens.jpg\" \/>\n\t<meta property=\"og:image:width\" content=\"1024\" \/>\n\t<meta property=\"og:image:height\" content=\"683\" \/>\n\t<meta property=\"og:image:type\" content=\"image\/jpeg\" \/>\n<meta name=\"twitter:card\" content=\"summary_large_image\" \/>\n<meta name=\"twitter:label1\" content=\"Est. reading time\" \/>\n\t<meta name=\"twitter:data1\" content=\"1 minute\" \/>\n<script type=\"application\/ld+json\" class=\"yoast-schema-graph\">{\"@context\":\"https:\/\/schema.org\",\"@graph\":[{\"@type\":\"WebPage\",\"@id\":\"http:\/\/akmi.lt\/en\/works-carried-out\/commercial-projects\/amberton-spa\/\",\"url\":\"http:\/\/akmi.lt\/en\/works-carried-out\/commercial-projects\/amberton-spa\/\",\"name\":\"Amberton SPA . Nat\u016bralaus ir dirbtinio akmens gaminiai | AKMI\",\"isPartOf\":{\"@id\":\"http:\/\/akmi.lt\/en\/#website\"},\"primaryImageOfPage\":{\"@id\":\"http:\/\/akmi.lt\/en\/works-carried-out\/commercial-projects\/amberton-spa\/#primaryimage\"},\"image\":{\"@id\":\"http:\/\/akmi.lt\/en\/works-carried-out\/commercial-projects\/amberton-spa\/#primaryimage\"},\"thumbnailUrl\":\"http:\/\/akmi.lt\/wp-content\/uploads\/2023\/03\/SPA-apdaila-is-akmens.jpg\",\"datePublished\":\"2023-03-08T05:08:58+00:00\",\"dateModified\":\"2023-09-14T03:05:14+00:00\",\"description\":\"Miego terapijos centre Amberton Druskininkai \u012frengta i\u0161skirtin\u0117 SPA erdv\u0117. Grind\u0173, sien\u0173, bald\u0173 apdailai parinktas itali\u0161kas teraco akmuo Quarella. Dizaino sprendimais \u012frengta vientisa ir atpalaiduojanti aplinka. Prabangaus vie\u0161bu\u010dio patirtis prasideda nuo profesionalaus pri\u0117mimo. I\u0161skirtin\u0117s formos recepsijos zonos apdaila i\u0161 nat\u016bralaus akmens \u017eada auk\u0161\u010diausi\u0105 kokyb\u0119 ir nestandartin\u012f po\u017ei\u016br\u012f \u012f sve\u010dius.\",\"breadcrumb\":{\"@id\":\"http:\/\/akmi.lt\/en\/works-carried-out\/commercial-projects\/amberton-spa\/#breadcrumb\"},\"inLanguage\":\"en-US\",\"potentialAction\":[{\"@type\":\"ReadAction\",\"target\":[\"http:\/\/akmi.lt\/en\/works-carried-out\/commercial-projects\/amberton-spa\/\"]}]},{\"@type\":\"ImageObject\",\"inLanguage\":\"en-US\",\"@id\":\"http:\/\/akmi.lt\/en\/works-carried-out\/commercial-projects\/amberton-spa\/#primaryimage\",\"url\":\"http:\/\/akmi.lt\/wp-content\/uploads\/2023\/03\/SPA-apdaila-is-akmens.jpg\",\"contentUrl\":\"http:\/\/akmi.lt\/wp-content\/uploads\/2023\/03\/SPA-apdaila-is-akmens.jpg\",\"width\":1024,\"height\":683},{\"@type\":\"BreadcrumbList\",\"@id\":\"http:\/\/akmi.lt\/en\/works-carried-out\/commercial-projects\/amberton-spa\/#breadcrumb\",\"itemListElement\":[{\"@type\":\"ListItem\",\"position\":1,\"name\":\"Pagrindinis\",\"item\":\"http:\/\/akmi.lt\/en\/\"},{\"@type\":\"ListItem\",\"position\":2,\"name\":\"Projektai\",\"item\":\"http:\/\/akmi.lt\/en\/works-carried-out\/\"},{\"@type\":\"ListItem\",\"position\":3,\"name\":\"Komerciniai projektai\",\"item\":\"http:\/\/akmi.lt\/en\/works-carried-out\/commercial-projects\/\"},{\"@type\":\"ListItem\",\"position\":4,\"name\":\"Amberton SPA\"}]},{\"@type\":\"WebSite\",\"@id\":\"http:\/\/akmi.lt\/en\/#website\",\"url\":\"http:\/\/akmi.lt\/en\/\",\"name\":\"Akmi\",\"description\":\"\",\"potentialAction\":[{\"@type\":\"SearchAction\",\"target\":{\"@type\":\"EntryPoint\",\"urlTemplate\":\"http:\/\/akmi.lt\/en\/?s={search_term_string}\"},\"query-input\":{\"@type\":\"PropertyValueSpecification\",\"valueRequired\":true,\"valueName\":\"search_term_string\"}}],\"inLanguage\":\"en-US\"}]}<\/script>\n<!-- \/ Yoast SEO plugin. -->","yoast_head_json":{"title":"Amberton SPA. Natural and artificial stone products | AKMI","description":"The Amberton Druskininkai Sleep Therapy Center has an exclusive SPA space. Italian terrazzo stone Quarella was selected for the decoration of floors, walls, and furniture. Design solutions have created a seamless and relaxing environment. The luxury hotel experience begins with a professional reception. The uniquely shaped reception area decorated with natural stone promises the highest quality and a non-standard approach to guests.","robots":{"index":"index","follow":"follow","max-snippet":"max-snippet:-1","max-image-preview":"max-image-preview:large","max-video-preview":"max-video-preview:-1"},"canonical":"http:\/\/akmi.lt\/en\/works-carried-out\/commercial-projects\/amberton-spa\/","og_locale":"en_US","og_type":"article","og_title":"Amberton SPA . Nat\u016bralaus ir dirbtinio akmens gaminiai | AKMI","og_description":"Miego terapijos centre Amberton Druskininkai \u012frengta i\u0161skirtin\u0117 SPA erdv\u0117. Grind\u0173, sien\u0173, bald\u0173 apdailai parinktas itali\u0161kas teraco akmuo Quarella. Dizaino sprendimais \u012frengta vientisa ir atpalaiduojanti aplinka. Prabangaus vie\u0161bu\u010dio patirtis prasideda nuo profesionalaus pri\u0117mimo. I\u0161skirtin\u0117s formos recepsijos zonos apdaila i\u0161 nat\u016bralaus akmens \u017eada auk\u0161\u010diausi\u0105 kokyb\u0119 ir nestandartin\u012f po\u017ei\u016br\u012f \u012f sve\u010dius.","og_url":"http:\/\/akmi.lt\/en\/works-carried-out\/commercial-projects\/amberton-spa\/","og_site_name":"Akmi","article_modified_time":"2023-09-14T03:05:14+00:00","og_image":[{"width":1024,"height":683,"url":"http:\/\/akmi.lt\/wp-content\/uploads\/2023\/03\/SPA-apdaila-is-akmens.jpg","type":"image\/jpeg"}],"twitter_card":"summary_large_image","twitter_misc":{"Est. reading time":"1 minute"},"schema":{"@context":"https:\/\/schema.org","@graph":[{"@type":"WebPage","@id":"http:\/\/akmi.lt\/en\/works-carried-out\/commercial-projects\/amberton-spa\/","url":"http:\/\/akmi.lt\/en\/works-carried-out\/commercial-projects\/amberton-spa\/","name":"Amberton SPA. Natural and artificial stone products | AKMI","isPartOf":{"@id":"http:\/\/akmi.lt\/en\/#website"},"primaryImageOfPage":{"@id":"http:\/\/akmi.lt\/en\/works-carried-out\/commercial-projects\/amberton-spa\/#primaryimage"},"image":{"@id":"http:\/\/akmi.lt\/en\/works-carried-out\/commercial-projects\/amberton-spa\/#primaryimage"},"thumbnailUrl":"http:\/\/akmi.lt\/wp-content\/uploads\/2023\/03\/SPA-apdaila-is-akmens.jpg","datePublished":"2023-03-08T05:08:58+00:00","dateModified":"2023-09-14T03:05:14+00:00","description":"The Amberton Druskininkai Sleep Therapy Center has an exclusive SPA space. Italian terrazzo stone Quarella was selected for the decoration of floors, walls, and furniture. Design solutions have created a seamless and relaxing environment. The luxury hotel experience begins with a professional reception. The uniquely shaped reception area decorated with natural stone promises the highest quality and a non-standard approach to guests.","breadcrumb":{"@id":"http:\/\/akmi.lt\/en\/works-carried-out\/commercial-projects\/amberton-spa\/#breadcrumb"},"inLanguage":"en-US","potentialAction":[{"@type":"ReadAction","target":["http:\/\/akmi.lt\/en\/works-carried-out\/commercial-projects\/amberton-spa\/"]}]},{"@type":"ImageObject","inLanguage":"en-US","@id":"http:\/\/akmi.lt\/en\/works-carried-out\/commercial-projects\/amberton-spa\/#primaryimage","url":"http:\/\/akmi.lt\/wp-content\/uploads\/2023\/03\/SPA-apdaila-is-akmens.jpg","contentUrl":"http:\/\/akmi.lt\/wp-content\/uploads\/2023\/03\/SPA-apdaila-is-akmens.jpg","width":1024,"height":683},{"@type":"BreadcrumbList","@id":"http:\/\/akmi.lt\/en\/works-carried-out\/commercial-projects\/amberton-spa\/#breadcrumb","itemListElement":[{"@type":"ListItem","position":1,"name":"Pagrindinis","item":"http:\/\/akmi.lt\/en\/"},{"@type":"ListItem","position":2,"name":"Projektai","item":"http:\/\/akmi.lt\/en\/works-carried-out\/"},{"@type":"ListItem","position":3,"name":"Komerciniai projektai","item":"http:\/\/akmi.lt\/en\/works-carried-out\/commercial-projects\/"},{"@type":"ListItem","position":4,"name":"Amberton SPA"}]},{"@type":"WebSite","@id":"http:\/\/akmi.lt\/en\/#website","url":"http:\/\/akmi.lt\/en\/","name":"Stone","description":"","potentialAction":[{"@type":"SearchAction","target":{"@type":"EntryPoint","urlTemplate":"http:\/\/akmi.lt\/en\/?s={search_term_string}"},"query-input":{"@type":"PropertyValueSpecification","valueRequired":true,"valueName":"search_term_string"}}],"inLanguage":"en-US"}]}},"_links":{"self":[{"href":"http:\/\/akmi.lt\/en\/wp-json\/wp\/v2\/pages\/6926","targetHints":{"allow":["GET"]}}],"collection":[{"href":"http:\/\/akmi.lt\/en\/wp-json\/wp\/v2\/pages"}],"about":[{"href":"http:\/\/akmi.lt\/en\/wp-json\/wp\/v2\/types\/page"}],"author":[{"embeddable":true,"href":"http:\/\/akmi.lt\/en\/wp-json\/wp\/v2\/users\/2"}],"replies":[{"embeddable":true,"href":"http:\/\/akmi.lt\/en\/wp-json\/wp\/v2\/comments?post=6926"}],"version-history":[{"count":9,"href":"http:\/\/akmi.lt\/en\/wp-json\/wp\/v2\/pages\/6926\/revisions"}],"predecessor-version":[{"id":11246,"href":"http:\/\/akmi.lt\/en\/wp-json\/wp\/v2\/pages\/6926\/revisions\/11246"}],"up":[{"embeddable":true,"href":"http:\/\/akmi.lt\/en\/wp-json\/wp\/v2\/pages\/5934"}],"wp:featuredmedia":[{"embeddable":true,"href":"http:\/\/akmi.lt\/en\/wp-json\/wp\/v2\/media\/7302"}],"wp:attachment":[{"href":"http:\/\/akmi.lt\/en\/wp-json\/wp\/v2\/media?parent=6926"}],"curies":[{"name":"wp","href":"https:\/\/api.w.org\/{rel}","templated":true}]}}