{"id":6916,"date":"2023-03-06T19:21:29","date_gmt":"2023-03-06T19:21:29","guid":{"rendered":"http:\/\/akmi.lt\/?page_id=6916"},"modified":"2023-11-18T12:45:00","modified_gmt":"2023-11-18T12:45:00","slug":"monuments","status":"publish","type":"page","link":"http:\/\/akmi.lt\/en\/atlikti-darbai\/paminklai\/","title":{"rendered":"Monuments"},"content":{"rendered":"<div class=\"vc_row wpb_row vc_row-fluid\" ><div class=\"wpb_column vc_column_container vc_col-sm-12\"><div class=\"vc_column-inner\"><div class=\"wpb_wrapper\"><div class=\"vc_row wpb_row vc_inner vc_row-fluid\" ><div class=\"wpb_column vc_column_container vc_col-sm-12\"><div class=\"vc_column-inner\"><div class=\"wpb_wrapper\">\n<div class=\"vc_grid-container-wrapper vc_clearfix vc_grid-animation-none\">\n\t<div class=\"vc_grid-container vc_clearfix wpb_content_element vc_basic_grid page-post-grid\" data-initial-loading-animation=\"none\" data-vc-grid-settings=\"{&quot;page_id&quot;:6916,&quot;style&quot;:&quot;all&quot;,&quot;action&quot;:&quot;vc_get_vc_grid_data&quot;,&quot;shortcode_id&quot;:&quot;1700311140584-f88611ff-1b56-2&quot;,&quot;tag&quot;:&quot;vc_basic_grid&quot;}\" data-vc-request=\"http:\/\/akmi.lt\/wp-admin\/admin-ajax.php\" data-vc-post-id=\"6916\" data-vc-public-nonce=\"523d6d635a\">\n\t\t<style data-type=\"vc_shortcodes-custom-css\">.vc_custom_1419240516480{background-color: #f9f9f9 !important;}<\/style><div class=\"vc_grid vc_row vc_grid-gutter-30px vc_pageable-wrapper vc_hook_hover\" data-vc-pageable-content=\"true\"><div class=\"vc_pageable-slide-wrapper vc_clearfix\" data-vc-grid-content=\"true\"><div class=\"vc_grid-item vc_clearfix vc_col-sm-3 vc_grid-item-zone-c-bottom\"><div class=\"vc_grid-item-mini vc_clearfix \"><div class=\"vc_gitem-animated-block\" ><div class=\"vc_gitem-zone vc_gitem-zone-a vc-gitem-zone-height-mode-auto vc-gitem-zone-height-mode-auto-1-1 vc_gitem-is-link lazyload\" style=\"background-image:inherit;\" data-bg-image=\"url(&#039;http:\/\/akmi.lt\/wp-content\/uploads\/2023\/03\/Angelas-03-1024x683.jpg&#039;) !important\"><a href=\"http:\/\/akmi.lt\/en\/atlikti-darbai\/paminklai\/angelas-merkineje\/\" title=\"Angelas Merkin\u0117je\" class=\"vc_gitem-link vc-zone-link\" ><\/a><img decoding=\"async\" data-src=\"http:\/\/akmi.lt\/wp-content\/uploads\/2023\/03\/Angelas-03-1024x683.jpg\" class=\"vc_gitem-zone-img lazyload\" alt=\"Skulpt\u016bros i\u0161 marmuro\" src=\"data:image\/gif;base64,R0lGODlhAQABAAAAACH5BAEKAAEALAAAAAABAAEAAAICTAEAOw==\" style=\"--smush-placeholder-width: 1024px; --smush-placeholder-aspect-ratio: 1024\/683;\"><div class=\"vc_gitem-zone-mini\"><\/div><\/div><\/div><div class=\"vc_gitem-zone vc_gitem-zone-c vc_custom_1419240516480\"><div class=\"vc_gitem-zone-mini\"><div class=\"vc_gitem_row vc_row vc_gitem-row-position-top\"><div class=\"vc_col-sm-12 vc_gitem-col vc_gitem-col-align-\"><div class=\"vc_custom_heading vc_gitem-post-data vc_gitem-post-data-source-post_title\" ><h4 style=\"text-align: left\" >Angelas Merkin\u0117je<\/h4><\/div><div class=\"vc_custom_heading vc_gitem-post-data vc_gitem-post-data-source-post_excerpt\" ><p style=\"text-align: left\" >APRA\u0160AS D\u0117ka AKMI sukaupt\u0173 \u012frengim\u0173 ir ilgamet\u0117s patirties turime galimyb\u0119 bendradarbiauti su Lietuvoje ir pasaulyje pripa\u017eintais skulptoriais bei menininkais. \u017dymiems menininkams padedame \u012fgyvendinti j\u0173 id\u0117jas tiekdami auk\u0161\u010diausios kokyb\u0117s ir selekcijos \u017ealiav\u0105, pjaudami ruo\u0161inius ir atlikdami modeliavimo, CNC frezavimo, \u0161lifavimo, poliravimo [...]<\/p><\/div><div class=\"vc_btn3-container vc_btn3-left\"><a class=\"vc_general vc_btn3 vc_btn3-size-md vc_btn3-shape-rounded vc_btn3-style-flat vc_btn3-color-juicy-pink\" a href=\"http:\/\/akmi.lt\/en\/atlikti-darbai\/paminklai\/angelas-merkineje\/\" class=\"vc_gitem-link vc_general vc_btn3 vc_general vc_btn3 vc_btn3-size-md vc_btn3-shape-rounded vc_btn3-style-flat vc_btn3-color-juicy-pink\" title=\"Read more\">Read more<\/a><\/div><\/div><\/div><\/div><\/div><\/div><div class=\"vc_clearfix\"><\/div><\/div><div class=\"vc_grid-item vc_clearfix vc_col-sm-3 vc_grid-item-zone-c-bottom\"><div class=\"vc_grid-item-mini vc_clearfix \"><div class=\"vc_gitem-animated-block\" ><div class=\"vc_gitem-zone vc_gitem-zone-a vc-gitem-zone-height-mode-auto vc-gitem-zone-height-mode-auto-1-1 vc_gitem-is-link lazyload\" style=\"background-image:inherit;\" data-bg-image=\"url(&#039;http:\/\/akmi.lt\/wp-content\/uploads\/2023\/03\/Sakraliniu-elementu-apdaila-is-akmens-1.jpg&#039;) !important\"><a href=\"http:\/\/akmi.lt\/en\/atlikti-darbai\/paminklai\/ignoto-baznycia\/\" title=\"\u0160v. Ignoto ba\u017eny\u010dia\" class=\"vc_gitem-link vc-zone-link\" ><\/a><img decoding=\"async\" data-src=\"http:\/\/akmi.lt\/wp-content\/uploads\/2023\/03\/Sakraliniu-elementu-apdaila-is-akmens-1.jpg\" class=\"vc_gitem-zone-img lazyload\" alt=\"Altorius i\u0161 akmens\" src=\"data:image\/gif;base64,R0lGODlhAQABAAAAACH5BAEKAAEALAAAAAABAAEAAAICTAEAOw==\" style=\"--smush-placeholder-width: 1024px; --smush-placeholder-aspect-ratio: 1024\/681;\"><div class=\"vc_gitem-zone-mini\"><\/div><\/div><\/div><div class=\"vc_gitem-zone vc_gitem-zone-c vc_custom_1419240516480\"><div class=\"vc_gitem-zone-mini\"><div class=\"vc_gitem_row vc_row vc_gitem-row-position-top\"><div class=\"vc_col-sm-12 vc_gitem-col vc_gitem-col-align-\"><div class=\"vc_custom_heading vc_gitem-post-data vc_gitem-post-data-source-post_title\" ><h4 style=\"text-align: left\" >\u0160v. Ignoto ba\u017eny\u010dia<\/h4><\/div><div class=\"vc_custom_heading vc_gitem-post-data vc_gitem-post-data-source-post_excerpt\" ><p style=\"text-align: left\" >APRA\u0160AS Da\u017eniausiai naudojama med\u017eiaga sakraliems elementams ba\u017eny\u010diose - nat\u016bralus akmuo. \u0160i med\u017eiaga nepretenzinga, nat\u016brali, nepavaldi laikui. Bendradarbiaudami su architektais, menininkais ir dizaineriais projektuojame ir AKMI gamykloje gaminami svarbiausi ba\u017eny\u010di\u0173 apdailos elementai: altoriaus apdaila, ambona, sakykla. Gaminame ir montuojame grind\u0173, laipt\u0173 [...]<\/p><\/div><div class=\"vc_btn3-container vc_btn3-left\"><a class=\"vc_general vc_btn3 vc_btn3-size-md vc_btn3-shape-rounded vc_btn3-style-flat vc_btn3-color-juicy-pink\" a href=\"http:\/\/akmi.lt\/en\/atlikti-darbai\/paminklai\/ignoto-baznycia\/\" class=\"vc_gitem-link vc_general vc_btn3 vc_general vc_btn3 vc_btn3-size-md vc_btn3-shape-rounded vc_btn3-style-flat vc_btn3-color-juicy-pink\" title=\"Read more\">Read more<\/a><\/div><\/div><\/div><\/div><\/div><\/div><div class=\"vc_clearfix\"><\/div><\/div><div class=\"vc_grid-item vc_clearfix vc_col-sm-3 vc_grid-item-zone-c-bottom\"><div class=\"vc_grid-item-mini vc_clearfix \"><div class=\"vc_gitem-animated-block\" ><div class=\"vc_gitem-zone vc_gitem-zone-a vc-gitem-zone-height-mode-auto vc-gitem-zone-height-mode-auto-1-1 vc_gitem-is-link lazyload\" style=\"background-image:inherit;\" data-bg-image=\"url(&#039;http:\/\/akmi.lt\/wp-content\/uploads\/2023\/03\/10-Apdaila-is-akmens-baznycioje.jpg&#039;) !important\"><a href=\"http:\/\/akmi.lt\/en\/atlikti-darbai\/paminklai\/prisikelimo-baznycia\/\" title=\"Prisik\u0117limo ba\u017eny\u010dia\" class=\"vc_gitem-link vc-zone-link\" ><\/a><img decoding=\"async\" data-src=\"http:\/\/akmi.lt\/wp-content\/uploads\/2023\/03\/10-Apdaila-is-akmens-baznycioje.jpg\" class=\"vc_gitem-zone-img lazyload\" alt=\"Ambona\" src=\"data:image\/gif;base64,R0lGODlhAQABAAAAACH5BAEKAAEALAAAAAABAAEAAAICTAEAOw==\" style=\"--smush-placeholder-width: 1000px; --smush-placeholder-aspect-ratio: 1000\/664;\"><div class=\"vc_gitem-zone-mini\"><\/div><\/div><\/div><div class=\"vc_gitem-zone vc_gitem-zone-c vc_custom_1419240516480\"><div class=\"vc_gitem-zone-mini\"><div class=\"vc_gitem_row vc_row vc_gitem-row-position-top\"><div class=\"vc_col-sm-12 vc_gitem-col vc_gitem-col-align-\"><div class=\"vc_custom_heading vc_gitem-post-data vc_gitem-post-data-source-post_title\" ><h4 style=\"text-align: left\" >Prisik\u0117limo ba\u017eny\u010dia<\/h4><\/div><div class=\"vc_custom_heading vc_gitem-post-data vc_gitem-post-data-source-post_excerpt\" ><p style=\"text-align: left\" >APRA\u0160AS Da\u017eniausiai naudojama med\u017eiaga sakraliems elementams ba\u017eny\u010diose - nat\u016bralus akmuo. \u0160i med\u017eiaga nepretenzinga, nat\u016brali, nepavaldi laikui. Bendradarbiaudami su architektais, menininkais ir dizaineriais projektuojame ir AKMI gamykloje gaminami svarbiausi ba\u017eny\u010di\u0173 apdailos elementai: altoriaus apdaila, ambona, sakykla. Gaminame ir montuojame grind\u0173, laipt\u0173 [...]<\/p><\/div><div class=\"vc_btn3-container vc_btn3-left\"><a class=\"vc_general vc_btn3 vc_btn3-size-md vc_btn3-shape-rounded vc_btn3-style-flat vc_btn3-color-juicy-pink\" a href=\"http:\/\/akmi.lt\/en\/atlikti-darbai\/paminklai\/prisikelimo-baznycia\/\" class=\"vc_gitem-link vc_general vc_btn3 vc_general vc_btn3 vc_btn3-size-md vc_btn3-shape-rounded vc_btn3-style-flat vc_btn3-color-juicy-pink\" title=\"Read more\">Read more<\/a><\/div><\/div><\/div><\/div><\/div><\/div><div class=\"vc_clearfix\"><\/div><\/div><div class=\"vc_grid-item vc_clearfix vc_col-sm-3 vc_grid-item-zone-c-bottom\"><div class=\"vc_grid-item-mini vc_clearfix \"><div class=\"vc_gitem-animated-block\" ><div class=\"vc_gitem-zone vc_gitem-zone-a vc-gitem-zone-height-mode-auto vc-gitem-zone-height-mode-auto-1-1 vc_gitem-is-link lazyload\" style=\"background-image:inherit;\" data-bg-image=\"url(&#039;http:\/\/akmi.lt\/wp-content\/uploads\/2023\/03\/Skulptura-Bucinys-776x1024.jpg&#039;) !important\"><a href=\"http:\/\/akmi.lt\/en\/atlikti-darbai\/paminklai\/skulptura-bucinys\/\" title=\"Skulpt\u016bra \u201eBu\u010dinys\u201c\" class=\"vc_gitem-link vc-zone-link\" ><\/a><img decoding=\"async\" data-src=\"http:\/\/akmi.lt\/wp-content\/uploads\/2023\/03\/Skulptura-Bucinys-776x1024.jpg\" class=\"vc_gitem-zone-img lazyload\" alt=\"Paminklai skulpturos\" src=\"data:image\/gif;base64,R0lGODlhAQABAAAAACH5BAEKAAEALAAAAAABAAEAAAICTAEAOw==\" style=\"--smush-placeholder-width: 776px; --smush-placeholder-aspect-ratio: 776\/1024;\"><div class=\"vc_gitem-zone-mini\"><\/div><\/div><\/div><div class=\"vc_gitem-zone vc_gitem-zone-c vc_custom_1419240516480\"><div class=\"vc_gitem-zone-mini\"><div class=\"vc_gitem_row vc_row vc_gitem-row-position-top\"><div class=\"vc_col-sm-12 vc_gitem-col vc_gitem-col-align-\"><div class=\"vc_custom_heading vc_gitem-post-data vc_gitem-post-data-source-post_title\" ><h4 style=\"text-align: left\" >Skulpt\u016bra \u201eBu\u010dinys\u201c<\/h4><\/div><div class=\"vc_custom_heading vc_gitem-post-data vc_gitem-post-data-source-post_excerpt\" ><p style=\"text-align: left\" >APRA\u0160AS D\u0117ka AKMI sukaupt\u0173 \u012frengim\u0173 ir ilgamet\u0117s patirties turime galimyb\u0119 bendradarbiauti su Lietuvoje ir pasaulyje pripa\u017eintais skulptoriais bei menininkais. \u017dymiems menininkams padedame \u012fgyvendinti j\u0173 id\u0117jas tiekdami auk\u0161\u010diausios kokyb\u0117s ir selekcijos \u017ealiav\u0105, pjaudami ruo\u0161inius ir atlikdami modeliavimo, CNC frezavimo, \u0161lifavimo, poliravimo [...]<\/p><\/div><div class=\"vc_btn3-container vc_btn3-left\"><a class=\"vc_general vc_btn3 vc_btn3-size-md vc_btn3-shape-rounded vc_btn3-style-flat vc_btn3-color-juicy-pink\" a href=\"http:\/\/akmi.lt\/en\/atlikti-darbai\/paminklai\/skulptura-bucinys\/\" class=\"vc_gitem-link vc_general vc_btn3 vc_general vc_btn3 vc_btn3-size-md vc_btn3-shape-rounded vc_btn3-style-flat vc_btn3-color-juicy-pink\" title=\"Read more\">Read more<\/a><\/div><\/div><\/div><\/div><\/div><\/div><div class=\"vc_clearfix\"><\/div><\/div><div class=\"vc_grid-item vc_clearfix vc_col-sm-3 vc_grid-item-zone-c-bottom\"><div class=\"vc_grid-item-mini vc_clearfix \"><div class=\"vc_gitem-animated-block\" ><div class=\"vc_gitem-zone vc_gitem-zone-a vc-gitem-zone-height-mode-auto vc-gitem-zone-height-mode-auto-1-1 vc_gitem-is-link lazyload\" style=\"background-image:inherit;\" data-bg-image=\"url(&#039;http:\/\/akmi.lt\/wp-content\/uploads\/2023\/03\/Skulptura-1.jpg&#039;) !important\"><a href=\"http:\/\/akmi.lt\/en\/atlikti-darbai\/paminklai\/valdovu-rumai-portalas\/\" title=\"Valdov\u0173 r\u016bm\u0173 portalas\" class=\"vc_gitem-link vc-zone-link\" ><\/a><img decoding=\"async\" data-src=\"http:\/\/akmi.lt\/wp-content\/uploads\/2023\/03\/Skulptura-1.jpg\" class=\"vc_gitem-zone-img lazyload\" alt=\"CNC akmens frezavimas\" src=\"data:image\/gif;base64,R0lGODlhAQABAAAAACH5BAEKAAEALAAAAAABAAEAAAICTAEAOw==\" style=\"--smush-placeholder-width: 1000px; --smush-placeholder-aspect-ratio: 1000\/666;\"><div class=\"vc_gitem-zone-mini\"><\/div><\/div><\/div><div class=\"vc_gitem-zone vc_gitem-zone-c vc_custom_1419240516480\"><div class=\"vc_gitem-zone-mini\"><div class=\"vc_gitem_row vc_row vc_gitem-row-position-top\"><div class=\"vc_col-sm-12 vc_gitem-col vc_gitem-col-align-\"><div class=\"vc_custom_heading vc_gitem-post-data vc_gitem-post-data-source-post_title\" ><h4 style=\"text-align: left\" >Valdov\u0173 r\u016bm\u0173 portalas<\/h4><\/div><div class=\"vc_custom_heading vc_gitem-post-data vc_gitem-post-data-source-post_excerpt\" ><p style=\"text-align: left\" >APRA\u0160AS D\u0117ka AKMI sukaupt\u0173 \u012frengim\u0173 ir ilgamet\u0117s patirties turime galimyb\u0119 bendradarbiauti su Lietuvoje ir pasaulyje pripa\u017eintais skulptoriais bei menininkais. \u017dymiems menininkams padedame \u012fgyvendinti j\u0173 id\u0117jas tiekdami auk\u0161\u010diausios kokyb\u0117s ir selekcijos \u017ealiav\u0105, pjaudami ruo\u0161inius ir atlikdami modeliavimo, CNC frezavimo, \u0161lifavimo, poliravimo [...]<\/p><\/div><div class=\"vc_btn3-container vc_btn3-left\"><a class=\"vc_general vc_btn3 vc_btn3-size-md vc_btn3-shape-rounded vc_btn3-style-flat vc_btn3-color-juicy-pink\" a href=\"http:\/\/akmi.lt\/en\/atlikti-darbai\/paminklai\/valdovu-rumai-portalas\/\" class=\"vc_gitem-link vc_general vc_btn3 vc_general vc_btn3 vc_btn3-size-md vc_btn3-shape-rounded vc_btn3-style-flat vc_btn3-color-juicy-pink\" title=\"Read more\">Read more<\/a><\/div><\/div><\/div><\/div><\/div><\/div><div class=\"vc_clearfix\"><\/div><\/div><div class=\"vc_grid-item vc_clearfix vc_col-sm-3 vc_grid-item-zone-c-bottom\"><div class=\"vc_grid-item-mini vc_clearfix \"><div class=\"vc_gitem-animated-block\" ><div class=\"vc_gitem-zone vc_gitem-zone-a vc-gitem-zone-height-mode-auto vc-gitem-zone-height-mode-auto-1-1 vc_gitem-is-link lazyload\" style=\"background-image:inherit;\" data-bg-image=\"url(&#039;http:\/\/akmi.lt\/wp-content\/uploads\/2023\/11\/Klaiskinio-stiliaus-zidinio-apdaila-3.jpeg&#039;) !important\"><a href=\"http:\/\/akmi.lt\/en\/atlikti-darbai\/paminklai\/valdovu-rumai\/\" title=\"Valdov\u0173 r\u016bmai\" class=\"vc_gitem-link vc-zone-link\" ><\/a><img decoding=\"async\" data-src=\"http:\/\/akmi.lt\/wp-content\/uploads\/2023\/11\/Klaiskinio-stiliaus-zidinio-apdaila-3.jpeg\" class=\"vc_gitem-zone-img lazyload\" alt=\"Valdov\u0173 r\u016bmai\" src=\"data:image\/gif;base64,R0lGODlhAQABAAAAACH5BAEKAAEALAAAAAABAAEAAAICTAEAOw==\" style=\"--smush-placeholder-width: 750px; --smush-placeholder-aspect-ratio: 750\/1000;\"><div class=\"vc_gitem-zone-mini\"><\/div><\/div><\/div><div class=\"vc_gitem-zone vc_gitem-zone-c vc_custom_1419240516480\"><div class=\"vc_gitem-zone-mini\"><div class=\"vc_gitem_row vc_row vc_gitem-row-position-top\"><div class=\"vc_col-sm-12 vc_gitem-col vc_gitem-col-align-\"><div class=\"vc_custom_heading vc_gitem-post-data vc_gitem-post-data-source-post_title\" ><h4 style=\"text-align: left\" >Valdov\u0173 r\u016bmai<\/h4><\/div><div class=\"vc_custom_heading vc_gitem-post-data vc_gitem-post-data-source-post_excerpt\" ><p style=\"text-align: left\" >APRA\u0160AS D\u0117ka AKMI sukaupt\u0173 \u012frengim\u0173 ir ilgamet\u0117s patirties turime galimyb\u0119 bendradarbiauti su Lietuvoje ir pasaulyje pripa\u017eintais skulptoriais bei menininkais. \u017dymiems menininkams padedame \u012fgyvendinti j\u0173 id\u0117jas tiekdami auk\u0161\u010diausios kokyb\u0117s ir selekcijos \u017ealiav\u0105, pjaudami ruo\u0161inius ir atlikdami modeliavimo, CNC frezavimo, \u0161lifavimo, poliravimo [...]<\/p><\/div><div class=\"vc_btn3-container vc_btn3-left\"><a class=\"vc_general vc_btn3 vc_btn3-size-md vc_btn3-shape-rounded vc_btn3-style-flat vc_btn3-color-juicy-pink\" a href=\"http:\/\/akmi.lt\/en\/atlikti-darbai\/paminklai\/valdovu-rumai\/\" class=\"vc_gitem-link vc_general vc_btn3 vc_general vc_btn3 vc_btn3-size-md vc_btn3-shape-rounded vc_btn3-style-flat vc_btn3-color-juicy-pink\" title=\"Read more\">Read more<\/a><\/div><\/div><\/div><\/div><\/div><\/div><div class=\"vc_clearfix\"><\/div><\/div><\/div><\/div>\n\t<\/div>\n<\/div><\/div><\/div><\/div><\/div><\/div><\/div><\/div><\/div>\n","protected":false},"excerpt":{"rendered":"Angelas Merkin\u0117jeAPRA\u0160AS D\u0117ka AKMI sukaupt\u0173 \u012frengim\u0173 ir ilgamet\u0117s patirties turime galimyb\u0119 bendradarbiauti su Lietuvoje ir pasaulyje pripa\u017eintais skulptoriais bei menininkais. \u017dymiems menininkams padedame \u012fgyvendinti j\u0173 id\u0117jas tiekdami auk\u0161\u010diausios kokyb\u0117s ir selekcijos \u017ealiav\u0105, pjaudami ruo\u0161inius ir atlikdami modeliavimo, CNC frezavimo, \u0161lifavimo, [...]","protected":false},"author":1,"featured_media":10413,"parent":5944,"menu_order":0,"comment_status":"closed","ping_status":"closed","template":"","meta":{"footnotes":""},"class_list":["post-6916","page","type-page","status-publish","has-post-thumbnail","hentry"],"yoast_head":"<!-- This site is optimized with the Yoast SEO plugin v24.0 - https:\/\/yoast.com\/wordpress\/plugins\/seo\/ -->\n<title>Paminklai | AKMI<\/title>\n<meta name=\"description\" content=\"FORMOS PAIE\u0160KA, ESTETIKA IR KOKYB\u0116. Bendradarbiaujame su Lietuvoje ir pasaulyje pripa\u017eintais skulptoriais, architektais bei menininkais kurdami i\u0161skirtinius paminklus, skulpt\u016bras, meno instaliacijas, apdail\u0105 ba\u017eny\u010diai ir kitus ypatingus elementus i\u0161 akmens. Kai norima \u012fam\u017einti svarb\u0173 \u017emog\u0173, \u012fvyk\u012f ar viet\u0105, U\u017esakovai pasitiki 30 met\u0173 patirt\u012f turin\u010dia AKMI komanda.\" \/>\n<meta name=\"robots\" content=\"index, follow, max-snippet:-1, max-image-preview:large, max-video-preview:-1\" \/>\n<link rel=\"canonical\" href=\"http:\/\/akmi.lt\/en\/works-carried-out\/monuments\/\" \/>\n<meta property=\"og:locale\" content=\"en_US\" \/>\n<meta property=\"og:type\" content=\"article\" \/>\n<meta property=\"og:title\" content=\"Paminklai | AKMI\" \/>\n<meta property=\"og:description\" content=\"FORMOS PAIE\u0160KA, ESTETIKA IR KOKYB\u0116. Bendradarbiaujame su Lietuvoje ir pasaulyje pripa\u017eintais skulptoriais, architektais bei menininkais kurdami i\u0161skirtinius paminklus, skulpt\u016bras, meno instaliacijas, apdail\u0105 ba\u017eny\u010diai ir kitus ypatingus elementus i\u0161 akmens. Kai norima \u012fam\u017einti svarb\u0173 \u017emog\u0173, \u012fvyk\u012f ar viet\u0105, U\u017esakovai pasitiki 30 met\u0173 patirt\u012f turin\u010dia AKMI komanda.\" \/>\n<meta property=\"og:url\" content=\"http:\/\/akmi.lt\/en\/works-carried-out\/monuments\/\" \/>\n<meta property=\"og:site_name\" content=\"Akmi\" \/>\n<meta property=\"article:modified_time\" content=\"2023-11-18T12:45:00+00:00\" \/>\n<meta property=\"og:image\" content=\"http:\/\/akmi.lt\/wp-content\/uploads\/2017\/11\/Angelas-03.jpg\" \/>\n\t<meta property=\"og:image:width\" content=\"1200\" \/>\n\t<meta property=\"og:image:height\" content=\"800\" \/>\n\t<meta property=\"og:image:type\" content=\"image\/jpeg\" \/>\n<meta name=\"twitter:card\" content=\"summary_large_image\" \/>\n<meta name=\"twitter:label1\" content=\"Est. reading time\" \/>\n\t<meta name=\"twitter:data1\" content=\"1 minute\" \/>\n<script type=\"application\/ld+json\" class=\"yoast-schema-graph\">{\"@context\":\"https:\/\/schema.org\",\"@graph\":[{\"@type\":\"WebPage\",\"@id\":\"http:\/\/akmi.lt\/en\/works-carried-out\/monuments\/\",\"url\":\"http:\/\/akmi.lt\/en\/works-carried-out\/monuments\/\",\"name\":\"Paminklai | AKMI\",\"isPartOf\":{\"@id\":\"http:\/\/akmi.lt\/en\/#website\"},\"primaryImageOfPage\":{\"@id\":\"http:\/\/akmi.lt\/en\/works-carried-out\/monuments\/#primaryimage\"},\"image\":{\"@id\":\"http:\/\/akmi.lt\/en\/works-carried-out\/monuments\/#primaryimage\"},\"thumbnailUrl\":\"http:\/\/akmi.lt\/wp-content\/uploads\/2017\/11\/Angelas-03.jpg\",\"datePublished\":\"2023-03-06T19:21:29+00:00\",\"dateModified\":\"2023-11-18T12:45:00+00:00\",\"description\":\"FORMOS PAIE\u0160KA, ESTETIKA IR KOKYB\u0116. Bendradarbiaujame su Lietuvoje ir pasaulyje pripa\u017eintais skulptoriais, architektais bei menininkais kurdami i\u0161skirtinius paminklus, skulpt\u016bras, meno instaliacijas, apdail\u0105 ba\u017eny\u010diai ir kitus ypatingus elementus i\u0161 akmens. Kai norima \u012fam\u017einti svarb\u0173 \u017emog\u0173, \u012fvyk\u012f ar viet\u0105, U\u017esakovai pasitiki 30 met\u0173 patirt\u012f turin\u010dia AKMI komanda.\",\"breadcrumb\":{\"@id\":\"http:\/\/akmi.lt\/en\/works-carried-out\/monuments\/#breadcrumb\"},\"inLanguage\":\"en-US\",\"potentialAction\":[{\"@type\":\"ReadAction\",\"target\":[\"http:\/\/akmi.lt\/en\/works-carried-out\/monuments\/\"]}]},{\"@type\":\"ImageObject\",\"inLanguage\":\"en-US\",\"@id\":\"http:\/\/akmi.lt\/en\/works-carried-out\/monuments\/#primaryimage\",\"url\":\"http:\/\/akmi.lt\/wp-content\/uploads\/2017\/11\/Angelas-03.jpg\",\"contentUrl\":\"http:\/\/akmi.lt\/wp-content\/uploads\/2017\/11\/Angelas-03.jpg\",\"width\":1200,\"height\":800},{\"@type\":\"BreadcrumbList\",\"@id\":\"http:\/\/akmi.lt\/en\/works-carried-out\/monuments\/#breadcrumb\",\"itemListElement\":[{\"@type\":\"ListItem\",\"position\":1,\"name\":\"Pagrindinis\",\"item\":\"http:\/\/akmi.lt\/en\/\"},{\"@type\":\"ListItem\",\"position\":2,\"name\":\"Projektai\",\"item\":\"http:\/\/akmi.lt\/en\/works-carried-out\/\"},{\"@type\":\"ListItem\",\"position\":3,\"name\":\"Paminklai\"}]},{\"@type\":\"WebSite\",\"@id\":\"http:\/\/akmi.lt\/en\/#website\",\"url\":\"http:\/\/akmi.lt\/en\/\",\"name\":\"Akmi\",\"description\":\"\",\"potentialAction\":[{\"@type\":\"SearchAction\",\"target\":{\"@type\":\"EntryPoint\",\"urlTemplate\":\"http:\/\/akmi.lt\/en\/?s={search_term_string}\"},\"query-input\":{\"@type\":\"PropertyValueSpecification\",\"valueRequired\":true,\"valueName\":\"search_term_string\"}}],\"inLanguage\":\"en-US\"}]}<\/script>\n<!-- \/ Yoast SEO plugin. -->","yoast_head_json":{"title":"Monuments | AKMI","description":"SEARCH FOR FORM, AESTHETICS AND QUALITY. We collaborate with sculptors, architects and artists recognized in Lithuania and around the world to create exceptional monuments, sculptures, art installations, church decoration and other special elements made of stone. When you want to immortalize an important person, event or place, Customers trust the AKMI team with 30 years of experience.","robots":{"index":"index","follow":"follow","max-snippet":"max-snippet:-1","max-image-preview":"max-image-preview:large","max-video-preview":"max-video-preview:-1"},"canonical":"http:\/\/akmi.lt\/en\/works-carried-out\/monuments\/","og_locale":"en_US","og_type":"article","og_title":"Paminklai | AKMI","og_description":"FORMOS PAIE\u0160KA, ESTETIKA IR KOKYB\u0116. Bendradarbiaujame su Lietuvoje ir pasaulyje pripa\u017eintais skulptoriais, architektais bei menininkais kurdami i\u0161skirtinius paminklus, skulpt\u016bras, meno instaliacijas, apdail\u0105 ba\u017eny\u010diai ir kitus ypatingus elementus i\u0161 akmens. Kai norima \u012fam\u017einti svarb\u0173 \u017emog\u0173, \u012fvyk\u012f ar viet\u0105, U\u017esakovai pasitiki 30 met\u0173 patirt\u012f turin\u010dia AKMI komanda.","og_url":"http:\/\/akmi.lt\/en\/works-carried-out\/monuments\/","og_site_name":"Akmi","article_modified_time":"2023-11-18T12:45:00+00:00","og_image":[{"width":1200,"height":800,"url":"http:\/\/akmi.lt\/wp-content\/uploads\/2017\/11\/Angelas-03.jpg","type":"image\/jpeg"}],"twitter_card":"summary_large_image","twitter_misc":{"Est. reading time":"1 minute"},"schema":{"@context":"https:\/\/schema.org","@graph":[{"@type":"WebPage","@id":"http:\/\/akmi.lt\/en\/works-carried-out\/monuments\/","url":"http:\/\/akmi.lt\/en\/works-carried-out\/monuments\/","name":"Monuments | AKMI","isPartOf":{"@id":"http:\/\/akmi.lt\/en\/#website"},"primaryImageOfPage":{"@id":"http:\/\/akmi.lt\/en\/works-carried-out\/monuments\/#primaryimage"},"image":{"@id":"http:\/\/akmi.lt\/en\/works-carried-out\/monuments\/#primaryimage"},"thumbnailUrl":"http:\/\/akmi.lt\/wp-content\/uploads\/2017\/11\/Angelas-03.jpg","datePublished":"2023-03-06T19:21:29+00:00","dateModified":"2023-11-18T12:45:00+00:00","description":"SEARCH FOR FORM, AESTHETICS AND QUALITY. We collaborate with sculptors, architects and artists recognized in Lithuania and around the world to create exceptional monuments, sculptures, art installations, church decoration and other special elements made of stone. When you want to immortalize an important person, event or place, Customers trust the AKMI team with 30 years of experience.","breadcrumb":{"@id":"http:\/\/akmi.lt\/en\/works-carried-out\/monuments\/#breadcrumb"},"inLanguage":"en-US","potentialAction":[{"@type":"ReadAction","target":["http:\/\/akmi.lt\/en\/works-carried-out\/monuments\/"]}]},{"@type":"ImageObject","inLanguage":"en-US","@id":"http:\/\/akmi.lt\/en\/works-carried-out\/monuments\/#primaryimage","url":"http:\/\/akmi.lt\/wp-content\/uploads\/2017\/11\/Angelas-03.jpg","contentUrl":"http:\/\/akmi.lt\/wp-content\/uploads\/2017\/11\/Angelas-03.jpg","width":1200,"height":800},{"@type":"BreadcrumbList","@id":"http:\/\/akmi.lt\/en\/works-carried-out\/monuments\/#breadcrumb","itemListElement":[{"@type":"ListItem","position":1,"name":"Pagrindinis","item":"http:\/\/akmi.lt\/en\/"},{"@type":"ListItem","position":2,"name":"Projektai","item":"http:\/\/akmi.lt\/en\/works-carried-out\/"},{"@type":"ListItem","position":3,"name":"Paminklai"}]},{"@type":"WebSite","@id":"http:\/\/akmi.lt\/en\/#website","url":"http:\/\/akmi.lt\/en\/","name":"Stone","description":"","potentialAction":[{"@type":"SearchAction","target":{"@type":"EntryPoint","urlTemplate":"http:\/\/akmi.lt\/en\/?s={search_term_string}"},"query-input":{"@type":"PropertyValueSpecification","valueRequired":true,"valueName":"search_term_string"}}],"inLanguage":"en-US"}]}},"_links":{"self":[{"href":"http:\/\/akmi.lt\/en\/wp-json\/wp\/v2\/pages\/6916","targetHints":{"allow":["GET"]}}],"collection":[{"href":"http:\/\/akmi.lt\/en\/wp-json\/wp\/v2\/pages"}],"about":[{"href":"http:\/\/akmi.lt\/en\/wp-json\/wp\/v2\/types\/page"}],"author":[{"embeddable":true,"href":"http:\/\/akmi.lt\/en\/wp-json\/wp\/v2\/users\/1"}],"replies":[{"embeddable":true,"href":"http:\/\/akmi.lt\/en\/wp-json\/wp\/v2\/comments?post=6916"}],"version-history":[{"count":5,"href":"http:\/\/akmi.lt\/en\/wp-json\/wp\/v2\/pages\/6916\/revisions"}],"predecessor-version":[{"id":14594,"href":"http:\/\/akmi.lt\/en\/wp-json\/wp\/v2\/pages\/6916\/revisions\/14594"}],"up":[{"embeddable":true,"href":"http:\/\/akmi.lt\/en\/wp-json\/wp\/v2\/pages\/5944"}],"wp:featuredmedia":[{"embeddable":true,"href":"http:\/\/akmi.lt\/en\/wp-json\/wp\/v2\/media\/10413"}],"wp:attachment":[{"href":"http:\/\/akmi.lt\/en\/wp-json\/wp\/v2\/media?parent=6916"}],"curies":[{"name":"wp","href":"https:\/\/api.w.org\/{rel}","templated":true}]}}