{"id":6914,"date":"2023-03-06T19:20:46","date_gmt":"2023-03-06T19:20:46","guid":{"rendered":"http:\/\/akmi.lt\/?page_id=6914"},"modified":"2023-11-18T12:55:00","modified_gmt":"2023-11-18T12:55:00","slug":"ships","status":"publish","type":"page","link":"http:\/\/akmi.lt\/en\/atlikti-darbai\/laivai\/","title":{"rendered":"Ships"},"content":{"rendered":"<div class=\"vc_row wpb_row vc_row-fluid\" ><div class=\"wpb_column vc_column_container vc_col-sm-12\"><div class=\"vc_column-inner\"><div class=\"wpb_wrapper\"><div class=\"vc_row wpb_row vc_inner vc_row-fluid\" ><div class=\"wpb_column vc_column_container vc_col-sm-12\"><div class=\"vc_column-inner\"><div class=\"wpb_wrapper\">\n<div class=\"vc_grid-container-wrapper vc_clearfix vc_grid-animation-none\">\n\t<div class=\"vc_grid-container vc_clearfix wpb_content_element vc_basic_grid page-post-grid\" data-initial-loading-animation=\"none\" data-vc-grid-settings=\"{&quot;page_id&quot;:6914,&quot;style&quot;:&quot;all&quot;,&quot;action&quot;:&quot;vc_get_vc_grid_data&quot;,&quot;shortcode_id&quot;:&quot;1679575785292-95ce0d5d-8765-4&quot;,&quot;tag&quot;:&quot;vc_basic_grid&quot;}\" data-vc-request=\"http:\/\/akmi.lt\/wp-admin\/admin-ajax.php\" data-vc-post-id=\"6914\" data-vc-public-nonce=\"523d6d635a\">\n\t\t<style data-type=\"vc_shortcodes-custom-css\">.vc_custom_1419240516480{background-color: #f9f9f9 !important;}<\/style><div class=\"vc_grid vc_row vc_grid-gutter-30px vc_pageable-wrapper vc_hook_hover\" data-vc-pageable-content=\"true\"><div class=\"vc_pageable-slide-wrapper vc_clearfix\" data-vc-grid-content=\"true\"><div class=\"vc_grid-item vc_clearfix vc_col-sm-3 vc_grid-item-zone-c-bottom\"><div class=\"vc_grid-item-mini vc_clearfix \"><div class=\"vc_gitem-animated-block\" ><div class=\"vc_gitem-zone vc_gitem-zone-a vc-gitem-zone-height-mode-auto vc-gitem-zone-height-mode-auto-1-1 vc_gitem-is-link lazyload\" style=\"background-image:inherit;\" data-bg-image=\"url(&#039;http:\/\/akmi.lt\/wp-content\/uploads\/2023\/03\/4-Natural-stone-in-ship.jpg&#039;) !important\"><a href=\"http:\/\/akmi.lt\/en\/atlikti-darbai\/laivai\/hanse-explorer\/\" title=\"Hanse Explorer\" class=\"vc_gitem-link vc-zone-link\" ><\/a><img decoding=\"async\" data-src=\"http:\/\/akmi.lt\/wp-content\/uploads\/2023\/03\/4-Natural-stone-in-ship.jpg\" class=\"vc_gitem-zone-img lazyload\" alt=\"Stalvir\u0161iai jachtose i\u0161 akmens\" src=\"data:image\/gif;base64,R0lGODlhAQABAAAAACH5BAEKAAEALAAAAAABAAEAAAICTAEAOw==\" style=\"--smush-placeholder-width: 1000px; --smush-placeholder-aspect-ratio: 1000\/562;\"><div class=\"vc_gitem-zone-mini\"><\/div><\/div><\/div><div class=\"vc_gitem-zone vc_gitem-zone-c vc_custom_1419240516480\"><div class=\"vc_gitem-zone-mini\"><div class=\"vc_gitem_row vc_row vc_gitem-row-position-top\"><div class=\"vc_col-sm-12 vc_gitem-col vc_gitem-col-align-\"><div class=\"vc_custom_heading vc_gitem-post-data vc_gitem-post-data-source-post_title\" ><h4 style=\"text-align: left\" >Hanse Explorer<\/h4><\/div><div class=\"vc_custom_heading vc_gitem-post-data vc_gitem-post-data-source-post_excerpt\" ><p style=\"text-align: left\" >Apra\u0161as Hanse Explorer laive \u012fgyvendinti stalvir\u0161iai su bortais, kuri\u0173 vidinis kantas nufrezuotas - taip apsisaugant nuo skys\u010di\u0173 i\u0161siliejimo ir garantuojant paprast\u0105 gamini\u0173 prie\u017ei\u016br\u0105. Viena da\u017eniausiai laiv\u0173 industrijoje taikom\u0173 akmens apdailos technologij\u0173 - akmens i\u0161lengvinimas naudojant aliuminio honeycomb paneles. Jas naudojant [...]<\/p><\/div><div class=\"vc_btn3-container vc_btn3-left\"><a class=\"vc_general vc_btn3 vc_btn3-size-md vc_btn3-shape-rounded vc_btn3-style-flat vc_btn3-color-juicy-pink\" a href=\"http:\/\/akmi.lt\/en\/atlikti-darbai\/laivai\/hanse-explorer\/\" class=\"vc_gitem-link vc_general vc_btn3 vc_general vc_btn3 vc_btn3-size-md vc_btn3-shape-rounded vc_btn3-style-flat vc_btn3-color-juicy-pink\" title=\"Read more\">Read more<\/a><\/div><\/div><\/div><\/div><\/div><\/div><div class=\"vc_clearfix\"><\/div><\/div><div class=\"vc_grid-item vc_clearfix vc_col-sm-3 vc_grid-item-zone-c-bottom\"><div class=\"vc_grid-item-mini vc_clearfix \"><div class=\"vc_gitem-animated-block\" ><div class=\"vc_gitem-zone vc_gitem-zone-a vc-gitem-zone-height-mode-auto vc-gitem-zone-height-mode-auto-1-1 vc_gitem-is-link lazyload\" style=\"background-image:inherit;\" data-bg-image=\"url(&#039;http:\/\/akmi.lt\/wp-content\/uploads\/2023\/03\/Kuizinis-laivas-4-1024x982.jpg&#039;) !important\"><a href=\"http:\/\/akmi.lt\/en\/atlikti-darbai\/laivai\/kruizinis-laivas-wish\/\" title=\"Kruizinis laivas Wish\" class=\"vc_gitem-link vc-zone-link\" ><\/a><img decoding=\"async\" data-src=\"http:\/\/akmi.lt\/wp-content\/uploads\/2023\/03\/Kuizinis-laivas-4-1024x982.jpg\" class=\"vc_gitem-zone-img lazyload\" alt=\"Vonios apdaila laive\" src=\"data:image\/gif;base64,R0lGODlhAQABAAAAACH5BAEKAAEALAAAAAABAAEAAAICTAEAOw==\" style=\"--smush-placeholder-width: 1024px; --smush-placeholder-aspect-ratio: 1024\/982;\"><div class=\"vc_gitem-zone-mini\"><\/div><\/div><\/div><div class=\"vc_gitem-zone vc_gitem-zone-c vc_custom_1419240516480\"><div class=\"vc_gitem-zone-mini\"><div class=\"vc_gitem_row vc_row vc_gitem-row-position-top\"><div class=\"vc_col-sm-12 vc_gitem-col vc_gitem-col-align-\"><div class=\"vc_custom_heading vc_gitem-post-data vc_gitem-post-data-source-post_title\" ><h4 style=\"text-align: left\" >Kruizinis laivas Wish<\/h4><\/div><div class=\"vc_custom_heading vc_gitem-post-data vc_gitem-post-data-source-post_excerpt\" ><p style=\"text-align: left\" >Apra\u0161as Kruiziniame laive \u012fgyvendinta interjero ir vonios kambari\u0173 apdaila 10-tyje Luxury Suite kaju\u010di\u0173. Viena da\u017eniausiai laiv\u0173 industrijoje taikom\u0173 akmens apdailos technologij\u0173 - akmens i\u0161lengvinimas naudojant aliuminio honeycomb paneles. Jas naudojant gaminiai i\u0161lengvinami neprarandant gaminio tvirtumo ir ilgaam\u017ei\u0161kumo. Laiv\u0173 industrijoje svoris [...]<\/p><\/div><div class=\"vc_btn3-container vc_btn3-left\"><a class=\"vc_general vc_btn3 vc_btn3-size-md vc_btn3-shape-rounded vc_btn3-style-flat vc_btn3-color-juicy-pink\" a href=\"http:\/\/akmi.lt\/en\/atlikti-darbai\/laivai\/kruizinis-laivas-wish\/\" class=\"vc_gitem-link vc_general vc_btn3 vc_general vc_btn3 vc_btn3-size-md vc_btn3-shape-rounded vc_btn3-style-flat vc_btn3-color-juicy-pink\" title=\"Read more\">Read more<\/a><\/div><\/div><\/div><\/div><\/div><\/div><div class=\"vc_clearfix\"><\/div><\/div><div class=\"vc_grid-item vc_clearfix vc_col-sm-3 vc_grid-item-zone-c-bottom\"><div class=\"vc_grid-item-mini vc_clearfix \"><div class=\"vc_gitem-animated-block\" ><div class=\"vc_gitem-zone vc_gitem-zone-a vc-gitem-zone-height-mode-auto vc-gitem-zone-height-mode-auto-1-1 vc_gitem-is-link lazyload\" style=\"background-image:inherit;\" data-bg-image=\"url(&#039;http:\/\/akmi.lt\/wp-content\/uploads\/2023\/03\/Private-boat-2-768x1024.jpg&#039;) !important\"><a href=\"http:\/\/akmi.lt\/en\/atlikti-darbai\/laivai\/privatus-laivas-adelide\/\" title=\"Privatus laivas Adelide\" class=\"vc_gitem-link vc-zone-link\" ><\/a><img decoding=\"async\" data-src=\"http:\/\/akmi.lt\/wp-content\/uploads\/2023\/03\/Private-boat-2-768x1024.jpg\" class=\"vc_gitem-zone-img lazyload\" alt=\"I\u0161lengvintas praustuvas i\u0161 akmens\" src=\"data:image\/gif;base64,R0lGODlhAQABAAAAACH5BAEKAAEALAAAAAABAAEAAAICTAEAOw==\" style=\"--smush-placeholder-width: 768px; --smush-placeholder-aspect-ratio: 768\/1024;\"><div class=\"vc_gitem-zone-mini\"><\/div><\/div><\/div><div class=\"vc_gitem-zone vc_gitem-zone-c vc_custom_1419240516480\"><div class=\"vc_gitem-zone-mini\"><div class=\"vc_gitem_row vc_row vc_gitem-row-position-top\"><div class=\"vc_col-sm-12 vc_gitem-col vc_gitem-col-align-\"><div class=\"vc_custom_heading vc_gitem-post-data vc_gitem-post-data-source-post_title\" ><h4 style=\"text-align: left\" >Privatus laivas Adelide<\/h4><\/div><div class=\"vc_custom_heading vc_gitem-post-data vc_gitem-post-data-source-post_excerpt\" ><p style=\"text-align: left\" >Apra\u0161as Viena da\u017eniausiai laiv\u0173 industrijoje taikom\u0173 akmens apdailos technologij\u0173 - akmens i\u0161lengvinimas naudojant aliuminio honeycomb paneles. Jas naudojant gaminiai i\u0161lengvinami neprarandant gaminio tvirtumo ir ilgaam\u017ei\u0161kumo. Laiv\u0173 industrijoje svoris itin svarbus - investicija greitai atsiperka ma\u017eesn\u0117mis kuro s\u0105naudomis. Atliekant laiv\u0173 apdailos [...]<\/p><\/div><div class=\"vc_btn3-container vc_btn3-left\"><a class=\"vc_general vc_btn3 vc_btn3-size-md vc_btn3-shape-rounded vc_btn3-style-flat vc_btn3-color-juicy-pink\" a href=\"http:\/\/akmi.lt\/en\/atlikti-darbai\/laivai\/privatus-laivas-adelide\/\" class=\"vc_gitem-link vc_general vc_btn3 vc_general vc_btn3 vc_btn3-size-md vc_btn3-shape-rounded vc_btn3-style-flat vc_btn3-color-juicy-pink\" title=\"Read more\">Read more<\/a><\/div><\/div><\/div><\/div><\/div><\/div><div class=\"vc_clearfix\"><\/div><\/div><\/div><\/div>\n\t<\/div>\n<\/div><\/div><\/div><\/div><\/div><\/div><\/div><\/div><\/div>\n","protected":false},"excerpt":{"rendered":"Hanse ExplorerApra\u0161as Hanse Explorer laive \u012fgyvendinti stalvir\u0161iai su bortais, kuri\u0173 vidinis kantas nufrezuotas - taip apsisaugant nuo skys\u010di\u0173 i\u0161siliejimo ir garantuojant paprast\u0105 gamini\u0173 prie\u017ei\u016br\u0105. Viena da\u017eniausiai laiv\u0173 industrijoje taikom\u0173 akmens apdailos technologij\u0173 - akmens i\u0161lengvinimas naudojant aliuminio honeycomb paneles. Jas [...]","protected":false},"author":1,"featured_media":7001,"parent":5944,"menu_order":0,"comment_status":"closed","ping_status":"closed","template":"","meta":{"footnotes":""},"class_list":["post-6914","page","type-page","status-publish","has-post-thumbnail","hentry"],"yoast_head":"<!-- This site is optimized with the Yoast SEO plugin v24.0 - https:\/\/yoast.com\/wordpress\/plugins\/seo\/ -->\n<title>Laivai - nat\u016bralaus ir dirbtinio akmens apdaila | AKMI<\/title>\n<meta name=\"description\" content=\"INOVATYVIOS AKMENS APDIRBIMO BEI I\u0160LENVINIMO TECHNOLOGIJOS. Vonios, virtuv\u0117s, erdvi\u0173 apdaila ir kaju\u010di\u0173 interjeras. Suprantame, kad akmens gamini\u0173 svoris laivuose turi did\u017eiul\u0119 \u012ftak\u0105, tad pasitelkiame akmens i\u0161lengvinimo proced\u016br\u0105. Gaminant laivams naudojame \u012fvairias sumanias id\u0117jas, kad u\u017etikrintume saugum\u0105 ir paprast\u0105 gamini\u0173 prie\u017ei\u016br\u0105.\" \/>\n<meta name=\"robots\" content=\"index, follow, max-snippet:-1, max-image-preview:large, max-video-preview:-1\" \/>\n<link rel=\"canonical\" href=\"http:\/\/akmi.lt\/en\/works-carried-out\/ships\/\" \/>\n<meta property=\"og:locale\" content=\"en_US\" \/>\n<meta property=\"og:type\" content=\"article\" \/>\n<meta property=\"og:title\" content=\"Laivai - nat\u016bralaus ir dirbtinio akmens apdaila | AKMI\" \/>\n<meta property=\"og:description\" content=\"INOVATYVIOS AKMENS APDIRBIMO BEI I\u0160LENVINIMO TECHNOLOGIJOS. Vonios, virtuv\u0117s, erdvi\u0173 apdaila ir kaju\u010di\u0173 interjeras. Suprantame, kad akmens gamini\u0173 svoris laivuose turi did\u017eiul\u0119 \u012ftak\u0105, tad pasitelkiame akmens i\u0161lengvinimo proced\u016br\u0105. Gaminant laivams naudojame \u012fvairias sumanias id\u0117jas, kad u\u017etikrintume saugum\u0105 ir paprast\u0105 gamini\u0173 prie\u017ei\u016br\u0105.\" \/>\n<meta property=\"og:url\" content=\"http:\/\/akmi.lt\/en\/works-carried-out\/ships\/\" \/>\n<meta property=\"og:site_name\" content=\"Akmi\" \/>\n<meta property=\"article:modified_time\" content=\"2023-11-18T12:55:00+00:00\" \/>\n<meta property=\"og:image\" content=\"http:\/\/akmi.lt\/wp-content\/uploads\/2023\/03\/6-Natural-stone-in-ship.jpg\" \/>\n\t<meta property=\"og:image:width\" content=\"1000\" \/>\n\t<meta property=\"og:image:height\" content=\"562\" \/>\n\t<meta property=\"og:image:type\" content=\"image\/jpeg\" \/>\n<meta name=\"twitter:card\" content=\"summary_large_image\" \/>\n<meta name=\"twitter:label1\" content=\"Est. reading time\" \/>\n\t<meta name=\"twitter:data1\" content=\"1 minute\" \/>\n<script type=\"application\/ld+json\" class=\"yoast-schema-graph\">{\"@context\":\"https:\/\/schema.org\",\"@graph\":[{\"@type\":\"WebPage\",\"@id\":\"http:\/\/akmi.lt\/en\/works-carried-out\/ships\/\",\"url\":\"http:\/\/akmi.lt\/en\/works-carried-out\/ships\/\",\"name\":\"Laivai - nat\u016bralaus ir dirbtinio akmens apdaila | AKMI\",\"isPartOf\":{\"@id\":\"http:\/\/akmi.lt\/en\/#website\"},\"primaryImageOfPage\":{\"@id\":\"http:\/\/akmi.lt\/en\/works-carried-out\/ships\/#primaryimage\"},\"image\":{\"@id\":\"http:\/\/akmi.lt\/en\/works-carried-out\/ships\/#primaryimage\"},\"thumbnailUrl\":\"http:\/\/akmi.lt\/wp-content\/uploads\/2023\/03\/6-Natural-stone-in-ship.jpg\",\"datePublished\":\"2023-03-06T19:20:46+00:00\",\"dateModified\":\"2023-11-18T12:55:00+00:00\",\"description\":\"INOVATYVIOS AKMENS APDIRBIMO BEI I\u0160LENVINIMO TECHNOLOGIJOS. Vonios, virtuv\u0117s, erdvi\u0173 apdaila ir kaju\u010di\u0173 interjeras. Suprantame, kad akmens gamini\u0173 svoris laivuose turi did\u017eiul\u0119 \u012ftak\u0105, tad pasitelkiame akmens i\u0161lengvinimo proced\u016br\u0105. Gaminant laivams naudojame \u012fvairias sumanias id\u0117jas, kad u\u017etikrintume saugum\u0105 ir paprast\u0105 gamini\u0173 prie\u017ei\u016br\u0105.\",\"breadcrumb\":{\"@id\":\"http:\/\/akmi.lt\/en\/works-carried-out\/ships\/#breadcrumb\"},\"inLanguage\":\"en-US\",\"potentialAction\":[{\"@type\":\"ReadAction\",\"target\":[\"http:\/\/akmi.lt\/en\/works-carried-out\/ships\/\"]}]},{\"@type\":\"ImageObject\",\"inLanguage\":\"en-US\",\"@id\":\"http:\/\/akmi.lt\/en\/works-carried-out\/ships\/#primaryimage\",\"url\":\"http:\/\/akmi.lt\/wp-content\/uploads\/2023\/03\/6-Natural-stone-in-ship.jpg\",\"contentUrl\":\"http:\/\/akmi.lt\/wp-content\/uploads\/2023\/03\/6-Natural-stone-in-ship.jpg\",\"width\":1000,\"height\":562,\"caption\":\"Dekton stalvirsis lauke\"},{\"@type\":\"BreadcrumbList\",\"@id\":\"http:\/\/akmi.lt\/en\/works-carried-out\/ships\/#breadcrumb\",\"itemListElement\":[{\"@type\":\"ListItem\",\"position\":1,\"name\":\"Pagrindinis\",\"item\":\"http:\/\/akmi.lt\/en\/\"},{\"@type\":\"ListItem\",\"position\":2,\"name\":\"Projektai\",\"item\":\"http:\/\/akmi.lt\/en\/works-carried-out\/\"},{\"@type\":\"ListItem\",\"position\":3,\"name\":\"Laivai\"}]},{\"@type\":\"WebSite\",\"@id\":\"http:\/\/akmi.lt\/en\/#website\",\"url\":\"http:\/\/akmi.lt\/en\/\",\"name\":\"Akmi\",\"description\":\"\",\"potentialAction\":[{\"@type\":\"SearchAction\",\"target\":{\"@type\":\"EntryPoint\",\"urlTemplate\":\"http:\/\/akmi.lt\/en\/?s={search_term_string}\"},\"query-input\":{\"@type\":\"PropertyValueSpecification\",\"valueRequired\":true,\"valueName\":\"search_term_string\"}}],\"inLanguage\":\"en-US\"}]}<\/script>\n<!-- \/ Yoast SEO plugin. -->","yoast_head_json":{"title":"Ships - natural and artificial stone decoration | AKMI","description":"INNOVATIVE STONE PROCESSING AND LIGHTENING TECHNOLOGIES. Bathrooms, kitchens, space finishing and cabin interiors. We understand that the weight of stone products on ships has a huge impact, so we use the stone lightening procedure. We use various clever ideas when manufacturing ships to ensure safety and easy maintenance of products.","robots":{"index":"index","follow":"follow","max-snippet":"max-snippet:-1","max-image-preview":"max-image-preview:large","max-video-preview":"max-video-preview:-1"},"canonical":"http:\/\/akmi.lt\/en\/works-carried-out\/ships\/","og_locale":"en_US","og_type":"article","og_title":"Laivai - nat\u016bralaus ir dirbtinio akmens apdaila | AKMI","og_description":"INOVATYVIOS AKMENS APDIRBIMO BEI I\u0160LENVINIMO TECHNOLOGIJOS. Vonios, virtuv\u0117s, erdvi\u0173 apdaila ir kaju\u010di\u0173 interjeras. Suprantame, kad akmens gamini\u0173 svoris laivuose turi did\u017eiul\u0119 \u012ftak\u0105, tad pasitelkiame akmens i\u0161lengvinimo proced\u016br\u0105. Gaminant laivams naudojame \u012fvairias sumanias id\u0117jas, kad u\u017etikrintume saugum\u0105 ir paprast\u0105 gamini\u0173 prie\u017ei\u016br\u0105.","og_url":"http:\/\/akmi.lt\/en\/works-carried-out\/ships\/","og_site_name":"Akmi","article_modified_time":"2023-11-18T12:55:00+00:00","og_image":[{"width":1000,"height":562,"url":"http:\/\/akmi.lt\/wp-content\/uploads\/2023\/03\/6-Natural-stone-in-ship.jpg","type":"image\/jpeg"}],"twitter_card":"summary_large_image","twitter_misc":{"Est. reading time":"1 minute"},"schema":{"@context":"https:\/\/schema.org","@graph":[{"@type":"WebPage","@id":"http:\/\/akmi.lt\/en\/works-carried-out\/ships\/","url":"http:\/\/akmi.lt\/en\/works-carried-out\/ships\/","name":"Ships - natural and artificial stone decoration | AKMI","isPartOf":{"@id":"http:\/\/akmi.lt\/en\/#website"},"primaryImageOfPage":{"@id":"http:\/\/akmi.lt\/en\/works-carried-out\/ships\/#primaryimage"},"image":{"@id":"http:\/\/akmi.lt\/en\/works-carried-out\/ships\/#primaryimage"},"thumbnailUrl":"http:\/\/akmi.lt\/wp-content\/uploads\/2023\/03\/6-Natural-stone-in-ship.jpg","datePublished":"2023-03-06T19:20:46+00:00","dateModified":"2023-11-18T12:55:00+00:00","description":"INNOVATIVE STONE PROCESSING AND LIGHTENING TECHNOLOGIES. Bathrooms, kitchens, space finishing and cabin interiors. We understand that the weight of stone products on ships has a huge impact, so we use the stone lightening procedure. We use various clever ideas when manufacturing ships to ensure safety and easy maintenance of products.","breadcrumb":{"@id":"http:\/\/akmi.lt\/en\/works-carried-out\/ships\/#breadcrumb"},"inLanguage":"en-US","potentialAction":[{"@type":"ReadAction","target":["http:\/\/akmi.lt\/en\/works-carried-out\/ships\/"]}]},{"@type":"ImageObject","inLanguage":"en-US","@id":"http:\/\/akmi.lt\/en\/works-carried-out\/ships\/#primaryimage","url":"http:\/\/akmi.lt\/wp-content\/uploads\/2023\/03\/6-Natural-stone-in-ship.jpg","contentUrl":"http:\/\/akmi.lt\/wp-content\/uploads\/2023\/03\/6-Natural-stone-in-ship.jpg","width":1000,"height":562,"caption":"Dekton stalvirsis lauke"},{"@type":"BreadcrumbList","@id":"http:\/\/akmi.lt\/en\/works-carried-out\/ships\/#breadcrumb","itemListElement":[{"@type":"ListItem","position":1,"name":"Pagrindinis","item":"http:\/\/akmi.lt\/en\/"},{"@type":"ListItem","position":2,"name":"Projektai","item":"http:\/\/akmi.lt\/en\/works-carried-out\/"},{"@type":"ListItem","position":3,"name":"Laivai"}]},{"@type":"WebSite","@id":"http:\/\/akmi.lt\/en\/#website","url":"http:\/\/akmi.lt\/en\/","name":"Stone","description":"","potentialAction":[{"@type":"SearchAction","target":{"@type":"EntryPoint","urlTemplate":"http:\/\/akmi.lt\/en\/?s={search_term_string}"},"query-input":{"@type":"PropertyValueSpecification","valueRequired":true,"valueName":"search_term_string"}}],"inLanguage":"en-US"}]}},"_links":{"self":[{"href":"http:\/\/akmi.lt\/en\/wp-json\/wp\/v2\/pages\/6914","targetHints":{"allow":["GET"]}}],"collection":[{"href":"http:\/\/akmi.lt\/en\/wp-json\/wp\/v2\/pages"}],"about":[{"href":"http:\/\/akmi.lt\/en\/wp-json\/wp\/v2\/types\/page"}],"author":[{"embeddable":true,"href":"http:\/\/akmi.lt\/en\/wp-json\/wp\/v2\/users\/1"}],"replies":[{"embeddable":true,"href":"http:\/\/akmi.lt\/en\/wp-json\/wp\/v2\/comments?post=6914"}],"version-history":[{"count":4,"href":"http:\/\/akmi.lt\/en\/wp-json\/wp\/v2\/pages\/6914\/revisions"}],"predecessor-version":[{"id":14595,"href":"http:\/\/akmi.lt\/en\/wp-json\/wp\/v2\/pages\/6914\/revisions\/14595"}],"up":[{"embeddable":true,"href":"http:\/\/akmi.lt\/en\/wp-json\/wp\/v2\/pages\/5944"}],"wp:featuredmedia":[{"embeddable":true,"href":"http:\/\/akmi.lt\/en\/wp-json\/wp\/v2\/media\/7001"}],"wp:attachment":[{"href":"http:\/\/akmi.lt\/en\/wp-json\/wp\/v2\/media?parent=6914"}],"curies":[{"name":"wp","href":"https:\/\/api.w.org\/{rel}","templated":true}]}}