{"id":6904,"date":"2023-03-06T18:52:19","date_gmt":"2023-03-06T18:52:19","guid":{"rendered":"http:\/\/akmi.lt\/?page_id=6904"},"modified":"2023-10-12T07:00:36","modified_gmt":"2023-10-12T07:00:36","slug":"frame-showroom","status":"publish","type":"page","link":"http:\/\/akmi.lt\/en\/atlikti-darbai\/komerciniai-projektai\/frame-showroom\/","title":{"rendered":"Frame shop"},"content":{"rendered":"<div class=\"vc_row wpb_row vc_row-fluid\" ><div class=\"wpb_column vc_column_container vc_col-sm-12\"><div class=\"vc_column-inner\"><div class=\"wpb_wrapper\"><div class=\"vc_row wpb_row vc_inner vc_row-fluid\" ><div class=\"image-box wpb_column vc_column_container vc_col-sm-7 vc_col-xs-12\"><div class=\"vc_column-inner\"><div class=\"wpb_wrapper\"><div class=\"edgtf-single-image-holder  edgtf-has-shadow\">\n    <div class=\"edgtf-si-inner\" >\n                                    <img decoding=\"async\" width=\"1600\" height=\"1200\" data-src=\"http:\/\/akmi.lt\/wp-content\/uploads\/2023\/03\/AKMI-Nero-Marquina-table-natural-marble.jpg\" class=\"attachment-full size-full lazyload\" alt=\"Stone tables\" data-srcset=\"http:\/\/akmi.lt\/wp-content\/uploads\/2023\/03\/AKMI-Nero-Marquina-table-natural-marble.jpg 1600w, http:\/\/akmi.lt\/wp-content\/uploads\/2023\/03\/AKMI-Nero-Marquina-table-natural-marble-300x225.jpg 300w, http:\/\/akmi.lt\/wp-content\/uploads\/2023\/03\/AKMI-Nero-Marquina-table-natural-marble-1024x768.jpg 1024w, http:\/\/akmi.lt\/wp-content\/uploads\/2023\/03\/AKMI-Nero-Marquina-table-natural-marble-768x576.jpg 768w, http:\/\/akmi.lt\/wp-content\/uploads\/2023\/03\/AKMI-Nero-Marquina-table-natural-marble-1536x1152.jpg 1536w, http:\/\/akmi.lt\/wp-content\/uploads\/2023\/03\/AKMI-Nero-Marquina-table-natural-marble-600x450.jpg 600w\" data-sizes=\"(max-width: 1600px) 100vw, 1600px\" src=\"data:image\/gif;base64,R0lGODlhAQABAAAAACH5BAEKAAEALAAAAAABAAEAAAICTAEAOw==\" style=\"--smush-placeholder-width: 1600px; --smush-placeholder-aspect-ratio: 1600\/1200;\" \/>                        <\/div>\n<\/div><div class=\"edgtf-single-image-holder  edgtf-has-shadow\">\n    <div class=\"edgtf-si-inner\" >\n                                    <img decoding=\"async\" width=\"1600\" height=\"1200\" data-src=\"http:\/\/akmi.lt\/wp-content\/uploads\/2023\/03\/AKMI-Nero-Marquina-table-natural.jpg\" class=\"attachment-full size-full lazyload\" alt=\"Stone table\" data-srcset=\"http:\/\/akmi.lt\/wp-content\/uploads\/2023\/03\/AKMI-Nero-Marquina-table-natural.jpg 1600w, http:\/\/akmi.lt\/wp-content\/uploads\/2023\/03\/AKMI-Nero-Marquina-table-natural-300x225.jpg 300w, http:\/\/akmi.lt\/wp-content\/uploads\/2023\/03\/AKMI-Nero-Marquina-table-natural-1024x768.jpg 1024w, http:\/\/akmi.lt\/wp-content\/uploads\/2023\/03\/AKMI-Nero-Marquina-table-natural-768x576.jpg 768w, http:\/\/akmi.lt\/wp-content\/uploads\/2023\/03\/AKMI-Nero-Marquina-table-natural-1536x1152.jpg 1536w, http:\/\/akmi.lt\/wp-content\/uploads\/2023\/03\/AKMI-Nero-Marquina-table-natural-600x450.jpg 600w\" data-sizes=\"(max-width: 1600px) 100vw, 1600px\" src=\"data:image\/gif;base64,R0lGODlhAQABAAAAACH5BAEKAAEALAAAAAABAAEAAAICTAEAOw==\" style=\"--smush-placeholder-width: 1600px; --smush-placeholder-aspect-ratio: 1600\/1200;\" \/>                        <\/div>\n<\/div><div class=\"edgtf-single-image-holder  edgtf-has-shadow\">\n    <div class=\"edgtf-si-inner\" >\n                                    <img decoding=\"async\" width=\"1600\" height=\"2131\" data-src=\"http:\/\/akmi.lt\/wp-content\/uploads\/2023\/03\/AKMI-Nero-Marquina-table.jpg\" class=\"attachment-full size-full lazyload\" alt=\"Marble table\" data-srcset=\"http:\/\/akmi.lt\/wp-content\/uploads\/2023\/03\/AKMI-Nero-Marquina-table.jpg 1600w, http:\/\/akmi.lt\/wp-content\/uploads\/2023\/03\/AKMI-Nero-Marquina-table-225x300.jpg 225w, http:\/\/akmi.lt\/wp-content\/uploads\/2023\/03\/AKMI-Nero-Marquina-table-769x1024.jpg 769w, http:\/\/akmi.lt\/wp-content\/uploads\/2023\/03\/AKMI-Nero-Marquina-table-768x1023.jpg 768w, http:\/\/akmi.lt\/wp-content\/uploads\/2023\/03\/AKMI-Nero-Marquina-table-1153x1536.jpg 1153w, http:\/\/akmi.lt\/wp-content\/uploads\/2023\/03\/AKMI-Nero-Marquina-table-1538x2048.jpg 1538w, http:\/\/akmi.lt\/wp-content\/uploads\/2023\/03\/AKMI-Nero-Marquina-table-600x799.jpg 600w\" data-sizes=\"(max-width: 1600px) 100vw, 1600px\" src=\"data:image\/gif;base64,R0lGODlhAQABAAAAACH5BAEKAAEALAAAAAABAAEAAAICTAEAOw==\" style=\"--smush-placeholder-width: 1600px; --smush-placeholder-aspect-ratio: 1600\/2131;\" \/>                        <\/div>\n<\/div><\/div><\/div><\/div><div class=\"text-box wpb_column vc_column_container vc_col-sm-5 vc_col-xs-12\"><div class=\"vc_column-inner\"><div class=\"wpb_wrapper\"><div class=\"edgtf-section-title-holder title-box-margin edgtf-st-standard  edgtf-st-position-left edgtf-appear-fx\" >\n\t\t<div class=\"edgtf-st-inner\">\n                    <div class=\"edgtf-st-title-holder\">\n                <h3 class=\"edgtf-st-title\" >\n                    Description                <\/h3>\n            <\/div>\n\t\t\t\t            <div class=\"edgtf-st-text-holder\">\n    \t\t\t<p class=\"edgtf-st-text\" >\n    \t\t\t\tTwo identical natural stone tables are made of solid black marble. The table tops are polished to a mirror-like finish using the stone structure hardening technology.<br \/>\nThe table legs are also made of stone. The round legs are machined using CNC software.    \t\t\t<\/p>\n            <\/div>\n\t\t\t<\/div>\n    <\/div><div class=\"edgtf-section-title-holder inline-title edgtf-st-standard  edgtf-st-position-left edgtf-appear-fx\" >\n\t\t<div class=\"edgtf-st-inner\">\n                    <div class=\"edgtf-st-title-holder\">\n                <h3 class=\"edgtf-st-title\" >\n                    PROJECT NAME:                <\/h3>\n            <\/div>\n\t\t\t\t            <div class=\"edgtf-st-text-holder\">\n    \t\t\t<p class=\"edgtf-st-text\" >\n    \t\t\t\tFrame store, New York    \t\t\t<\/p>\n            <\/div>\n\t\t\t<\/div>\n    <\/div><div class=\"edgtf-section-title-holder inline-title edgtf-st-standard  edgtf-st-position-left edgtf-appear-fx\" >\n\t\t<div class=\"edgtf-st-inner\">\n                    <div class=\"edgtf-st-title-holder\">\n                <h3 class=\"edgtf-st-title\" >\n                    DESIGNER:                <\/h3>\n            <\/div>\n\t\t\t\t            <div class=\"edgtf-st-text-holder\">\n    \t\t\t<p class=\"edgtf-st-text\" >\n    \t\t\t\tHalleroed, Sweden    \t\t\t<\/p>\n            <\/div>\n\t\t\t<\/div>\n    <\/div><div class=\"vc_empty_space\"   style=\"height: 30px\"><span class=\"vc_empty_space_inner\"><\/span><\/div><div class=\"vc_separator wpb_content_element vc_separator_align_center vc_sep_width_100 vc_sep_pos_align_center vc_separator_no_text vc_sep_color_grey\" ><span class=\"vc_sep_holder vc_sep_holder_l\"><span  class=\"vc_sep_line\"><\/span><\/span><span class=\"vc_sep_holder vc_sep_holder_r\"><span  class=\"vc_sep_line\"><\/span><\/span>\n<\/div><div class=\"edgtf-link-section-holder edgtf-appear-fx\">\n    <div class=\"edgtf-link-section-title-holder\">\n        <h2 class=\"edgtf-link-section-title\" >\n    \t\tSTONE:        <\/h2>\n    <\/div>\n            <div class=\"edgtf-single-link-section-holder\">\n                            <a href=\"\/en\/stone\/marble\/\" class=\"edgtf-link-section\" >\n                    <div class=\"edgtf-single-link-title-holder\">\n                        <h5 class=\"edgtf-single-link-title\" >\n                            marble                        <\/h5>\n                    <\/div>\n                <\/a>\n                    <\/div>\n    <\/div><div class=\"vc_separator wpb_content_element vc_separator_align_center vc_sep_width_100 vc_sep_pos_align_center vc_separator_no_text vc_sep_color_grey\" ><span class=\"vc_sep_holder vc_sep_holder_l\"><span  class=\"vc_sep_line\"><\/span><\/span><span class=\"vc_sep_holder vc_sep_holder_r\"><span  class=\"vc_sep_line\"><\/span><\/span>\n<\/div><div class=\"edgtf-link-section-holder edgtf-appear-fx\">\n    <div class=\"edgtf-link-section-title-holder\">\n        <h2 class=\"edgtf-link-section-title\" >\n    \t\tSERVICE:        <\/h2>\n    <\/div>\n            <div class=\"edgtf-single-link-section-holder\">\n                            <a href=\"\/en\/stone-processing\/\" class=\"edgtf-link-section\" >\n                    <div class=\"edgtf-single-link-title-holder\">\n                        <h5 class=\"edgtf-single-link-title\" >\n                            STONE PROCESSING                        <\/h5>\n                    <\/div>\n                <\/a>\n                    <\/div>\n            <div class=\"edgtf-single-link-section-holder\">\n                            <a href=\"\/en\/stone-processing\/stone-raw-material-supply\/\" class=\"edgtf-link-section\" >\n                    <div class=\"edgtf-single-link-title-holder\">\n                        <h5 class=\"edgtf-single-link-title\" >\n                            STONE SUPPLY                        <\/h5>\n                    <\/div>\n                <\/a>\n                    <\/div>\n    <\/div><div class=\"vc_separator wpb_content_element vc_separator_align_center vc_sep_width_100 vc_sep_pos_align_center vc_separator_no_text vc_sep_color_grey\" ><span class=\"vc_sep_holder vc_sep_holder_l\"><span  class=\"vc_sep_line\"><\/span><\/span><span class=\"vc_sep_holder vc_sep_holder_r\"><span  class=\"vc_sep_line\"><\/span><\/span>\n<\/div><div class=\"edgtf-link-section-holder edgtf-appear-fx\">\n    <div class=\"edgtf-link-section-title-holder\">\n        <h2 class=\"edgtf-link-section-title\" >\n    \t\tPRODUCTS:        <\/h2>\n    <\/div>\n            <div class=\"edgtf-single-link-section-holder\">\n                            <a href=\"\/en\/products\/tables\/\" class=\"edgtf-link-section\" >\n                    <div class=\"edgtf-single-link-title-holder\">\n                        <h5 class=\"edgtf-single-link-title\" >\n                            Tables                        <\/h5>\n                    <\/div>\n                <\/a>\n                    <\/div>\n    <\/div><div class=\"vc_separator wpb_content_element vc_separator_align_center vc_sep_width_100 vc_sep_pos_align_center vc_separator_no_text vc_sep_color_grey\" ><span class=\"vc_sep_holder vc_sep_holder_l\"><span  class=\"vc_sep_line\"><\/span><\/span><span class=\"vc_sep_holder vc_sep_holder_r\"><span  class=\"vc_sep_line\"><\/span><\/span>\n<\/div><\/div><\/div><\/div><\/div><\/div><\/div><\/div><\/div>","protected":false},"excerpt":{"rendered":"Apra\u0161as Du identi\u0161ki nat\u016bralaus akmens stalai pagaminti i\u0161 juodos spalvos marmuro masyvo. Stalvir\u0161iai nupoliruoti veidrodi\u0161kai blizgiu apdirbimu taikant akmens strukt\u016bros kietinimo technologij\u0105. Stalo kojos - taip pat akmenin\u0117s. Apvalios kojos i\u0161tekintos pasitelkiant programinio valdymo CNC \u012frengimus. PROJEKTO PAVADINIMAS: Frame parduotuv\u0117, [...]","protected":false},"author":2,"featured_media":6906,"parent":5934,"menu_order":0,"comment_status":"closed","ping_status":"closed","template":"","meta":{"footnotes":""},"class_list":["post-6904","page","type-page","status-publish","has-post-thumbnail","hentry"],"yoast_head":"<!-- This site is optimized with the Yoast SEO plugin v24.0 - https:\/\/yoast.com\/wordpress\/plugins\/seo\/ -->\n<title>Frame parduotuv\u0117 . Nat\u016bralaus ir dirbtinio akmens gaminiai | AKMI<\/title>\n<meta name=\"description\" content=\"Du identi\u0161ki nat\u016bralaus akmens stalai pagaminti i\u0161 juodos spalvos marmuro masyvo. Stalvir\u0161iai nupoliruoti veidrodi\u0161kai blizgiu apdirbimu taikant akmens strukt\u016bros kietinimo technologij\u0105.Stalo kojos - taip pat akmenin\u0117s. Apvalios kojos i\u0161tekintos pasitelkiant programinio valdymo CNC \u012frengimus.\" \/>\n<meta name=\"robots\" content=\"index, follow, max-snippet:-1, max-image-preview:large, max-video-preview:-1\" \/>\n<link rel=\"canonical\" href=\"http:\/\/akmi.lt\/en\/works-carried-out\/commercial-projects\/frame-showroom\/\" \/>\n<meta property=\"og:locale\" content=\"en_US\" \/>\n<meta property=\"og:type\" content=\"article\" \/>\n<meta property=\"og:title\" content=\"Frame parduotuv\u0117 . Nat\u016bralaus ir dirbtinio akmens gaminiai | AKMI\" \/>\n<meta property=\"og:description\" content=\"Du identi\u0161ki nat\u016bralaus akmens stalai pagaminti i\u0161 juodos spalvos marmuro masyvo. Stalvir\u0161iai nupoliruoti veidrodi\u0161kai blizgiu apdirbimu taikant akmens strukt\u016bros kietinimo technologij\u0105.Stalo kojos - taip pat akmenin\u0117s. Apvalios kojos i\u0161tekintos pasitelkiant programinio valdymo CNC \u012frengimus.\" \/>\n<meta property=\"og:url\" content=\"http:\/\/akmi.lt\/en\/works-carried-out\/commercial-projects\/frame-showroom\/\" \/>\n<meta property=\"og:site_name\" content=\"Akmi\" \/>\n<meta property=\"article:modified_time\" content=\"2023-10-12T07:00:36+00:00\" \/>\n<meta property=\"og:image\" content=\"http:\/\/akmi.lt\/wp-content\/uploads\/2023\/03\/AKMI-Nero-Marquina-table-natural.jpg\" \/>\n\t<meta property=\"og:image:width\" content=\"1600\" \/>\n\t<meta property=\"og:image:height\" content=\"1200\" \/>\n\t<meta property=\"og:image:type\" content=\"image\/jpeg\" \/>\n<meta name=\"twitter:card\" content=\"summary_large_image\" \/>\n<meta name=\"twitter:label1\" content=\"Est. reading time\" \/>\n\t<meta name=\"twitter:data1\" content=\"1 minute\" \/>\n<script type=\"application\/ld+json\" class=\"yoast-schema-graph\">{\"@context\":\"https:\/\/schema.org\",\"@graph\":[{\"@type\":\"WebPage\",\"@id\":\"http:\/\/akmi.lt\/en\/works-carried-out\/commercial-projects\/frame-showroom\/\",\"url\":\"http:\/\/akmi.lt\/en\/works-carried-out\/commercial-projects\/frame-showroom\/\",\"name\":\"Frame parduotuv\u0117 . Nat\u016bralaus ir dirbtinio akmens gaminiai | AKMI\",\"isPartOf\":{\"@id\":\"http:\/\/akmi.lt\/en\/#website\"},\"primaryImageOfPage\":{\"@id\":\"http:\/\/akmi.lt\/en\/works-carried-out\/commercial-projects\/frame-showroom\/#primaryimage\"},\"image\":{\"@id\":\"http:\/\/akmi.lt\/en\/works-carried-out\/commercial-projects\/frame-showroom\/#primaryimage\"},\"thumbnailUrl\":\"http:\/\/akmi.lt\/wp-content\/uploads\/2023\/03\/AKMI-Nero-Marquina-table-natural.jpg\",\"datePublished\":\"2023-03-06T18:52:19+00:00\",\"dateModified\":\"2023-10-12T07:00:36+00:00\",\"description\":\"Du identi\u0161ki nat\u016bralaus akmens stalai pagaminti i\u0161 juodos spalvos marmuro masyvo. Stalvir\u0161iai nupoliruoti veidrodi\u0161kai blizgiu apdirbimu taikant akmens strukt\u016bros kietinimo technologij\u0105.Stalo kojos - taip pat akmenin\u0117s. Apvalios kojos i\u0161tekintos pasitelkiant programinio valdymo CNC \u012frengimus.\",\"breadcrumb\":{\"@id\":\"http:\/\/akmi.lt\/en\/works-carried-out\/commercial-projects\/frame-showroom\/#breadcrumb\"},\"inLanguage\":\"en-US\",\"potentialAction\":[{\"@type\":\"ReadAction\",\"target\":[\"http:\/\/akmi.lt\/en\/works-carried-out\/commercial-projects\/frame-showroom\/\"]}]},{\"@type\":\"ImageObject\",\"inLanguage\":\"en-US\",\"@id\":\"http:\/\/akmi.lt\/en\/works-carried-out\/commercial-projects\/frame-showroom\/#primaryimage\",\"url\":\"http:\/\/akmi.lt\/wp-content\/uploads\/2023\/03\/AKMI-Nero-Marquina-table-natural.jpg\",\"contentUrl\":\"http:\/\/akmi.lt\/wp-content\/uploads\/2023\/03\/AKMI-Nero-Marquina-table-natural.jpg\",\"width\":1600,\"height\":1200,\"caption\":\"Akmens stalas\"},{\"@type\":\"BreadcrumbList\",\"@id\":\"http:\/\/akmi.lt\/en\/works-carried-out\/commercial-projects\/frame-showroom\/#breadcrumb\",\"itemListElement\":[{\"@type\":\"ListItem\",\"position\":1,\"name\":\"Pagrindinis\",\"item\":\"http:\/\/akmi.lt\/en\/\"},{\"@type\":\"ListItem\",\"position\":2,\"name\":\"Projektai\",\"item\":\"http:\/\/akmi.lt\/en\/works-carried-out\/\"},{\"@type\":\"ListItem\",\"position\":3,\"name\":\"Komerciniai projektai\",\"item\":\"http:\/\/akmi.lt\/en\/works-carried-out\/commercial-projects\/\"},{\"@type\":\"ListItem\",\"position\":4,\"name\":\"Frame parduotuv\u0117\"}]},{\"@type\":\"WebSite\",\"@id\":\"http:\/\/akmi.lt\/en\/#website\",\"url\":\"http:\/\/akmi.lt\/en\/\",\"name\":\"Akmi\",\"description\":\"\",\"potentialAction\":[{\"@type\":\"SearchAction\",\"target\":{\"@type\":\"EntryPoint\",\"urlTemplate\":\"http:\/\/akmi.lt\/en\/?s={search_term_string}\"},\"query-input\":{\"@type\":\"PropertyValueSpecification\",\"valueRequired\":true,\"valueName\":\"search_term_string\"}}],\"inLanguage\":\"en-US\"}]}<\/script>\n<!-- \/ Yoast SEO plugin. -->","yoast_head_json":{"title":"Frame store. Natural and artificial stone products | AKMI","description":"Two identical natural stone tables are made of black marble. The table tops are polished to a mirror-like finish using the stone structure hardening technology. The table legs are also made of stone. The round legs are milled using CNC software.","robots":{"index":"index","follow":"follow","max-snippet":"max-snippet:-1","max-image-preview":"max-image-preview:large","max-video-preview":"max-video-preview:-1"},"canonical":"http:\/\/akmi.lt\/en\/works-carried-out\/commercial-projects\/frame-showroom\/","og_locale":"en_US","og_type":"article","og_title":"Frame parduotuv\u0117 . Nat\u016bralaus ir dirbtinio akmens gaminiai | AKMI","og_description":"Du identi\u0161ki nat\u016bralaus akmens stalai pagaminti i\u0161 juodos spalvos marmuro masyvo. Stalvir\u0161iai nupoliruoti veidrodi\u0161kai blizgiu apdirbimu taikant akmens strukt\u016bros kietinimo technologij\u0105.Stalo kojos - taip pat akmenin\u0117s. Apvalios kojos i\u0161tekintos pasitelkiant programinio valdymo CNC \u012frengimus.","og_url":"http:\/\/akmi.lt\/en\/works-carried-out\/commercial-projects\/frame-showroom\/","og_site_name":"Akmi","article_modified_time":"2023-10-12T07:00:36+00:00","og_image":[{"width":1600,"height":1200,"url":"http:\/\/akmi.lt\/wp-content\/uploads\/2023\/03\/AKMI-Nero-Marquina-table-natural.jpg","type":"image\/jpeg"}],"twitter_card":"summary_large_image","twitter_misc":{"Est. reading time":"1 minute"},"schema":{"@context":"https:\/\/schema.org","@graph":[{"@type":"WebPage","@id":"http:\/\/akmi.lt\/en\/works-carried-out\/commercial-projects\/frame-showroom\/","url":"http:\/\/akmi.lt\/en\/works-carried-out\/commercial-projects\/frame-showroom\/","name":"Frame store. Natural and artificial stone products | AKMI","isPartOf":{"@id":"http:\/\/akmi.lt\/en\/#website"},"primaryImageOfPage":{"@id":"http:\/\/akmi.lt\/en\/works-carried-out\/commercial-projects\/frame-showroom\/#primaryimage"},"image":{"@id":"http:\/\/akmi.lt\/en\/works-carried-out\/commercial-projects\/frame-showroom\/#primaryimage"},"thumbnailUrl":"http:\/\/akmi.lt\/wp-content\/uploads\/2023\/03\/AKMI-Nero-Marquina-table-natural.jpg","datePublished":"2023-03-06T18:52:19+00:00","dateModified":"2023-10-12T07:00:36+00:00","description":"Two identical natural stone tables are made of black marble. The table tops are polished to a mirror-like finish using the stone structure hardening technology. The table legs are also made of stone. The round legs are milled using CNC software.","breadcrumb":{"@id":"http:\/\/akmi.lt\/en\/works-carried-out\/commercial-projects\/frame-showroom\/#breadcrumb"},"inLanguage":"en-US","potentialAction":[{"@type":"ReadAction","target":["http:\/\/akmi.lt\/en\/works-carried-out\/commercial-projects\/frame-showroom\/"]}]},{"@type":"ImageObject","inLanguage":"en-US","@id":"http:\/\/akmi.lt\/en\/works-carried-out\/commercial-projects\/frame-showroom\/#primaryimage","url":"http:\/\/akmi.lt\/wp-content\/uploads\/2023\/03\/AKMI-Nero-Marquina-table-natural.jpg","contentUrl":"http:\/\/akmi.lt\/wp-content\/uploads\/2023\/03\/AKMI-Nero-Marquina-table-natural.jpg","width":1600,"height":1200,"caption":"Akmens stalas"},{"@type":"BreadcrumbList","@id":"http:\/\/akmi.lt\/en\/works-carried-out\/commercial-projects\/frame-showroom\/#breadcrumb","itemListElement":[{"@type":"ListItem","position":1,"name":"Pagrindinis","item":"http:\/\/akmi.lt\/en\/"},{"@type":"ListItem","position":2,"name":"Projektai","item":"http:\/\/akmi.lt\/en\/works-carried-out\/"},{"@type":"ListItem","position":3,"name":"Komerciniai projektai","item":"http:\/\/akmi.lt\/en\/works-carried-out\/commercial-projects\/"},{"@type":"ListItem","position":4,"name":"Frame parduotuv\u0117"}]},{"@type":"WebSite","@id":"http:\/\/akmi.lt\/en\/#website","url":"http:\/\/akmi.lt\/en\/","name":"Stone","description":"","potentialAction":[{"@type":"SearchAction","target":{"@type":"EntryPoint","urlTemplate":"http:\/\/akmi.lt\/en\/?s={search_term_string}"},"query-input":{"@type":"PropertyValueSpecification","valueRequired":true,"valueName":"search_term_string"}}],"inLanguage":"en-US"}]}},"_links":{"self":[{"href":"http:\/\/akmi.lt\/en\/wp-json\/wp\/v2\/pages\/6904","targetHints":{"allow":["GET"]}}],"collection":[{"href":"http:\/\/akmi.lt\/en\/wp-json\/wp\/v2\/pages"}],"about":[{"href":"http:\/\/akmi.lt\/en\/wp-json\/wp\/v2\/types\/page"}],"author":[{"embeddable":true,"href":"http:\/\/akmi.lt\/en\/wp-json\/wp\/v2\/users\/2"}],"replies":[{"embeddable":true,"href":"http:\/\/akmi.lt\/en\/wp-json\/wp\/v2\/comments?post=6904"}],"version-history":[{"count":9,"href":"http:\/\/akmi.lt\/en\/wp-json\/wp\/v2\/pages\/6904\/revisions"}],"predecessor-version":[{"id":11139,"href":"http:\/\/akmi.lt\/en\/wp-json\/wp\/v2\/pages\/6904\/revisions\/11139"}],"up":[{"embeddable":true,"href":"http:\/\/akmi.lt\/en\/wp-json\/wp\/v2\/pages\/5934"}],"wp:featuredmedia":[{"embeddable":true,"href":"http:\/\/akmi.lt\/en\/wp-json\/wp\/v2\/media\/6906"}],"wp:attachment":[{"href":"http:\/\/akmi.lt\/en\/wp-json\/wp\/v2\/media?parent=6904"}],"curies":[{"name":"wp","href":"https:\/\/api.w.org\/{rel}","templated":true}]}}