{"id":6736,"date":"2023-03-05T13:25:48","date_gmt":"2023-03-05T13:25:48","guid":{"rendered":"http:\/\/akmi.lt\/?page_id=6736"},"modified":"2023-09-24T07:07:12","modified_gmt":"2023-09-24T07:07:12","slug":"apartment-near-the-square","status":"publish","type":"page","link":"http:\/\/akmi.lt\/en\/atlikti-darbai\/gyvenamieji-projektai\/butas-prie-aikstes\/","title":{"rendered":"Apartment by the square"},"content":{"rendered":"<div class=\"vc_row wpb_row vc_row-fluid\" ><div class=\"wpb_column vc_column_container vc_col-sm-12\"><div class=\"vc_column-inner\"><div class=\"wpb_wrapper\"><div class=\"vc_row wpb_row vc_inner vc_row-fluid\" ><div class=\"image-box wpb_column vc_column_container vc_col-sm-7 vc_col-xs-12\"><div class=\"vc_column-inner\"><div class=\"wpb_wrapper\"><div class=\"edgtf-single-image-holder  edgtf-has-shadow\">\n    <div class=\"edgtf-si-inner\" >\n                                    <img decoding=\"async\" width=\"750\" height=\"1000\" data-src=\"http:\/\/akmi.lt\/wp-content\/uploads\/2023\/03\/Sviecianti-siena-akmenine.jpg\" class=\"attachment-full size-full lazyload\" alt=\"Luminous wall Patagonia\" data-srcset=\"http:\/\/akmi.lt\/wp-content\/uploads\/2023\/03\/Sviecianti-siena-akmenine.jpg 750w, http:\/\/akmi.lt\/wp-content\/uploads\/2023\/03\/Sviecianti-siena-akmenine-225x300.jpg 225w, http:\/\/akmi.lt\/wp-content\/uploads\/2023\/03\/Sviecianti-siena-akmenine-600x800.jpg 600w\" data-sizes=\"(max-width: 750px) 100vw, 750px\" src=\"data:image\/gif;base64,R0lGODlhAQABAAAAACH5BAEKAAEALAAAAAABAAEAAAICTAEAOw==\" style=\"--smush-placeholder-width: 750px; --smush-placeholder-aspect-ratio: 750\/1000;\" \/>                        <\/div>\n<\/div><div class=\"edgtf-single-image-holder  edgtf-has-shadow\">\n    <div class=\"edgtf-si-inner\" >\n                                    <img decoding=\"async\" width=\"750\" height=\"1000\" data-src=\"http:\/\/akmi.lt\/wp-content\/uploads\/2023\/03\/Sviecianti-siena-is-akmens.jpg\" class=\"attachment-full size-full lazyload\" alt=\"Luminous wall made of stone Patagonia\" data-srcset=\"http:\/\/akmi.lt\/wp-content\/uploads\/2023\/03\/Sviecianti-siena-is-akmens.jpg 750w, http:\/\/akmi.lt\/wp-content\/uploads\/2023\/03\/Sviecianti-siena-is-akmens-225x300.jpg 225w, http:\/\/akmi.lt\/wp-content\/uploads\/2023\/03\/Sviecianti-siena-is-akmens-600x800.jpg 600w\" data-sizes=\"(max-width: 750px) 100vw, 750px\" src=\"data:image\/gif;base64,R0lGODlhAQABAAAAACH5BAEKAAEALAAAAAABAAEAAAICTAEAOw==\" style=\"--smush-placeholder-width: 750px; --smush-placeholder-aspect-ratio: 750\/1000;\" \/>                        <\/div>\n<\/div><div class=\"edgtf-single-image-holder  edgtf-has-shadow\">\n    <div class=\"edgtf-si-inner\" >\n                                    <img decoding=\"async\" width=\"750\" height=\"1000\" data-src=\"http:\/\/akmi.lt\/wp-content\/uploads\/2023\/03\/Plonas-akmeninis-stalvirsis.jpg\" class=\"attachment-full size-full lazyload\" alt=\"\" data-srcset=\"http:\/\/akmi.lt\/wp-content\/uploads\/2023\/03\/Plonas-akmeninis-stalvirsis.jpg 750w, http:\/\/akmi.lt\/wp-content\/uploads\/2023\/03\/Plonas-akmeninis-stalvirsis-225x300.jpg 225w, http:\/\/akmi.lt\/wp-content\/uploads\/2023\/03\/Plonas-akmeninis-stalvirsis-600x800.jpg 600w\" data-sizes=\"(max-width: 750px) 100vw, 750px\" src=\"data:image\/gif;base64,R0lGODlhAQABAAAAACH5BAEKAAEALAAAAAABAAEAAAICTAEAOw==\" style=\"--smush-placeholder-width: 750px; --smush-placeholder-aspect-ratio: 750\/1000;\" \/>                        <\/div>\n<\/div><div class=\"edgtf-single-image-holder  edgtf-has-shadow\">\n    <div class=\"edgtf-si-inner\" >\n                                    <img decoding=\"async\" width=\"1000\" height=\"985\" data-src=\"http:\/\/akmi.lt\/wp-content\/uploads\/2023\/03\/Plonas-kvarcito-stalvirsis-su-kriaukle.jpg\" class=\"attachment-full size-full lazyload\" alt=\"Thin quartzite countertop with sink\" data-srcset=\"http:\/\/akmi.lt\/wp-content\/uploads\/2023\/03\/Plonas-kvarcito-stalvirsis-su-kriaukle.jpg 1000w, http:\/\/akmi.lt\/wp-content\/uploads\/2023\/03\/Plonas-kvarcito-stalvirsis-su-kriaukle-300x296.jpg 300w, http:\/\/akmi.lt\/wp-content\/uploads\/2023\/03\/Plonas-kvarcito-stalvirsis-su-kriaukle-768x756.jpg 768w, http:\/\/akmi.lt\/wp-content\/uploads\/2023\/03\/Plonas-kvarcito-stalvirsis-su-kriaukle-600x591.jpg 600w, http:\/\/akmi.lt\/wp-content\/uploads\/2023\/03\/Plonas-kvarcito-stalvirsis-su-kriaukle-100x100.jpg 100w\" data-sizes=\"(max-width: 1000px) 100vw, 1000px\" src=\"data:image\/gif;base64,R0lGODlhAQABAAAAACH5BAEKAAEALAAAAAABAAEAAAICTAEAOw==\" style=\"--smush-placeholder-width: 1000px; --smush-placeholder-aspect-ratio: 1000\/985;\" \/>                        <\/div>\n<\/div><div class=\"edgtf-single-image-holder  edgtf-has-shadow\">\n    <div class=\"edgtf-si-inner\" >\n                                    <img decoding=\"async\" width=\"750\" height=\"1000\" data-src=\"http:\/\/akmi.lt\/wp-content\/uploads\/2023\/03\/Kvarcito-stalvirsis.jpg\" class=\"attachment-full size-full lazyload\" alt=\"Quartzite countertop\" data-srcset=\"http:\/\/akmi.lt\/wp-content\/uploads\/2023\/03\/Kvarcito-stalvirsis.jpg 750w, http:\/\/akmi.lt\/wp-content\/uploads\/2023\/03\/Kvarcito-stalvirsis-225x300.jpg 225w, http:\/\/akmi.lt\/wp-content\/uploads\/2023\/03\/Kvarcito-stalvirsis-600x800.jpg 600w\" data-sizes=\"(max-width: 750px) 100vw, 750px\" src=\"data:image\/gif;base64,R0lGODlhAQABAAAAACH5BAEKAAEALAAAAAABAAEAAAICTAEAOw==\" style=\"--smush-placeholder-width: 750px; --smush-placeholder-aspect-ratio: 750\/1000;\" \/>                        <\/div>\n<\/div><\/div><\/div><\/div><div class=\"text-box wpb_column vc_column_container vc_col-sm-5 vc_col-xs-12\"><div class=\"vc_column-inner\"><div class=\"wpb_wrapper\"><div class=\"edgtf-section-title-holder title-box-margin edgtf-st-standard  edgtf-st-position-left edgtf-appear-fx\" >\n\t\t<div class=\"edgtf-st-inner\">\n                    <div class=\"edgtf-st-title-holder\">\n                <h3 class=\"edgtf-st-title\" >\n                    DESCRIPTION                <\/h3>\n            <\/div>\n\t\t\t\t            <div class=\"edgtf-st-text-holder\">\n    \t\t\t<p class=\"edgtf-st-text\" >\n    \t\t\t\tThe interior features exclusive types of natural stone that attract attention and leave no one indifferent.<br \/>\nThe shower area is equipped with a Patagonia natural quartzite wall with adjustable lighting. When planning the installation of the wall, the panel was carefully selected so that it would be well-transparent, of suitable dimensions and with an expressive pattern. A professionally installed lighting system is particularly important to ensure a quality result - neither the fixing elements nor the light points are visible.<br \/>\nQuartzite is a heat and acid resistant material. It is also used in the kitchen area. The gray-blue quartzite goes well with the playful color of the kitchen facades, creating a light, youthful and at the same time luxurious atmosphere.    \t\t\t<\/p>\n            <\/div>\n\t\t\t<\/div>\n    <\/div><div class=\"edgtf-section-title-holder inline-title edgtf-st-standard  edgtf-st-position-left edgtf-appear-fx\" >\n\t\t<div class=\"edgtf-st-inner\">\n                    <div class=\"edgtf-st-title-holder\">\n                <h3 class=\"edgtf-st-title\" >\n                    PROJECT NAME:                <\/h3>\n            <\/div>\n\t\t\t\t            <div class=\"edgtf-st-text-holder\">\n    \t\t\t<p class=\"edgtf-st-text\" >\n    \t\t\t\tApartment by the square    \t\t\t<\/p>\n            <\/div>\n\t\t\t<\/div>\n    <\/div><div class=\"edgtf-section-title-holder inline-title edgtf-st-standard  edgtf-st-position-left edgtf-appear-fx\" >\n\t\t<div class=\"edgtf-st-inner\">\n                    <div class=\"edgtf-st-title-holder\">\n                <h3 class=\"edgtf-st-title\" >\n                    PHOTOS:                <\/h3>\n            <\/div>\n\t\t\t\t            <div class=\"edgtf-st-text-holder\">\n    \t\t\t<p class=\"edgtf-st-text\" >\n    \t\t\t\tAKMI    \t\t\t<\/p>\n            <\/div>\n\t\t\t<\/div>\n    <\/div><div class=\"vc_empty_space\"   style=\"height: 30px\"><span class=\"vc_empty_space_inner\"><\/span><\/div><div class=\"vc_separator wpb_content_element vc_separator_align_center vc_sep_width_100 vc_sep_pos_align_center vc_separator_no_text vc_sep_color_grey\" ><span class=\"vc_sep_holder vc_sep_holder_l\"><span  class=\"vc_sep_line\"><\/span><\/span><span class=\"vc_sep_holder vc_sep_holder_r\"><span  class=\"vc_sep_line\"><\/span><\/span>\n<\/div><div class=\"edgtf-link-section-holder edgtf-appear-fx\">\n    <div class=\"edgtf-link-section-title-holder\">\n        <h2 class=\"edgtf-link-section-title\" >\n    \t\tSTONE:        <\/h2>\n    <\/div>\n            <div class=\"edgtf-single-link-section-holder\">\n                            <a href=\"\/en\/stone\/quartzite\/\" class=\"edgtf-link-section\" >\n                    <div class=\"edgtf-single-link-title-holder\">\n                        <h5 class=\"edgtf-single-link-title\" >\n                            quartzite                        <\/h5>\n                    <\/div>\n                <\/a>\n                    <\/div>\n    <\/div><div class=\"vc_separator wpb_content_element vc_separator_align_center vc_sep_width_100 vc_sep_pos_align_center vc_separator_no_text vc_sep_color_grey\" ><span class=\"vc_sep_holder vc_sep_holder_l\"><span  class=\"vc_sep_line\"><\/span><\/span><span class=\"vc_sep_holder vc_sep_holder_r\"><span  class=\"vc_sep_line\"><\/span><\/span>\n<\/div><div class=\"edgtf-link-section-holder edgtf-appear-fx\">\n    <div class=\"edgtf-link-section-title-holder\">\n        <h2 class=\"edgtf-link-section-title\" >\n    \t\tSERVICE:        <\/h2>\n    <\/div>\n            <div class=\"edgtf-single-link-section-holder\">\n                            <a href=\"\/en\/services\/stone-processing\/\" class=\"edgtf-link-section\" >\n                    <div class=\"edgtf-single-link-title-holder\">\n                        <h5 class=\"edgtf-single-link-title\" >\n                            STONE PROCESSING                        <\/h5>\n                    <\/div>\n                <\/a>\n                    <\/div>\n            <div class=\"edgtf-single-link-section-holder\">\n                            <a href=\"\/en\/services\/stone-installation\/\" class=\"edgtf-link-section\" >\n                    <div class=\"edgtf-single-link-title-holder\">\n                        <h5 class=\"edgtf-single-link-title\" >\n                            installation                        <\/h5>\n                    <\/div>\n                <\/a>\n                    <\/div>\n    <\/div><div class=\"vc_separator wpb_content_element vc_separator_align_center vc_sep_width_100 vc_sep_pos_align_center vc_separator_no_text vc_sep_color_grey\" ><span class=\"vc_sep_holder vc_sep_holder_l\"><span  class=\"vc_sep_line\"><\/span><\/span><span class=\"vc_sep_holder vc_sep_holder_r\"><span  class=\"vc_sep_line\"><\/span><\/span>\n<\/div><div class=\"edgtf-link-section-holder edgtf-appear-fx\">\n    <div class=\"edgtf-link-section-title-holder\">\n        <h2 class=\"edgtf-link-section-title\" >\n    \t\tPRODUCTS:        <\/h2>\n    <\/div>\n            <div class=\"edgtf-single-link-section-holder\">\n                            <a href=\"\/en\/products\/wall-decoration\/\" class=\"edgtf-link-section\" >\n                    <div class=\"edgtf-single-link-title-holder\">\n                        <h5 class=\"edgtf-single-link-title\" >\n                            wall decoration                        <\/h5>\n                    <\/div>\n                <\/a>\n                    <\/div>\n            <div class=\"edgtf-single-link-section-holder\">\n                            <a href=\"\/en\/products\/countertops\/\" class=\"edgtf-link-section\" >\n                    <div class=\"edgtf-single-link-title-holder\">\n                        <h5 class=\"edgtf-single-link-title\" >\n                            countertops                        <\/h5>\n                    <\/div>\n                <\/a>\n                    <\/div>\n            <div class=\"edgtf-single-link-section-holder\">\n                            <a href=\"\/en\/products\/window-sills\/\" class=\"edgtf-link-section\" >\n                    <div class=\"edgtf-single-link-title-holder\">\n                        <h5 class=\"edgtf-single-link-title\" >\n                            window sills                        <\/h5>\n                    <\/div>\n                <\/a>\n                    <\/div>\n    <\/div><div class=\"vc_separator wpb_content_element vc_separator_align_center vc_sep_width_100 vc_sep_pos_align_center vc_separator_no_text vc_sep_color_grey\" ><span class=\"vc_sep_holder vc_sep_holder_l\"><span  class=\"vc_sep_line\"><\/span><\/span><span class=\"vc_sep_holder vc_sep_holder_r\"><span  class=\"vc_sep_line\"><\/span><\/span>\n<\/div><\/div><\/div><\/div><\/div><\/div><\/div><\/div><\/div>","protected":false},"excerpt":{"rendered":"APRA\u0160AS Interjere parinktos i\u0161skirtin\u0117s nat\u016bralaus akmens r\u016b\u0161ys kurios traukia d\u0117mes\u012f ir nepalieka abejing\u0173. Du\u0161o zonoje \u012frengta nat\u016bralaus kvarcito siena Patagonia su reguliuojamu pa\u0161vietimu. Planuojant \u012frengti sien\u0105 atsakingai parinkta plok\u0161t\u0117, kad b\u016bt\u0173 gerai per\u0161vie\u010diama, tinkam\u0173 gabarit\u0173 bei i\u0161rai\u0161kingo ra\u0161to. Profesionaliai \u012frengta [...]","protected":false},"author":2,"featured_media":6743,"parent":5949,"menu_order":0,"comment_status":"closed","ping_status":"closed","template":"","meta":{"footnotes":""},"class_list":["post-6736","page","type-page","status-publish","has-post-thumbnail","hentry"],"yoast_head":"<!-- This site is optimized with the Yoast SEO plugin v24.0 - https:\/\/yoast.com\/wordpress\/plugins\/seo\/ -->\n<title>Butas prie aik\u0161t\u0117s . Nat\u016bralaus ir dirbtinio akmens apdaila | AKMI<\/title>\n<meta name=\"description\" content=\"Interjere parinktos i\u0161skirtin\u0117s nat\u016bralaus akmens r\u016b\u0161ys kurios traukia d\u0117mes\u012f ir nepalieka abejing\u0173. Du\u0161o zonoje \u012frengta nat\u016bralaus kvarcito siena Patagonia su reguliuojamu pa\u0161vietimu. Planuojant \u012frengti sien\u0105 atsakingai parinkta plok\u0161t\u0117, kad b\u016bt\u0173 gerai per\u0161vie\u010diama, tinkam\u0173 gabarit\u0173 bei i\u0161rai\u0161kingo ra\u0161to. Profesionaliai \u012frengta pa\u0161vietimo sistema yra ypatingai svarbi kokybi\u0161kam rezultatui u\u017etikrinti - nesimato nei tvirtinimo element\u0173, nei \u0161viesos ta\u0161k\u0173. Kvarcitas - kar\u0161\u010diui ir r\u016bg\u0161tims atspari med\u017eiaga. Ji panaudota ir virtuv\u0117s zonoje. Pilkai melsvas kvarcitas puikiai dera su \u017eaisminga virtuv\u0117s fasad\u0173 spalva, sukurta lengva, jaunatvi\u0161ka ir tuo pa\u010diu prabangi atmosfera.\" \/>\n<meta name=\"robots\" content=\"index, follow, max-snippet:-1, max-image-preview:large, max-video-preview:-1\" \/>\n<link rel=\"canonical\" href=\"http:\/\/akmi.lt\/en\/works-carried-out\/residential-projects\/apartment-near-the-square\/\" \/>\n<meta property=\"og:locale\" content=\"en_US\" \/>\n<meta property=\"og:type\" content=\"article\" \/>\n<meta property=\"og:title\" content=\"Butas prie aik\u0161t\u0117s . Nat\u016bralaus ir dirbtinio akmens apdaila | AKMI\" \/>\n<meta property=\"og:description\" content=\"Interjere parinktos i\u0161skirtin\u0117s nat\u016bralaus akmens r\u016b\u0161ys kurios traukia d\u0117mes\u012f ir nepalieka abejing\u0173. Du\u0161o zonoje \u012frengta nat\u016bralaus kvarcito siena Patagonia su reguliuojamu pa\u0161vietimu. Planuojant \u012frengti sien\u0105 atsakingai parinkta plok\u0161t\u0117, kad b\u016bt\u0173 gerai per\u0161vie\u010diama, tinkam\u0173 gabarit\u0173 bei i\u0161rai\u0161kingo ra\u0161to. Profesionaliai \u012frengta pa\u0161vietimo sistema yra ypatingai svarbi kokybi\u0161kam rezultatui u\u017etikrinti - nesimato nei tvirtinimo element\u0173, nei \u0161viesos ta\u0161k\u0173. Kvarcitas - kar\u0161\u010diui ir r\u016bg\u0161tims atspari med\u017eiaga. Ji panaudota ir virtuv\u0117s zonoje. Pilkai melsvas kvarcitas puikiai dera su \u017eaisminga virtuv\u0117s fasad\u0173 spalva, sukurta lengva, jaunatvi\u0161ka ir tuo pa\u010diu prabangi atmosfera.\" \/>\n<meta property=\"og:url\" content=\"http:\/\/akmi.lt\/en\/works-carried-out\/residential-projects\/apartment-near-the-square\/\" \/>\n<meta property=\"og:site_name\" content=\"Akmi\" \/>\n<meta property=\"article:modified_time\" content=\"2023-09-24T07:07:12+00:00\" \/>\n<meta property=\"og:image\" content=\"http:\/\/akmi.lt\/wp-content\/uploads\/2023\/03\/Sviecianti-siena-is-akmens.jpg\" \/>\n\t<meta property=\"og:image:width\" content=\"750\" \/>\n\t<meta property=\"og:image:height\" content=\"1000\" \/>\n\t<meta property=\"og:image:type\" content=\"image\/jpeg\" \/>\n<meta name=\"twitter:card\" content=\"summary_large_image\" \/>\n<meta name=\"twitter:label1\" content=\"Est. reading time\" \/>\n\t<meta name=\"twitter:data1\" content=\"1 minute\" \/>\n<script type=\"application\/ld+json\" class=\"yoast-schema-graph\">{\"@context\":\"https:\/\/schema.org\",\"@graph\":[{\"@type\":\"WebPage\",\"@id\":\"http:\/\/akmi.lt\/en\/works-carried-out\/residential-projects\/apartment-near-the-square\/\",\"url\":\"http:\/\/akmi.lt\/en\/works-carried-out\/residential-projects\/apartment-near-the-square\/\",\"name\":\"Butas prie aik\u0161t\u0117s . Nat\u016bralaus ir dirbtinio akmens apdaila | AKMI\",\"isPartOf\":{\"@id\":\"http:\/\/akmi.lt\/en\/#website\"},\"primaryImageOfPage\":{\"@id\":\"http:\/\/akmi.lt\/en\/works-carried-out\/residential-projects\/apartment-near-the-square\/#primaryimage\"},\"image\":{\"@id\":\"http:\/\/akmi.lt\/en\/works-carried-out\/residential-projects\/apartment-near-the-square\/#primaryimage\"},\"thumbnailUrl\":\"http:\/\/akmi.lt\/wp-content\/uploads\/2023\/03\/Sviecianti-siena-is-akmens.jpg\",\"datePublished\":\"2023-03-05T13:25:48+00:00\",\"dateModified\":\"2023-09-24T07:07:12+00:00\",\"description\":\"Interjere parinktos i\u0161skirtin\u0117s nat\u016bralaus akmens r\u016b\u0161ys kurios traukia d\u0117mes\u012f ir nepalieka abejing\u0173. Du\u0161o zonoje \u012frengta nat\u016bralaus kvarcito siena Patagonia su reguliuojamu pa\u0161vietimu. Planuojant \u012frengti sien\u0105 atsakingai parinkta plok\u0161t\u0117, kad b\u016bt\u0173 gerai per\u0161vie\u010diama, tinkam\u0173 gabarit\u0173 bei i\u0161rai\u0161kingo ra\u0161to. Profesionaliai \u012frengta pa\u0161vietimo sistema yra ypatingai svarbi kokybi\u0161kam rezultatui u\u017etikrinti - nesimato nei tvirtinimo element\u0173, nei \u0161viesos ta\u0161k\u0173. Kvarcitas - kar\u0161\u010diui ir r\u016bg\u0161tims atspari med\u017eiaga. Ji panaudota ir virtuv\u0117s zonoje. Pilkai melsvas kvarcitas puikiai dera su \u017eaisminga virtuv\u0117s fasad\u0173 spalva, sukurta lengva, jaunatvi\u0161ka ir tuo pa\u010diu prabangi atmosfera.\",\"breadcrumb\":{\"@id\":\"http:\/\/akmi.lt\/en\/works-carried-out\/residential-projects\/apartment-near-the-square\/#breadcrumb\"},\"inLanguage\":\"en-US\",\"potentialAction\":[{\"@type\":\"ReadAction\",\"target\":[\"http:\/\/akmi.lt\/en\/works-carried-out\/residential-projects\/apartment-near-the-square\/\"]}]},{\"@type\":\"ImageObject\",\"inLanguage\":\"en-US\",\"@id\":\"http:\/\/akmi.lt\/en\/works-carried-out\/residential-projects\/apartment-near-the-square\/#primaryimage\",\"url\":\"http:\/\/akmi.lt\/wp-content\/uploads\/2023\/03\/Sviecianti-siena-is-akmens.jpg\",\"contentUrl\":\"http:\/\/akmi.lt\/wp-content\/uploads\/2023\/03\/Sviecianti-siena-is-akmens.jpg\",\"width\":750,\"height\":1000,\"caption\":\"\u0160vie\u010dianti siena i\u0161 akmens Patagonia\"},{\"@type\":\"BreadcrumbList\",\"@id\":\"http:\/\/akmi.lt\/en\/works-carried-out\/residential-projects\/apartment-near-the-square\/#breadcrumb\",\"itemListElement\":[{\"@type\":\"ListItem\",\"position\":1,\"name\":\"Pagrindinis\",\"item\":\"http:\/\/akmi.lt\/en\/\"},{\"@type\":\"ListItem\",\"position\":2,\"name\":\"Projektai\",\"item\":\"http:\/\/akmi.lt\/en\/works-carried-out\/\"},{\"@type\":\"ListItem\",\"position\":3,\"name\":\"Gyvenamieji projektai\",\"item\":\"http:\/\/akmi.lt\/en\/works-carried-out\/residential-projects\/\"},{\"@type\":\"ListItem\",\"position\":4,\"name\":\"Butas prie aik\u0161t\u0117s\"}]},{\"@type\":\"WebSite\",\"@id\":\"http:\/\/akmi.lt\/en\/#website\",\"url\":\"http:\/\/akmi.lt\/en\/\",\"name\":\"Akmi\",\"description\":\"\",\"potentialAction\":[{\"@type\":\"SearchAction\",\"target\":{\"@type\":\"EntryPoint\",\"urlTemplate\":\"http:\/\/akmi.lt\/en\/?s={search_term_string}\"},\"query-input\":{\"@type\":\"PropertyValueSpecification\",\"valueRequired\":true,\"valueName\":\"search_term_string\"}}],\"inLanguage\":\"en-US\"}]}<\/script>\n<!-- \/ Yoast SEO plugin. -->","yoast_head_json":{"title":"Apartment by the square. Natural and artificial stone decoration | AKMI","description":"Exclusive types of natural stone have been selected for the interior, which attract attention and do not leave anyone indifferent. The shower area is equipped with a natural quartzite wall Patagonia with adjustable lighting. When planning to install the wall, a panel was carefully selected so that it would be well-transparent, of suitable dimensions and with an expressive pattern. A professionally installed lighting system is particularly important to ensure a quality result - neither fasteners nor light points are visible. Quartzite is a heat- and acid-resistant material. It is also used in the kitchen area. The gray-blue quartzite goes well with the playful color of the kitchen facades, creating a light, youthful and at the same time luxurious atmosphere.","robots":{"index":"index","follow":"follow","max-snippet":"max-snippet:-1","max-image-preview":"max-image-preview:large","max-video-preview":"max-video-preview:-1"},"canonical":"http:\/\/akmi.lt\/en\/works-carried-out\/residential-projects\/apartment-near-the-square\/","og_locale":"en_US","og_type":"article","og_title":"Butas prie aik\u0161t\u0117s . Nat\u016bralaus ir dirbtinio akmens apdaila | AKMI","og_description":"Interjere parinktos i\u0161skirtin\u0117s nat\u016bralaus akmens r\u016b\u0161ys kurios traukia d\u0117mes\u012f ir nepalieka abejing\u0173. Du\u0161o zonoje \u012frengta nat\u016bralaus kvarcito siena Patagonia su reguliuojamu pa\u0161vietimu. Planuojant \u012frengti sien\u0105 atsakingai parinkta plok\u0161t\u0117, kad b\u016bt\u0173 gerai per\u0161vie\u010diama, tinkam\u0173 gabarit\u0173 bei i\u0161rai\u0161kingo ra\u0161to. Profesionaliai \u012frengta pa\u0161vietimo sistema yra ypatingai svarbi kokybi\u0161kam rezultatui u\u017etikrinti - nesimato nei tvirtinimo element\u0173, nei \u0161viesos ta\u0161k\u0173. Kvarcitas - kar\u0161\u010diui ir r\u016bg\u0161tims atspari med\u017eiaga. Ji panaudota ir virtuv\u0117s zonoje. Pilkai melsvas kvarcitas puikiai dera su \u017eaisminga virtuv\u0117s fasad\u0173 spalva, sukurta lengva, jaunatvi\u0161ka ir tuo pa\u010diu prabangi atmosfera.","og_url":"http:\/\/akmi.lt\/en\/works-carried-out\/residential-projects\/apartment-near-the-square\/","og_site_name":"Akmi","article_modified_time":"2023-09-24T07:07:12+00:00","og_image":[{"width":750,"height":1000,"url":"http:\/\/akmi.lt\/wp-content\/uploads\/2023\/03\/Sviecianti-siena-is-akmens.jpg","type":"image\/jpeg"}],"twitter_card":"summary_large_image","twitter_misc":{"Est. reading time":"1 minute"},"schema":{"@context":"https:\/\/schema.org","@graph":[{"@type":"WebPage","@id":"http:\/\/akmi.lt\/en\/works-carried-out\/residential-projects\/apartment-near-the-square\/","url":"http:\/\/akmi.lt\/en\/works-carried-out\/residential-projects\/apartment-near-the-square\/","name":"Apartment by the square. Natural and artificial stone decoration | AKMI","isPartOf":{"@id":"http:\/\/akmi.lt\/en\/#website"},"primaryImageOfPage":{"@id":"http:\/\/akmi.lt\/en\/works-carried-out\/residential-projects\/apartment-near-the-square\/#primaryimage"},"image":{"@id":"http:\/\/akmi.lt\/en\/works-carried-out\/residential-projects\/apartment-near-the-square\/#primaryimage"},"thumbnailUrl":"http:\/\/akmi.lt\/wp-content\/uploads\/2023\/03\/Sviecianti-siena-is-akmens.jpg","datePublished":"2023-03-05T13:25:48+00:00","dateModified":"2023-09-24T07:07:12+00:00","description":"Exclusive types of natural stone have been selected for the interior, which attract attention and do not leave anyone indifferent. The shower area is equipped with a natural quartzite wall Patagonia with adjustable lighting. When planning to install the wall, a panel was carefully selected so that it would be well-transparent, of suitable dimensions and with an expressive pattern. A professionally installed lighting system is particularly important to ensure a quality result - neither fasteners nor light points are visible. Quartzite is a heat- and acid-resistant material. It is also used in the kitchen area. The gray-blue quartzite goes well with the playful color of the kitchen facades, creating a light, youthful and at the same time luxurious atmosphere.","breadcrumb":{"@id":"http:\/\/akmi.lt\/en\/works-carried-out\/residential-projects\/apartment-near-the-square\/#breadcrumb"},"inLanguage":"en-US","potentialAction":[{"@type":"ReadAction","target":["http:\/\/akmi.lt\/en\/works-carried-out\/residential-projects\/apartment-near-the-square\/"]}]},{"@type":"ImageObject","inLanguage":"en-US","@id":"http:\/\/akmi.lt\/en\/works-carried-out\/residential-projects\/apartment-near-the-square\/#primaryimage","url":"http:\/\/akmi.lt\/wp-content\/uploads\/2023\/03\/Sviecianti-siena-is-akmens.jpg","contentUrl":"http:\/\/akmi.lt\/wp-content\/uploads\/2023\/03\/Sviecianti-siena-is-akmens.jpg","width":750,"height":1000,"caption":"\u0160vie\u010dianti siena i\u0161 akmens Patagonia"},{"@type":"BreadcrumbList","@id":"http:\/\/akmi.lt\/en\/works-carried-out\/residential-projects\/apartment-near-the-square\/#breadcrumb","itemListElement":[{"@type":"ListItem","position":1,"name":"Pagrindinis","item":"http:\/\/akmi.lt\/en\/"},{"@type":"ListItem","position":2,"name":"Projektai","item":"http:\/\/akmi.lt\/en\/works-carried-out\/"},{"@type":"ListItem","position":3,"name":"Gyvenamieji projektai","item":"http:\/\/akmi.lt\/en\/works-carried-out\/residential-projects\/"},{"@type":"ListItem","position":4,"name":"Butas prie aik\u0161t\u0117s"}]},{"@type":"WebSite","@id":"http:\/\/akmi.lt\/en\/#website","url":"http:\/\/akmi.lt\/en\/","name":"Stone","description":"","potentialAction":[{"@type":"SearchAction","target":{"@type":"EntryPoint","urlTemplate":"http:\/\/akmi.lt\/en\/?s={search_term_string}"},"query-input":{"@type":"PropertyValueSpecification","valueRequired":true,"valueName":"search_term_string"}}],"inLanguage":"en-US"}]}},"_links":{"self":[{"href":"http:\/\/akmi.lt\/en\/wp-json\/wp\/v2\/pages\/6736","targetHints":{"allow":["GET"]}}],"collection":[{"href":"http:\/\/akmi.lt\/en\/wp-json\/wp\/v2\/pages"}],"about":[{"href":"http:\/\/akmi.lt\/en\/wp-json\/wp\/v2\/types\/page"}],"author":[{"embeddable":true,"href":"http:\/\/akmi.lt\/en\/wp-json\/wp\/v2\/users\/2"}],"replies":[{"embeddable":true,"href":"http:\/\/akmi.lt\/en\/wp-json\/wp\/v2\/comments?post=6736"}],"version-history":[{"count":6,"href":"http:\/\/akmi.lt\/en\/wp-json\/wp\/v2\/pages\/6736\/revisions"}],"predecessor-version":[{"id":6738,"href":"http:\/\/akmi.lt\/en\/wp-json\/wp\/v2\/pages\/6736\/revisions\/6738"}],"up":[{"embeddable":true,"href":"http:\/\/akmi.lt\/en\/wp-json\/wp\/v2\/pages\/5949"}],"wp:featuredmedia":[{"embeddable":true,"href":"http:\/\/akmi.lt\/en\/wp-json\/wp\/v2\/media\/6743"}],"wp:attachment":[{"href":"http:\/\/akmi.lt\/en\/wp-json\/wp\/v2\/media?parent=6736"}],"curies":[{"name":"wp","href":"https:\/\/api.w.org\/{rel}","templated":true}]}}