{"id":5934,"date":"2023-01-09T12:07:22","date_gmt":"2023-01-09T12:07:22","guid":{"rendered":"http:\/\/akmi.lt\/?page_id=5934"},"modified":"2023-11-18T12:47:03","modified_gmt":"2023-11-18T12:47:03","slug":"commercial-projects","status":"publish","type":"page","link":"http:\/\/akmi.lt\/en\/atlikti-darbai\/komerciniai-projektai\/","title":{"rendered":"Commercial Projects"},"content":{"rendered":"<div class=\"vc_row wpb_row vc_row-fluid\" ><div class=\"wpb_column vc_column_container vc_col-sm-12\"><div class=\"vc_column-inner\"><div class=\"wpb_wrapper\"><div class=\"vc_row wpb_row vc_inner vc_row-fluid vc_custom_1673271005509\" ><div class=\"wpb_column vc_column_container vc_col-sm-12\"><div class=\"vc_column-inner\"><div class=\"wpb_wrapper\">\n<div class=\"vc_grid-container-wrapper vc_clearfix vc_grid-animation-none\">\n\t<div class=\"vc_grid-container vc_clearfix wpb_content_element vc_basic_grid page-post-grid\" data-initial-loading-animation=\"none\" data-vc-grid-settings=\"{&quot;page_id&quot;:5934,&quot;style&quot;:&quot;all&quot;,&quot;action&quot;:&quot;vc_get_vc_grid_data&quot;,&quot;shortcode_id&quot;:&quot;1679567354679-3f1d5646-3ba4-6&quot;,&quot;tag&quot;:&quot;vc_basic_grid&quot;}\" data-vc-request=\"http:\/\/akmi.lt\/wp-admin\/admin-ajax.php\" data-vc-post-id=\"5934\" data-vc-public-nonce=\"523d6d635a\">\n\t\t<style data-type=\"vc_shortcodes-custom-css\">.vc_custom_1419240516480{background-color: #f9f9f9 !important;}<\/style><div class=\"vc_grid vc_row vc_grid-gutter-30px vc_pageable-wrapper vc_hook_hover\" data-vc-pageable-content=\"true\"><div class=\"vc_pageable-slide-wrapper vc_clearfix\" data-vc-grid-content=\"true\"><div class=\"vc_grid-item vc_clearfix vc_col-sm-3 vc_grid-item-zone-c-bottom\"><div class=\"vc_grid-item-mini vc_clearfix \"><div class=\"vc_gitem-animated-block\" ><div class=\"vc_gitem-zone vc_gitem-zone-a vc-gitem-zone-height-mode-auto vc-gitem-zone-height-mode-auto-1-1 vc_gitem-is-link lazyload\" style=\"background-image:inherit;\" data-bg-image=\"url(&#039;http:\/\/akmi.lt\/wp-content\/uploads\/2023\/03\/AKMI-Nero-Marquina-table-natural-1024x768.jpg&#039;) !important\"><a href=\"http:\/\/akmi.lt\/en\/atlikti-darbai\/komerciniai-projektai\/frame-showroom\/\" title=\"Frame parduotuv\u0117\" class=\"vc_gitem-link vc-zone-link\" ><\/a><img decoding=\"async\" data-src=\"http:\/\/akmi.lt\/wp-content\/uploads\/2023\/03\/AKMI-Nero-Marquina-table-natural-1024x768.jpg\" class=\"vc_gitem-zone-img lazyload\" alt=\"Akmens stalas\" src=\"data:image\/gif;base64,R0lGODlhAQABAAAAACH5BAEKAAEALAAAAAABAAEAAAICTAEAOw==\" style=\"--smush-placeholder-width: 1024px; --smush-placeholder-aspect-ratio: 1024\/768;\"><div class=\"vc_gitem-zone-mini\"><\/div><\/div><\/div><div class=\"vc_gitem-zone vc_gitem-zone-c vc_custom_1419240516480\"><div class=\"vc_gitem-zone-mini\"><div class=\"vc_gitem_row vc_row vc_gitem-row-position-top\"><div class=\"vc_col-sm-12 vc_gitem-col vc_gitem-col-align-\"><div class=\"vc_custom_heading vc_gitem-post-data vc_gitem-post-data-source-post_title\" ><h4 style=\"text-align: left\" >Frame parduotuv\u0117<\/h4><\/div><div class=\"vc_custom_heading vc_gitem-post-data vc_gitem-post-data-source-post_excerpt\" ><p style=\"text-align: left\" >Apra\u0161as Du identi\u0161ki nat\u016bralaus akmens stalai pagaminti i\u0161 juodos spalvos marmuro masyvo. Stalvir\u0161iai nupoliruoti veidrodi\u0161kai blizgiu apdirbimu taikant akmens strukt\u016bros kietinimo technologij\u0105. Stalo kojos - taip pat akmenin\u0117s. Apvalios kojos i\u0161tekintos pasitelkiant programinio valdymo CNC \u012frengimus. PROJEKTO PAVADINIMAS: Frame parduotuv\u0117, [...]<\/p><\/div><div class=\"vc_btn3-container vc_btn3-left\"><a class=\"vc_general vc_btn3 vc_btn3-size-md vc_btn3-shape-rounded vc_btn3-style-flat vc_btn3-color-juicy-pink\" a href=\"http:\/\/akmi.lt\/en\/atlikti-darbai\/komerciniai-projektai\/frame-showroom\/\" class=\"vc_gitem-link vc_general vc_btn3 vc_general vc_btn3 vc_btn3-size-md vc_btn3-shape-rounded vc_btn3-style-flat vc_btn3-color-juicy-pink\" title=\"Read more\">Read more<\/a><\/div><\/div><\/div><\/div><\/div><\/div><div class=\"vc_clearfix\"><\/div><\/div><div class=\"vc_grid-item vc_clearfix vc_col-sm-3 vc_grid-item-zone-c-bottom\"><div class=\"vc_grid-item-mini vc_clearfix \"><div class=\"vc_gitem-animated-block\" ><div class=\"vc_gitem-zone vc_gitem-zone-a vc-gitem-zone-height-mode-auto vc-gitem-zone-height-mode-auto-1-1 vc_gitem-is-link lazyload\" style=\"background-image:inherit;\" data-bg-image=\"url(&#039;http:\/\/akmi.lt\/wp-content\/uploads\/2023\/02\/Akmens-apdaila-interjere-AKMI-5-1024x684.jpg&#039;) !important\"><a href=\"http:\/\/akmi.lt\/en\/atlikti-darbai\/komerciniai-projektai\/nextury-ofisas\/\" title=\"Nextury ofisas\" class=\"vc_gitem-link vc-zone-link\" ><\/a><img decoding=\"async\" data-src=\"http:\/\/akmi.lt\/wp-content\/uploads\/2023\/02\/Akmens-apdaila-interjere-AKMI-5-1024x684.jpg\" class=\"vc_gitem-zone-img lazyload\" alt=\"Nextury ofisas\" src=\"data:image\/gif;base64,R0lGODlhAQABAAAAACH5BAEKAAEALAAAAAABAAEAAAICTAEAOw==\" style=\"--smush-placeholder-width: 1024px; --smush-placeholder-aspect-ratio: 1024\/684;\"><div class=\"vc_gitem-zone-mini\"><\/div><\/div><\/div><div class=\"vc_gitem-zone vc_gitem-zone-c vc_custom_1419240516480\"><div class=\"vc_gitem-zone-mini\"><div class=\"vc_gitem_row vc_row vc_gitem-row-position-top\"><div class=\"vc_col-sm-12 vc_gitem-col vc_gitem-col-align-\"><div class=\"vc_custom_heading vc_gitem-post-data vc_gitem-post-data-source-post_title\" ><h4 style=\"text-align: left\" >Nextury ofisas<\/h4><\/div><div class=\"vc_custom_heading vc_gitem-post-data vc_gitem-post-data-source-post_excerpt\" ><p style=\"text-align: left\" >Apra\u0161as Ofiso interjerui dizainer\u0117 Inesa Lele\u0161ien\u0117 parinko jaukias ir laikui nepavald\u017eias nat\u016bralias med\u017eiagas. Akcentin\u0117s sienos ir ofiso stalai pagaminti i\u0161 tamsaus travertino su kontrastingu horizontaliu ra\u0161tu. Grindims parinktas skerso pjovimo travertinas, kuris nekonkuruoja su ry\u0161kios krypties sien\u0173 apdaila. Funkciniuose pavir\u0161iuose [...]<\/p><\/div><div class=\"vc_btn3-container vc_btn3-left\"><a class=\"vc_general vc_btn3 vc_btn3-size-md vc_btn3-shape-rounded vc_btn3-style-flat vc_btn3-color-juicy-pink\" a href=\"http:\/\/akmi.lt\/en\/atlikti-darbai\/komerciniai-projektai\/nextury-ofisas\/\" class=\"vc_gitem-link vc_general vc_btn3 vc_general vc_btn3 vc_btn3-size-md vc_btn3-shape-rounded vc_btn3-style-flat vc_btn3-color-juicy-pink\" title=\"Read more\">Read more<\/a><\/div><\/div><\/div><\/div><\/div><\/div><div class=\"vc_clearfix\"><\/div><\/div><div class=\"vc_grid-item vc_clearfix vc_col-sm-3 vc_grid-item-zone-c-bottom\"><div class=\"vc_grid-item-mini vc_clearfix \"><div class=\"vc_gitem-animated-block\" ><div class=\"vc_gitem-zone vc_gitem-zone-a vc-gitem-zone-height-mode-auto vc-gitem-zone-height-mode-auto-1-1 vc_gitem-is-link lazyload\" style=\"background-image:inherit;\" data-bg-image=\"url(&#039;http:\/\/akmi.lt\/wp-content\/uploads\/2023\/03\/1-Ofiso-apdaila-is-marmuro.jpg&#039;) !important\"><a href=\"http:\/\/akmi.lt\/en\/atlikti-darbai\/komerciniai-projektai\/prabangus-ofiso-interjeras\/\" title=\"Prabangus ofisas\" class=\"vc_gitem-link vc-zone-link\" ><\/a><img decoding=\"async\" data-src=\"http:\/\/akmi.lt\/wp-content\/uploads\/2023\/03\/1-Ofiso-apdaila-is-marmuro.jpg\" class=\"vc_gitem-zone-img lazyload\" alt=\"Kolon\u0173 apdaila i\u0161 akmens\" src=\"data:image\/gif;base64,R0lGODlhAQABAAAAACH5BAEKAAEALAAAAAABAAEAAAICTAEAOw==\" style=\"--smush-placeholder-width: 1000px; --smush-placeholder-aspect-ratio: 1000\/654;\"><div class=\"vc_gitem-zone-mini\"><\/div><\/div><\/div><div class=\"vc_gitem-zone vc_gitem-zone-c vc_custom_1419240516480\"><div class=\"vc_gitem-zone-mini\"><div class=\"vc_gitem_row vc_row vc_gitem-row-position-top\"><div class=\"vc_col-sm-12 vc_gitem-col vc_gitem-col-align-\"><div class=\"vc_custom_heading vc_gitem-post-data vc_gitem-post-data-source-post_title\" ><h4 style=\"text-align: left\" >Prabangus ofisas<\/h4><\/div><div class=\"vc_custom_heading vc_gitem-post-data vc_gitem-post-data-source-post_excerpt\" ><p style=\"text-align: left\" >Apra\u0161as Prabangaus ofiso interjero apdailoje panaudota itin daug nat\u016bralaus akmens: grindys i\u0161 marmuro plyteli\u0173, grind\u0173 mozaikos ir kompozicijos, apvalios sal\u0117s grind\u0173 apdaila reikalaujanti itin didelio pjovimo tikslumo, sien\u0173 apdailos frezuotos 5 a\u0161i\u0173 CNC \u012frengimais, lenkt\u0173 sien\u0173 apdaila i\u0161 travertino masyvo [...]<\/p><\/div><div class=\"vc_btn3-container vc_btn3-left\"><a class=\"vc_general vc_btn3 vc_btn3-size-md vc_btn3-shape-rounded vc_btn3-style-flat vc_btn3-color-juicy-pink\" a href=\"http:\/\/akmi.lt\/en\/atlikti-darbai\/komerciniai-projektai\/prabangus-ofiso-interjeras\/\" class=\"vc_gitem-link vc_general vc_btn3 vc_general vc_btn3 vc_btn3-size-md vc_btn3-shape-rounded vc_btn3-style-flat vc_btn3-color-juicy-pink\" title=\"Read more\">Read more<\/a><\/div><\/div><\/div><\/div><\/div><\/div><div class=\"vc_clearfix\"><\/div><\/div><div class=\"vc_grid-item vc_clearfix vc_col-sm-3 vc_grid-item-zone-c-bottom\"><div class=\"vc_grid-item-mini vc_clearfix \"><div class=\"vc_gitem-animated-block\" ><div class=\"vc_gitem-zone vc_gitem-zone-a vc-gitem-zone-height-mode-auto vc-gitem-zone-height-mode-auto-1-1 vc_gitem-is-link lazyload\" style=\"background-image:inherit;\" data-bg-image=\"url(&#039;http:\/\/akmi.lt\/wp-content\/uploads\/2023\/03\/16-Akmens-apdailos-salonas.jpg&#039;) !important\"><a href=\"http:\/\/akmi.lt\/en\/atlikti-darbai\/komerciniai-projektai\/apdailos-salonas\/\" title=\"Apdailos salonas\" class=\"vc_gitem-link vc-zone-link\" ><\/a><img decoding=\"async\" data-src=\"http:\/\/akmi.lt\/wp-content\/uploads\/2023\/03\/16-Akmens-apdailos-salonas.jpg\" class=\"vc_gitem-zone-img lazyload\" alt=\"Grindys i\u0161 akmens\" src=\"data:image\/gif;base64,R0lGODlhAQABAAAAACH5BAEKAAEALAAAAAABAAEAAAICTAEAOw==\" style=\"--smush-placeholder-width: 1000px; --smush-placeholder-aspect-ratio: 1000\/666;\"><div class=\"vc_gitem-zone-mini\"><\/div><\/div><\/div><div class=\"vc_gitem-zone vc_gitem-zone-c vc_custom_1419240516480\"><div class=\"vc_gitem-zone-mini\"><div class=\"vc_gitem_row vc_row vc_gitem-row-position-top\"><div class=\"vc_col-sm-12 vc_gitem-col vc_gitem-col-align-\"><div class=\"vc_custom_heading vc_gitem-post-data vc_gitem-post-data-source-post_title\" ><h4 style=\"text-align: left\" >Apdailos salonas<\/h4><\/div><div class=\"vc_custom_heading vc_gitem-post-data vc_gitem-post-data-source-post_excerpt\" ><p style=\"text-align: left\" >Apra\u0161as Siekiant pademonstruoti akmens apdirbimo galimybes prekybos salono apdailoje panaudota itin daug nat\u016bralaus akmens: grindys i\u0161 marmuro plyteli\u0173, grind\u0173 mozaikos su sm\u0117liuotais ornamentais, dekoro siena su i\u0161kiliais onikso lapeliais su pa\u0161vietimu. Nat\u016bralaus akmens panaudojimo galimyb\u0117s yra labai pla\u010dios ir \u012fgalinan\u010dios [...]<\/p><\/div><div class=\"vc_btn3-container vc_btn3-left\"><a class=\"vc_general vc_btn3 vc_btn3-size-md vc_btn3-shape-rounded vc_btn3-style-flat vc_btn3-color-juicy-pink\" a href=\"http:\/\/akmi.lt\/en\/atlikti-darbai\/komerciniai-projektai\/apdailos-salonas\/\" class=\"vc_gitem-link vc_general vc_btn3 vc_general vc_btn3 vc_btn3-size-md vc_btn3-shape-rounded vc_btn3-style-flat vc_btn3-color-juicy-pink\" title=\"Read more\">Read more<\/a><\/div><\/div><\/div><\/div><\/div><\/div><div class=\"vc_clearfix\"><\/div><\/div><div class=\"vc_grid-item vc_clearfix vc_col-sm-3 vc_grid-item-zone-c-bottom\"><div class=\"vc_grid-item-mini vc_clearfix \"><div class=\"vc_gitem-animated-block\" ><div class=\"vc_gitem-zone vc_gitem-zone-a vc-gitem-zone-height-mode-auto vc-gitem-zone-height-mode-auto-1-1 vc_gitem-is-link lazyload\" style=\"background-image:inherit;\" data-bg-image=\"url(&#039;http:\/\/akmi.lt\/wp-content\/uploads\/2023\/03\/SPA-apdaila-is-akmens.jpg&#039;) !important\"><a href=\"http:\/\/akmi.lt\/en\/atlikti-darbai\/komerciniai-projektai\/amberton-spa\/\" title=\"Amberton SPA\" class=\"vc_gitem-link vc-zone-link\" ><\/a><img decoding=\"async\" data-src=\"http:\/\/akmi.lt\/wp-content\/uploads\/2023\/03\/SPA-apdaila-is-akmens.jpg\" class=\"vc_gitem-zone-img lazyload\" alt=\"Amberton SPA\" src=\"data:image\/gif;base64,R0lGODlhAQABAAAAACH5BAEKAAEALAAAAAABAAEAAAICTAEAOw==\" style=\"--smush-placeholder-width: 1024px; --smush-placeholder-aspect-ratio: 1024\/683;\"><div class=\"vc_gitem-zone-mini\"><\/div><\/div><\/div><div class=\"vc_gitem-zone vc_gitem-zone-c vc_custom_1419240516480\"><div class=\"vc_gitem-zone-mini\"><div class=\"vc_gitem_row vc_row vc_gitem-row-position-top\"><div class=\"vc_col-sm-12 vc_gitem-col vc_gitem-col-align-\"><div class=\"vc_custom_heading vc_gitem-post-data vc_gitem-post-data-source-post_title\" ><h4 style=\"text-align: left\" >Amberton SPA<\/h4><\/div><div class=\"vc_custom_heading vc_gitem-post-data vc_gitem-post-data-source-post_excerpt\" ><p style=\"text-align: left\" >Apra\u0161as Miego terapijos centre Amberton Druskininkai \u012frengta i\u0161skirtin\u0117 SPA erdv\u0117. Grind\u0173, sien\u0173, bald\u0173 apdailai parinktas itali\u0161kas teraco akmuo Quarella. Dizaino sprendimais \u012frengta vientisa ir atpalaiduojanti aplinka. Prabangaus vie\u0161bu\u010dio patirtis prasideda nuo profesionalaus pri\u0117mimo. I\u0161skirtin\u0117s formos recepsijos zonos apdaila i\u0161 nat\u016bralaus [...]<\/p><\/div><div class=\"vc_btn3-container vc_btn3-left\"><a class=\"vc_general vc_btn3 vc_btn3-size-md vc_btn3-shape-rounded vc_btn3-style-flat vc_btn3-color-juicy-pink\" a href=\"http:\/\/akmi.lt\/en\/atlikti-darbai\/komerciniai-projektai\/amberton-spa\/\" class=\"vc_gitem-link vc_general vc_btn3 vc_general vc_btn3 vc_btn3-size-md vc_btn3-shape-rounded vc_btn3-style-flat vc_btn3-color-juicy-pink\" title=\"Read more\">Read more<\/a><\/div><\/div><\/div><\/div><\/div><\/div><div class=\"vc_clearfix\"><\/div><\/div><\/div><\/div>\n\t<\/div>\n<\/div><\/div><\/div><\/div><\/div><\/div><\/div><\/div><\/div>\n","protected":false},"excerpt":{"rendered":"Frame parduotuv\u0117Apra\u0161as Du identi\u0161ki nat\u016bralaus akmens stalai pagaminti i\u0161 juodos spalvos marmuro masyvo. Stalvir\u0161iai nupoliruoti veidrodi\u0161kai blizgiu apdirbimu taikant akmens strukt\u016bros kietinimo technologij\u0105. Stalo kojos - taip pat akmenin\u0117s. Apvalios kojos i\u0161tekintos pasitelkiant programinio valdymo CNC \u012frengimus. PROJEKTO PAVADINIMAS: Frame [...]","protected":false},"author":1,"featured_media":9563,"parent":5944,"menu_order":0,"comment_status":"closed","ping_status":"closed","template":"","meta":{"footnotes":""},"class_list":["post-5934","page","type-page","status-publish","has-post-thumbnail","hentry"],"yoast_head":"<!-- This site is optimized with the Yoast SEO plugin v24.0 - https:\/\/yoast.com\/wordpress\/plugins\/seo\/ -->\n<title>Komerciniai projektai | AKMI<\/title>\n<meta name=\"description\" content=\"AUK\u0160\u010cIAUSIA KLAS\u0116 IR UNIKALUMAS. Salonai, biurai, parduotuv\u0117s, SPA ir vie\u0161bu\u010diai. Kai U\u017esakovai pageidauja, kad j\u0173 erdv\u0117s spind\u0117t\u0173 prabanga ir i\u0161skirtinumu, pasitelk\u0119 interjero ir eksterjero id\u0117jas i\u0161 akmens s\u0117kmingai sukuriame \u0161\u012f \u012fvaizd\u012f.\" \/>\n<meta name=\"robots\" content=\"index, follow, max-snippet:-1, max-image-preview:large, max-video-preview:-1\" \/>\n<link rel=\"canonical\" href=\"http:\/\/akmi.lt\/en\/works-carried-out\/commercial-projects\/\" \/>\n<meta property=\"og:locale\" content=\"en_US\" \/>\n<meta property=\"og:type\" content=\"article\" \/>\n<meta property=\"og:title\" content=\"Komerciniai projektai | AKMI\" \/>\n<meta property=\"og:description\" content=\"AUK\u0160\u010cIAUSIA KLAS\u0116 IR UNIKALUMAS. Salonai, biurai, parduotuv\u0117s, SPA ir vie\u0161bu\u010diai. Kai U\u017esakovai pageidauja, kad j\u0173 erdv\u0117s spind\u0117t\u0173 prabanga ir i\u0161skirtinumu, pasitelk\u0119 interjero ir eksterjero id\u0117jas i\u0161 akmens s\u0117kmingai sukuriame \u0161\u012f \u012fvaizd\u012f.\" \/>\n<meta property=\"og:url\" content=\"http:\/\/akmi.lt\/en\/works-carried-out\/commercial-projects\/\" \/>\n<meta property=\"og:site_name\" content=\"Akmi\" \/>\n<meta property=\"article:modified_time\" content=\"2023-11-18T12:47:03+00:00\" \/>\n<meta property=\"og:image\" content=\"http:\/\/akmi.lt\/wp-content\/uploads\/2023\/08\/Komerciniai-projektai-is-akmens-1.jpg\" \/>\n\t<meta property=\"og:image:width\" content=\"740\" \/>\n\t<meta property=\"og:image:height\" content=\"740\" \/>\n\t<meta property=\"og:image:type\" content=\"image\/jpeg\" \/>\n<meta name=\"twitter:card\" content=\"summary_large_image\" \/>\n<meta name=\"twitter:label1\" content=\"Est. reading time\" \/>\n\t<meta name=\"twitter:data1\" content=\"1 minute\" \/>\n<script type=\"application\/ld+json\" class=\"yoast-schema-graph\">{\"@context\":\"https:\/\/schema.org\",\"@graph\":[{\"@type\":\"WebPage\",\"@id\":\"http:\/\/akmi.lt\/en\/works-carried-out\/commercial-projects\/\",\"url\":\"http:\/\/akmi.lt\/en\/works-carried-out\/commercial-projects\/\",\"name\":\"Komerciniai projektai | AKMI\",\"isPartOf\":{\"@id\":\"http:\/\/akmi.lt\/en\/#website\"},\"primaryImageOfPage\":{\"@id\":\"http:\/\/akmi.lt\/en\/works-carried-out\/commercial-projects\/#primaryimage\"},\"image\":{\"@id\":\"http:\/\/akmi.lt\/en\/works-carried-out\/commercial-projects\/#primaryimage\"},\"thumbnailUrl\":\"http:\/\/akmi.lt\/wp-content\/uploads\/2023\/08\/Komerciniai-projektai-is-akmens-1.jpg\",\"datePublished\":\"2023-01-09T12:07:22+00:00\",\"dateModified\":\"2023-11-18T12:47:03+00:00\",\"description\":\"AUK\u0160\u010cIAUSIA KLAS\u0116 IR UNIKALUMAS. Salonai, biurai, parduotuv\u0117s, SPA ir vie\u0161bu\u010diai. Kai U\u017esakovai pageidauja, kad j\u0173 erdv\u0117s spind\u0117t\u0173 prabanga ir i\u0161skirtinumu, pasitelk\u0119 interjero ir eksterjero id\u0117jas i\u0161 akmens s\u0117kmingai sukuriame \u0161\u012f \u012fvaizd\u012f.\",\"breadcrumb\":{\"@id\":\"http:\/\/akmi.lt\/en\/works-carried-out\/commercial-projects\/#breadcrumb\"},\"inLanguage\":\"en-US\",\"potentialAction\":[{\"@type\":\"ReadAction\",\"target\":[\"http:\/\/akmi.lt\/en\/works-carried-out\/commercial-projects\/\"]}]},{\"@type\":\"ImageObject\",\"inLanguage\":\"en-US\",\"@id\":\"http:\/\/akmi.lt\/en\/works-carried-out\/commercial-projects\/#primaryimage\",\"url\":\"http:\/\/akmi.lt\/wp-content\/uploads\/2023\/08\/Komerciniai-projektai-is-akmens-1.jpg\",\"contentUrl\":\"http:\/\/akmi.lt\/wp-content\/uploads\/2023\/08\/Komerciniai-projektai-is-akmens-1.jpg\",\"width\":740,\"height\":740},{\"@type\":\"BreadcrumbList\",\"@id\":\"http:\/\/akmi.lt\/en\/works-carried-out\/commercial-projects\/#breadcrumb\",\"itemListElement\":[{\"@type\":\"ListItem\",\"position\":1,\"name\":\"Pagrindinis\",\"item\":\"http:\/\/akmi.lt\/en\/\"},{\"@type\":\"ListItem\",\"position\":2,\"name\":\"Projektai\",\"item\":\"http:\/\/akmi.lt\/en\/works-carried-out\/\"},{\"@type\":\"ListItem\",\"position\":3,\"name\":\"Komerciniai projektai\"}]},{\"@type\":\"WebSite\",\"@id\":\"http:\/\/akmi.lt\/en\/#website\",\"url\":\"http:\/\/akmi.lt\/en\/\",\"name\":\"Akmi\",\"description\":\"\",\"potentialAction\":[{\"@type\":\"SearchAction\",\"target\":{\"@type\":\"EntryPoint\",\"urlTemplate\":\"http:\/\/akmi.lt\/en\/?s={search_term_string}\"},\"query-input\":{\"@type\":\"PropertyValueSpecification\",\"valueRequired\":true,\"valueName\":\"search_term_string\"}}],\"inLanguage\":\"en-US\"}]}<\/script>\n<!-- \/ Yoast SEO plugin. -->","yoast_head_json":{"title":"Commercial projects | AKMI","description":"HIGHEST CLASS AND UNIQUENESS. Salons, offices, shops, SPAs and hotels. When Customers want their spaces to shine with luxury and exclusivity, we successfully create this image using interior and exterior ideas made of stone.","robots":{"index":"index","follow":"follow","max-snippet":"max-snippet:-1","max-image-preview":"max-image-preview:large","max-video-preview":"max-video-preview:-1"},"canonical":"http:\/\/akmi.lt\/en\/works-carried-out\/commercial-projects\/","og_locale":"en_US","og_type":"article","og_title":"Komerciniai projektai | AKMI","og_description":"AUK\u0160\u010cIAUSIA KLAS\u0116 IR UNIKALUMAS. Salonai, biurai, parduotuv\u0117s, SPA ir vie\u0161bu\u010diai. Kai U\u017esakovai pageidauja, kad j\u0173 erdv\u0117s spind\u0117t\u0173 prabanga ir i\u0161skirtinumu, pasitelk\u0119 interjero ir eksterjero id\u0117jas i\u0161 akmens s\u0117kmingai sukuriame \u0161\u012f \u012fvaizd\u012f.","og_url":"http:\/\/akmi.lt\/en\/works-carried-out\/commercial-projects\/","og_site_name":"Akmi","article_modified_time":"2023-11-18T12:47:03+00:00","og_image":[{"width":740,"height":740,"url":"http:\/\/akmi.lt\/wp-content\/uploads\/2023\/08\/Komerciniai-projektai-is-akmens-1.jpg","type":"image\/jpeg"}],"twitter_card":"summary_large_image","twitter_misc":{"Est. reading time":"1 minute"},"schema":{"@context":"https:\/\/schema.org","@graph":[{"@type":"WebPage","@id":"http:\/\/akmi.lt\/en\/works-carried-out\/commercial-projects\/","url":"http:\/\/akmi.lt\/en\/works-carried-out\/commercial-projects\/","name":"Commercial projects | AKMI","isPartOf":{"@id":"http:\/\/akmi.lt\/en\/#website"},"primaryImageOfPage":{"@id":"http:\/\/akmi.lt\/en\/works-carried-out\/commercial-projects\/#primaryimage"},"image":{"@id":"http:\/\/akmi.lt\/en\/works-carried-out\/commercial-projects\/#primaryimage"},"thumbnailUrl":"http:\/\/akmi.lt\/wp-content\/uploads\/2023\/08\/Komerciniai-projektai-is-akmens-1.jpg","datePublished":"2023-01-09T12:07:22+00:00","dateModified":"2023-11-18T12:47:03+00:00","description":"HIGHEST CLASS AND UNIQUENESS. Salons, offices, shops, SPAs and hotels. When Customers want their spaces to shine with luxury and exclusivity, we successfully create this image using interior and exterior ideas made of stone.","breadcrumb":{"@id":"http:\/\/akmi.lt\/en\/works-carried-out\/commercial-projects\/#breadcrumb"},"inLanguage":"en-US","potentialAction":[{"@type":"ReadAction","target":["http:\/\/akmi.lt\/en\/works-carried-out\/commercial-projects\/"]}]},{"@type":"ImageObject","inLanguage":"en-US","@id":"http:\/\/akmi.lt\/en\/works-carried-out\/commercial-projects\/#primaryimage","url":"http:\/\/akmi.lt\/wp-content\/uploads\/2023\/08\/Komerciniai-projektai-is-akmens-1.jpg","contentUrl":"http:\/\/akmi.lt\/wp-content\/uploads\/2023\/08\/Komerciniai-projektai-is-akmens-1.jpg","width":740,"height":740},{"@type":"BreadcrumbList","@id":"http:\/\/akmi.lt\/en\/works-carried-out\/commercial-projects\/#breadcrumb","itemListElement":[{"@type":"ListItem","position":1,"name":"Pagrindinis","item":"http:\/\/akmi.lt\/en\/"},{"@type":"ListItem","position":2,"name":"Projektai","item":"http:\/\/akmi.lt\/en\/works-carried-out\/"},{"@type":"ListItem","position":3,"name":"Komerciniai projektai"}]},{"@type":"WebSite","@id":"http:\/\/akmi.lt\/en\/#website","url":"http:\/\/akmi.lt\/en\/","name":"Stone","description":"","potentialAction":[{"@type":"SearchAction","target":{"@type":"EntryPoint","urlTemplate":"http:\/\/akmi.lt\/en\/?s={search_term_string}"},"query-input":{"@type":"PropertyValueSpecification","valueRequired":true,"valueName":"search_term_string"}}],"inLanguage":"en-US"}]}},"_links":{"self":[{"href":"http:\/\/akmi.lt\/en\/wp-json\/wp\/v2\/pages\/5934","targetHints":{"allow":["GET"]}}],"collection":[{"href":"http:\/\/akmi.lt\/en\/wp-json\/wp\/v2\/pages"}],"about":[{"href":"http:\/\/akmi.lt\/en\/wp-json\/wp\/v2\/types\/page"}],"author":[{"embeddable":true,"href":"http:\/\/akmi.lt\/en\/wp-json\/wp\/v2\/users\/1"}],"replies":[{"embeddable":true,"href":"http:\/\/akmi.lt\/en\/wp-json\/wp\/v2\/comments?post=5934"}],"version-history":[{"count":11,"href":"http:\/\/akmi.lt\/en\/wp-json\/wp\/v2\/pages\/5934\/revisions"}],"predecessor-version":[{"id":12886,"href":"http:\/\/akmi.lt\/en\/wp-json\/wp\/v2\/pages\/5934\/revisions\/12886"}],"up":[{"embeddable":true,"href":"http:\/\/akmi.lt\/en\/wp-json\/wp\/v2\/pages\/5944"}],"wp:featuredmedia":[{"embeddable":true,"href":"http:\/\/akmi.lt\/en\/wp-json\/wp\/v2\/media\/9563"}],"wp:attachment":[{"href":"http:\/\/akmi.lt\/en\/wp-json\/wp\/v2\/media?parent=5934"}],"curies":[{"name":"wp","href":"https:\/\/api.w.org\/{rel}","templated":true}]}}