{"id":14716,"date":"2023-12-02T05:32:39","date_gmt":"2023-12-02T05:32:39","guid":{"rendered":"https:\/\/akmi.lt\/?page_id=14716"},"modified":"2023-12-02T08:37:20","modified_gmt":"2023-12-02T08:37:20","slug":"apartment-in-the-center-of-kaunas","status":"publish","type":"page","link":"http:\/\/akmi.lt\/en\/atlikti-darbai\/gyvenamieji-projektai\/butas-kauno-centre\/","title":{"rendered":"Apartment in the center of Kaunas"},"content":{"rendered":"<div class=\"vc_row wpb_row vc_row-fluid\" ><div class=\"wpb_column vc_column_container vc_col-sm-12\"><div class=\"vc_column-inner\"><div class=\"wpb_wrapper\"><div class=\"vc_row wpb_row vc_inner vc_row-fluid\" ><div class=\"image-box wpb_column vc_column_container vc_col-sm-7 vc_col-xs-12\"><div class=\"vc_column-inner\"><div class=\"wpb_wrapper\"><div class=\"edgtf-single-image-holder  edgtf-has-shadow\">\n    <div class=\"edgtf-si-inner\" >\n                                    <img decoding=\"async\" width=\"667\" height=\"1000\" data-src=\"http:\/\/akmi.lt\/wp-content\/uploads\/2023\/12\/Naturalaus-kvarcito-stalvirsis.jpg\" class=\"attachment-full size-full lazyload\" alt=\"\" data-srcset=\"http:\/\/akmi.lt\/wp-content\/uploads\/2023\/12\/Naturalaus-kvarcito-stalvirsis.jpg 667w, http:\/\/akmi.lt\/wp-content\/uploads\/2023\/12\/Naturalaus-kvarcito-stalvirsis-200x300.jpg 200w, http:\/\/akmi.lt\/wp-content\/uploads\/2023\/12\/Naturalaus-kvarcito-stalvirsis-600x900.jpg 600w\" data-sizes=\"(max-width: 667px) 100vw, 667px\" src=\"data:image\/gif;base64,R0lGODlhAQABAAAAACH5BAEKAAEALAAAAAABAAEAAAICTAEAOw==\" style=\"--smush-placeholder-width: 667px; --smush-placeholder-aspect-ratio: 667\/1000;\" \/>                        <\/div>\n<\/div><div class=\"edgtf-single-image-holder  edgtf-has-shadow\">\n    <div class=\"edgtf-si-inner\" >\n                                    <img decoding=\"async\" width=\"667\" height=\"1000\" data-src=\"http:\/\/akmi.lt\/wp-content\/uploads\/2023\/12\/Salos-apdaila-is-kvarcito.jpg\" class=\"attachment-full size-full lazyload\" alt=\"\" data-srcset=\"http:\/\/akmi.lt\/wp-content\/uploads\/2023\/12\/Salos-apdaila-is-kvarcito.jpg 667w, http:\/\/akmi.lt\/wp-content\/uploads\/2023\/12\/Salos-apdaila-is-kvarcito-200x300.jpg 200w, http:\/\/akmi.lt\/wp-content\/uploads\/2023\/12\/Salos-apdaila-is-kvarcito-600x900.jpg 600w\" data-sizes=\"(max-width: 667px) 100vw, 667px\" src=\"data:image\/gif;base64,R0lGODlhAQABAAAAACH5BAEKAAEALAAAAAABAAEAAAICTAEAOw==\" style=\"--smush-placeholder-width: 667px; --smush-placeholder-aspect-ratio: 667\/1000;\" \/>                        <\/div>\n<\/div><div class=\"edgtf-single-image-holder  edgtf-has-shadow\">\n    <div class=\"edgtf-si-inner\" >\n                                    <img decoding=\"async\" width=\"667\" height=\"1000\" data-src=\"http:\/\/akmi.lt\/wp-content\/uploads\/2023\/12\/Baltas-kvarcitas.jpg\" class=\"attachment-full size-full lazyload\" alt=\"\" data-srcset=\"http:\/\/akmi.lt\/wp-content\/uploads\/2023\/12\/Baltas-kvarcitas.jpg 667w, http:\/\/akmi.lt\/wp-content\/uploads\/2023\/12\/Baltas-kvarcitas-200x300.jpg 200w, http:\/\/akmi.lt\/wp-content\/uploads\/2023\/12\/Baltas-kvarcitas-600x900.jpg 600w\" data-sizes=\"(max-width: 667px) 100vw, 667px\" src=\"data:image\/gif;base64,R0lGODlhAQABAAAAACH5BAEKAAEALAAAAAABAAEAAAICTAEAOw==\" style=\"--smush-placeholder-width: 667px; --smush-placeholder-aspect-ratio: 667\/1000;\" \/>                        <\/div>\n<\/div><div class=\"edgtf-single-image-holder  edgtf-has-shadow\">\n    <div class=\"edgtf-si-inner\" >\n                                    <img decoding=\"async\" width=\"667\" height=\"1000\" data-src=\"http:\/\/akmi.lt\/wp-content\/uploads\/2023\/12\/Vonios-stalvirsis-is-akmens.jpg\" class=\"attachment-full size-full lazyload\" alt=\"\" data-srcset=\"http:\/\/akmi.lt\/wp-content\/uploads\/2023\/12\/Vonios-stalvirsis-is-akmens.jpg 667w, http:\/\/akmi.lt\/wp-content\/uploads\/2023\/12\/Vonios-stalvirsis-is-akmens-200x300.jpg 200w, http:\/\/akmi.lt\/wp-content\/uploads\/2023\/12\/Vonios-stalvirsis-is-akmens-600x900.jpg 600w\" data-sizes=\"(max-width: 667px) 100vw, 667px\" src=\"data:image\/gif;base64,R0lGODlhAQABAAAAACH5BAEKAAEALAAAAAABAAEAAAICTAEAOw==\" style=\"--smush-placeholder-width: 667px; --smush-placeholder-aspect-ratio: 667\/1000;\" \/>                        <\/div>\n<\/div><div class=\"edgtf-single-image-holder  edgtf-has-shadow\">\n    <div class=\"edgtf-si-inner\" >\n                                    <img decoding=\"async\" width=\"667\" height=\"1000\" data-src=\"http:\/\/akmi.lt\/wp-content\/uploads\/2023\/12\/Vonios-praustuvas-is-akmens.jpg\" class=\"attachment-full size-full lazyload\" alt=\"\" data-srcset=\"http:\/\/akmi.lt\/wp-content\/uploads\/2023\/12\/Vonios-praustuvas-is-akmens.jpg 667w, http:\/\/akmi.lt\/wp-content\/uploads\/2023\/12\/Vonios-praustuvas-is-akmens-200x300.jpg 200w, http:\/\/akmi.lt\/wp-content\/uploads\/2023\/12\/Vonios-praustuvas-is-akmens-600x900.jpg 600w\" data-sizes=\"(max-width: 667px) 100vw, 667px\" src=\"data:image\/gif;base64,R0lGODlhAQABAAAAACH5BAEKAAEALAAAAAABAAEAAAICTAEAOw==\" style=\"--smush-placeholder-width: 667px; --smush-placeholder-aspect-ratio: 667\/1000;\" \/>                        <\/div>\n<\/div><\/div><\/div><\/div><div class=\"text-box wpb_column vc_column_container vc_col-sm-5 vc_col-xs-12\"><div class=\"vc_column-inner\"><div class=\"wpb_wrapper\"><div class=\"edgtf-section-title-holder title-box-margin edgtf-st-standard  edgtf-st-position-left edgtf-appear-fx\" >\n\t\t<div class=\"edgtf-st-inner\">\n                    <div class=\"edgtf-st-title-holder\">\n                <h3 class=\"edgtf-st-title\" >\n                    DESCRIPTION                <\/h3>\n            <\/div>\n\t\t\t\t            <div class=\"edgtf-st-text-holder\">\n    \t\t\t<p class=\"edgtf-st-text\" >\n    \t\t\t\tA modern interwar style apartment features natural stone interior products made of white quartzite. White quartzite adds elegance and sophistication to the space, creating a luxurious and timeless atmosphere.<br \/>\nOne of the unique elements of this apartment is the rounded kitchen island. The rounded shapes of the kitchen island give the overall design a unique and modern feel. It not only increases the visual appeal of the space, but also provides a functional and practical workspace for cooking and socializing.<br \/>\nIn addition to the kitchen island, other natural stone finishing products have been implemented throughout the apartment: countertops, walls, and a bathroom countertop with a washbasin.    \t\t\t<\/p>\n            <\/div>\n\t\t\t<\/div>\n    <\/div><div class=\"edgtf-section-title-holder inline-title edgtf-st-standard  edgtf-st-position-left edgtf-appear-fx\" >\n\t\t<div class=\"edgtf-st-inner\">\n                    <div class=\"edgtf-st-title-holder\">\n                <h3 class=\"edgtf-st-title\" >\n                    DESIGN:                <\/h3>\n            <\/div>\n\t\t\t\t            <div class=\"edgtf-st-text-holder\">\n    \t\t\t<p class=\"edgtf-st-text\" >\n    \t\t\t\tArchitect Justina Giedrait\u0117    \t\t\t<\/p>\n            <\/div>\n\t\t\t<\/div>\n    <\/div><div class=\"edgtf-section-title-holder inline-title edgtf-st-standard  edgtf-st-position-left edgtf-appear-fx\" >\n\t\t<div class=\"edgtf-st-inner\">\n                    <div class=\"edgtf-st-title-holder\">\n                <h3 class=\"edgtf-st-title\" >\n                    PROJECT NAME:                <\/h3>\n            <\/div>\n\t\t\t\t            <div class=\"edgtf-st-text-holder\">\n    \t\t\t<p class=\"edgtf-st-text\" >\n    \t\t\t\tApartment in the center of Kaunas    \t\t\t<\/p>\n            <\/div>\n\t\t\t<\/div>\n    <\/div><div class=\"edgtf-section-title-holder inline-title edgtf-st-standard  edgtf-st-position-left edgtf-appear-fx\" >\n\t\t<div class=\"edgtf-st-inner\">\n                    <div class=\"edgtf-st-title-holder\">\n                <h3 class=\"edgtf-st-title\" >\n                    PHOTOS:                <\/h3>\n            <\/div>\n\t\t\t\t            <div class=\"edgtf-st-text-holder\">\n    \t\t\t<p class=\"edgtf-st-text\" >\n    \t\t\t\tLina ADi    \t\t\t<\/p>\n            <\/div>\n\t\t\t<\/div>\n    <\/div><div class=\"vc_empty_space\"   style=\"height: 30px\"><span class=\"vc_empty_space_inner\"><\/span><\/div><div class=\"vc_separator wpb_content_element vc_separator_align_center vc_sep_width_100 vc_sep_pos_align_center vc_separator_no_text vc_sep_color_grey\" ><span class=\"vc_sep_holder vc_sep_holder_l\"><span  class=\"vc_sep_line\"><\/span><\/span><span class=\"vc_sep_holder vc_sep_holder_r\"><span  class=\"vc_sep_line\"><\/span><\/span>\n<\/div><div class=\"edgtf-link-section-holder edgtf-appear-fx\">\n    <div class=\"edgtf-link-section-title-holder\">\n        <h2 class=\"edgtf-link-section-title\" >\n    \t\tSTONE:        <\/h2>\n    <\/div>\n            <div class=\"edgtf-single-link-section-holder\">\n                            <a href=\"\/en\/stone\/quartzite\/\" class=\"edgtf-link-section\" >\n                    <div class=\"edgtf-single-link-title-holder\">\n                        <h5 class=\"edgtf-single-link-title\" >\n                            quartzite                        <\/h5>\n                    <\/div>\n                <\/a>\n                    <\/div>\n    <\/div><div class=\"vc_separator wpb_content_element vc_separator_align_center vc_sep_width_100 vc_sep_pos_align_center vc_separator_no_text vc_sep_color_grey\" ><span class=\"vc_sep_holder vc_sep_holder_l\"><span  class=\"vc_sep_line\"><\/span><\/span><span class=\"vc_sep_holder vc_sep_holder_r\"><span  class=\"vc_sep_line\"><\/span><\/span>\n<\/div><div class=\"edgtf-link-section-holder edgtf-appear-fx\">\n    <div class=\"edgtf-link-section-title-holder\">\n        <h2 class=\"edgtf-link-section-title\" >\n    \t\tSERVICE:        <\/h2>\n    <\/div>\n            <div class=\"edgtf-single-link-section-holder\">\n                            <a href=\"\/en\/services\/stone-processing\/\" class=\"edgtf-link-section\" >\n                    <div class=\"edgtf-single-link-title-holder\">\n                        <h5 class=\"edgtf-single-link-title\" >\n                            STONE PROCESSING                        <\/h5>\n                    <\/div>\n                <\/a>\n                    <\/div>\n            <div class=\"edgtf-single-link-section-holder\">\n                            <a href=\"\/en\/services\/stone-installation\/\" class=\"edgtf-link-section\" >\n                    <div class=\"edgtf-single-link-title-holder\">\n                        <h5 class=\"edgtf-single-link-title\" >\n                            installation                        <\/h5>\n                    <\/div>\n                <\/a>\n                    <\/div>\n    <\/div><div class=\"vc_separator wpb_content_element vc_separator_align_center vc_sep_width_100 vc_sep_pos_align_center vc_separator_no_text vc_sep_color_grey\" ><span class=\"vc_sep_holder vc_sep_holder_l\"><span  class=\"vc_sep_line\"><\/span><\/span><span class=\"vc_sep_holder vc_sep_holder_r\"><span  class=\"vc_sep_line\"><\/span><\/span>\n<\/div><div class=\"edgtf-link-section-holder edgtf-appear-fx\">\n    <div class=\"edgtf-link-section-title-holder\">\n        <h2 class=\"edgtf-link-section-title\" >\n    \t\tPRODUCTS:        <\/h2>\n    <\/div>\n            <div class=\"edgtf-single-link-section-holder\">\n                            <a href=\"\/en\/products\/wall-decoration\/\" class=\"edgtf-link-section\" >\n                    <div class=\"edgtf-single-link-title-holder\">\n                        <h5 class=\"edgtf-single-link-title\" >\n                            wall decoration                        <\/h5>\n                    <\/div>\n                <\/a>\n                    <\/div>\n            <div class=\"edgtf-single-link-section-holder\">\n                            <a href=\"\/en\/products\/countertops\/\" class=\"edgtf-link-section\" >\n                    <div class=\"edgtf-single-link-title-holder\">\n                        <h5 class=\"edgtf-single-link-title\" >\n                            countertops                        <\/h5>\n                    <\/div>\n                <\/a>\n                    <\/div>\n            <div class=\"edgtf-single-link-section-holder\">\n                            <a href=\"\/en\/products\/washbasins\/\" class=\"edgtf-link-section\" >\n                    <div class=\"edgtf-single-link-title-holder\">\n                        <h5 class=\"edgtf-single-link-title\" >\n                            washbasins                        <\/h5>\n                    <\/div>\n                <\/a>\n                    <\/div>\n    <\/div><div class=\"vc_separator wpb_content_element vc_separator_align_center vc_sep_width_100 vc_sep_pos_align_center vc_separator_no_text vc_sep_color_grey\" ><span class=\"vc_sep_holder vc_sep_holder_l\"><span  class=\"vc_sep_line\"><\/span><\/span><span class=\"vc_sep_holder vc_sep_holder_r\"><span  class=\"vc_sep_line\"><\/span><\/span>\n<\/div><\/div><\/div><\/div><\/div><\/div><\/div><\/div><\/div>","protected":false},"excerpt":{"rendered":"APRA\u0160AS Moderniame tarpukario stiliaus bute \u012fgyvendinti nat\u016bralaus akmens interjero gaminiai i\u0161 balto kvarcito. Baltas kvarcitas suteikia erdvei elegancijos ir rafinuotumo, sukuria prabangi\u0105 ir laikui nepavald\u017ei\u0105 atmosfer\u0105. Vienas i\u0161 i\u0161skirtini\u0173 \u0161io buto element\u0173 - suapvalint\u0173 form\u0173 virtuv\u0117s sala. Suapvalintos virtuv\u0117s salos [...]","protected":false},"author":2,"featured_media":14720,"parent":5949,"menu_order":0,"comment_status":"closed","ping_status":"closed","template":"","meta":{"footnotes":""},"class_list":["post-14716","page","type-page","status-publish","has-post-thumbnail","hentry"],"yoast_head":"<!-- This site is optimized with the Yoast SEO plugin v24.0 - https:\/\/yoast.com\/wordpress\/plugins\/seo\/ -->\n<title>Butas Kauno centre . Nat\u016bralaus ir dirbtinio akmens apdaila | AKMI<\/title>\n<meta name=\"description\" content=\"Moderniame tarpukario stiliaus bute \u012fgyvendinti nat\u016bralaus akmens interjero gaminiai ir balto kvarcito. Baltas kvarcitas suteikia erdvei elegancijos ir rafinuotumo, sukuria prabangi\u0105 ir laikui nepavald\u017ei\u0105 atmosfer\u0105.Vienas i\u0161 i\u0161skirtini\u0173 \u0161io buto element\u0173 - suapvalint\u0173 form\u0173 virtuv\u0117s sala. Suapvalintos virtuv\u0117s salos formos suteikia bendram dizainui i\u0161skirtinumo ir \u0161iuolaiki\u0161kumo. Ji ne tik padidina vizualin\u012f erdv\u0117s patrauklum\u0105, bet ir suteikia funkcionali\u0105 bei prakti\u0161k\u0105 darbo viet\u0105 maisto gaminimui bei bendravimui.Be virtuv\u0117s salos, visame bute \u012fgyvendinti ir kiti nat\u016bralaus akmens apdailos gaminiai: stalvir\u0161iai, sienel\u0117s, vonios stalvir\u0161is su praustuvu.\" \/>\n<meta name=\"robots\" content=\"index, follow, max-snippet:-1, max-image-preview:large, max-video-preview:-1\" \/>\n<link rel=\"canonical\" href=\"http:\/\/akmi.lt\/en\/works-carried-out\/residential-projects\/apartment-in-the-center-of-kaunas\/\" \/>\n<meta property=\"og:locale\" content=\"en_US\" \/>\n<meta property=\"og:type\" content=\"article\" \/>\n<meta property=\"og:title\" content=\"Butas Kauno centre . Nat\u016bralaus ir dirbtinio akmens apdaila | AKMI\" \/>\n<meta property=\"og:description\" content=\"Moderniame tarpukario stiliaus bute \u012fgyvendinti nat\u016bralaus akmens interjero gaminiai ir balto kvarcito. Baltas kvarcitas suteikia erdvei elegancijos ir rafinuotumo, sukuria prabangi\u0105 ir laikui nepavald\u017ei\u0105 atmosfer\u0105.Vienas i\u0161 i\u0161skirtini\u0173 \u0161io buto element\u0173 - suapvalint\u0173 form\u0173 virtuv\u0117s sala. Suapvalintos virtuv\u0117s salos formos suteikia bendram dizainui i\u0161skirtinumo ir \u0161iuolaiki\u0161kumo. Ji ne tik padidina vizualin\u012f erdv\u0117s patrauklum\u0105, bet ir suteikia funkcionali\u0105 bei prakti\u0161k\u0105 darbo viet\u0105 maisto gaminimui bei bendravimui.Be virtuv\u0117s salos, visame bute \u012fgyvendinti ir kiti nat\u016bralaus akmens apdailos gaminiai: stalvir\u0161iai, sienel\u0117s, vonios stalvir\u0161is su praustuvu.\" \/>\n<meta property=\"og:url\" content=\"http:\/\/akmi.lt\/en\/works-carried-out\/residential-projects\/apartment-in-the-center-of-kaunas\/\" \/>\n<meta property=\"og:site_name\" content=\"Akmi\" \/>\n<meta property=\"article:modified_time\" content=\"2023-12-02T08:37:20+00:00\" \/>\n<meta property=\"og:image\" content=\"http:\/\/akmi.lt\/wp-content\/uploads\/2023\/12\/Salos-apdaila-is-kvarcito.jpg\" \/>\n\t<meta property=\"og:image:width\" content=\"667\" \/>\n\t<meta property=\"og:image:height\" content=\"1000\" \/>\n\t<meta property=\"og:image:type\" content=\"image\/jpeg\" \/>\n<meta name=\"twitter:card\" content=\"summary_large_image\" \/>\n<meta name=\"twitter:label1\" content=\"Est. reading time\" \/>\n\t<meta name=\"twitter:data1\" content=\"1 minute\" \/>\n<script type=\"application\/ld+json\" class=\"yoast-schema-graph\">{\"@context\":\"https:\/\/schema.org\",\"@graph\":[{\"@type\":\"WebPage\",\"@id\":\"http:\/\/akmi.lt\/en\/works-carried-out\/residential-projects\/apartment-in-the-center-of-kaunas\/\",\"url\":\"http:\/\/akmi.lt\/en\/works-carried-out\/residential-projects\/apartment-in-the-center-of-kaunas\/\",\"name\":\"Butas Kauno centre . Nat\u016bralaus ir dirbtinio akmens apdaila | AKMI\",\"isPartOf\":{\"@id\":\"http:\/\/akmi.lt\/en\/#website\"},\"primaryImageOfPage\":{\"@id\":\"http:\/\/akmi.lt\/en\/works-carried-out\/residential-projects\/apartment-in-the-center-of-kaunas\/#primaryimage\"},\"image\":{\"@id\":\"http:\/\/akmi.lt\/en\/works-carried-out\/residential-projects\/apartment-in-the-center-of-kaunas\/#primaryimage\"},\"thumbnailUrl\":\"http:\/\/akmi.lt\/wp-content\/uploads\/2023\/12\/Salos-apdaila-is-kvarcito.jpg\",\"datePublished\":\"2023-12-02T05:32:39+00:00\",\"dateModified\":\"2023-12-02T08:37:20+00:00\",\"description\":\"Moderniame tarpukario stiliaus bute \u012fgyvendinti nat\u016bralaus akmens interjero gaminiai ir balto kvarcito. Baltas kvarcitas suteikia erdvei elegancijos ir rafinuotumo, sukuria prabangi\u0105 ir laikui nepavald\u017ei\u0105 atmosfer\u0105.Vienas i\u0161 i\u0161skirtini\u0173 \u0161io buto element\u0173 - suapvalint\u0173 form\u0173 virtuv\u0117s sala. Suapvalintos virtuv\u0117s salos formos suteikia bendram dizainui i\u0161skirtinumo ir \u0161iuolaiki\u0161kumo. Ji ne tik padidina vizualin\u012f erdv\u0117s patrauklum\u0105, bet ir suteikia funkcionali\u0105 bei prakti\u0161k\u0105 darbo viet\u0105 maisto gaminimui bei bendravimui.Be virtuv\u0117s salos, visame bute \u012fgyvendinti ir kiti nat\u016bralaus akmens apdailos gaminiai: stalvir\u0161iai, sienel\u0117s, vonios stalvir\u0161is su praustuvu.\",\"breadcrumb\":{\"@id\":\"http:\/\/akmi.lt\/en\/works-carried-out\/residential-projects\/apartment-in-the-center-of-kaunas\/#breadcrumb\"},\"inLanguage\":\"en-US\",\"potentialAction\":[{\"@type\":\"ReadAction\",\"target\":[\"http:\/\/akmi.lt\/en\/works-carried-out\/residential-projects\/apartment-in-the-center-of-kaunas\/\"]}]},{\"@type\":\"ImageObject\",\"inLanguage\":\"en-US\",\"@id\":\"http:\/\/akmi.lt\/en\/works-carried-out\/residential-projects\/apartment-in-the-center-of-kaunas\/#primaryimage\",\"url\":\"http:\/\/akmi.lt\/wp-content\/uploads\/2023\/12\/Salos-apdaila-is-kvarcito.jpg\",\"contentUrl\":\"http:\/\/akmi.lt\/wp-content\/uploads\/2023\/12\/Salos-apdaila-is-kvarcito.jpg\",\"width\":667,\"height\":1000},{\"@type\":\"BreadcrumbList\",\"@id\":\"http:\/\/akmi.lt\/en\/works-carried-out\/residential-projects\/apartment-in-the-center-of-kaunas\/#breadcrumb\",\"itemListElement\":[{\"@type\":\"ListItem\",\"position\":1,\"name\":\"Pagrindinis\",\"item\":\"http:\/\/akmi.lt\/en\/\"},{\"@type\":\"ListItem\",\"position\":2,\"name\":\"Projektai\",\"item\":\"http:\/\/akmi.lt\/en\/works-carried-out\/\"},{\"@type\":\"ListItem\",\"position\":3,\"name\":\"Gyvenamieji projektai\",\"item\":\"http:\/\/akmi.lt\/en\/works-carried-out\/residential-projects\/\"},{\"@type\":\"ListItem\",\"position\":4,\"name\":\"Butas Kauno centre\"}]},{\"@type\":\"WebSite\",\"@id\":\"http:\/\/akmi.lt\/en\/#website\",\"url\":\"http:\/\/akmi.lt\/en\/\",\"name\":\"Akmi\",\"description\":\"\",\"potentialAction\":[{\"@type\":\"SearchAction\",\"target\":{\"@type\":\"EntryPoint\",\"urlTemplate\":\"http:\/\/akmi.lt\/en\/?s={search_term_string}\"},\"query-input\":{\"@type\":\"PropertyValueSpecification\",\"valueRequired\":true,\"valueName\":\"search_term_string\"}}],\"inLanguage\":\"en-US\"}]}<\/script>\n<!-- \/ Yoast SEO plugin. -->","yoast_head_json":{"title":"Apartment in the center of Kaunas. Natural and artificial stone decoration | AKMI","description":"In a modern interwar style apartment, natural stone interior products and white quartzite have been implemented. White quartzite gives the space elegance and sophistication, creating a luxurious and timeless atmosphere. One of the distinctive elements of this apartment is the rounded kitchen island. The rounded shapes of the kitchen island give the overall design a distinctive and modern feel. It not only increases the visual appeal of the space, but also provides a functional and practical workplace for cooking and socializing. In addition to the kitchen island, other natural stone finishing products have been implemented throughout the apartment: countertops, walls, bathroom countertop with washbasin.","robots":{"index":"index","follow":"follow","max-snippet":"max-snippet:-1","max-image-preview":"max-image-preview:large","max-video-preview":"max-video-preview:-1"},"canonical":"http:\/\/akmi.lt\/en\/works-carried-out\/residential-projects\/apartment-in-the-center-of-kaunas\/","og_locale":"en_US","og_type":"article","og_title":"Butas Kauno centre . Nat\u016bralaus ir dirbtinio akmens apdaila | AKMI","og_description":"Moderniame tarpukario stiliaus bute \u012fgyvendinti nat\u016bralaus akmens interjero gaminiai ir balto kvarcito. Baltas kvarcitas suteikia erdvei elegancijos ir rafinuotumo, sukuria prabangi\u0105 ir laikui nepavald\u017ei\u0105 atmosfer\u0105.Vienas i\u0161 i\u0161skirtini\u0173 \u0161io buto element\u0173 - suapvalint\u0173 form\u0173 virtuv\u0117s sala. Suapvalintos virtuv\u0117s salos formos suteikia bendram dizainui i\u0161skirtinumo ir \u0161iuolaiki\u0161kumo. Ji ne tik padidina vizualin\u012f erdv\u0117s patrauklum\u0105, bet ir suteikia funkcionali\u0105 bei prakti\u0161k\u0105 darbo viet\u0105 maisto gaminimui bei bendravimui.Be virtuv\u0117s salos, visame bute \u012fgyvendinti ir kiti nat\u016bralaus akmens apdailos gaminiai: stalvir\u0161iai, sienel\u0117s, vonios stalvir\u0161is su praustuvu.","og_url":"http:\/\/akmi.lt\/en\/works-carried-out\/residential-projects\/apartment-in-the-center-of-kaunas\/","og_site_name":"Akmi","article_modified_time":"2023-12-02T08:37:20+00:00","og_image":[{"width":667,"height":1000,"url":"http:\/\/akmi.lt\/wp-content\/uploads\/2023\/12\/Salos-apdaila-is-kvarcito.jpg","type":"image\/jpeg"}],"twitter_card":"summary_large_image","twitter_misc":{"Est. reading time":"1 minute"},"schema":{"@context":"https:\/\/schema.org","@graph":[{"@type":"WebPage","@id":"http:\/\/akmi.lt\/en\/works-carried-out\/residential-projects\/apartment-in-the-center-of-kaunas\/","url":"http:\/\/akmi.lt\/en\/works-carried-out\/residential-projects\/apartment-in-the-center-of-kaunas\/","name":"Apartment in the center of Kaunas. Natural and artificial stone decoration | AKMI","isPartOf":{"@id":"http:\/\/akmi.lt\/en\/#website"},"primaryImageOfPage":{"@id":"http:\/\/akmi.lt\/en\/works-carried-out\/residential-projects\/apartment-in-the-center-of-kaunas\/#primaryimage"},"image":{"@id":"http:\/\/akmi.lt\/en\/works-carried-out\/residential-projects\/apartment-in-the-center-of-kaunas\/#primaryimage"},"thumbnailUrl":"http:\/\/akmi.lt\/wp-content\/uploads\/2023\/12\/Salos-apdaila-is-kvarcito.jpg","datePublished":"2023-12-02T05:32:39+00:00","dateModified":"2023-12-02T08:37:20+00:00","description":"In a modern interwar style apartment, natural stone interior products and white quartzite have been implemented. White quartzite gives the space elegance and sophistication, creating a luxurious and timeless atmosphere. One of the distinctive elements of this apartment is the rounded kitchen island. The rounded shapes of the kitchen island give the overall design a distinctive and modern feel. It not only increases the visual appeal of the space, but also provides a functional and practical workplace for cooking and socializing. In addition to the kitchen island, other natural stone finishing products have been implemented throughout the apartment: countertops, walls, bathroom countertop with washbasin.","breadcrumb":{"@id":"http:\/\/akmi.lt\/en\/works-carried-out\/residential-projects\/apartment-in-the-center-of-kaunas\/#breadcrumb"},"inLanguage":"en-US","potentialAction":[{"@type":"ReadAction","target":["http:\/\/akmi.lt\/en\/works-carried-out\/residential-projects\/apartment-in-the-center-of-kaunas\/"]}]},{"@type":"ImageObject","inLanguage":"en-US","@id":"http:\/\/akmi.lt\/en\/works-carried-out\/residential-projects\/apartment-in-the-center-of-kaunas\/#primaryimage","url":"http:\/\/akmi.lt\/wp-content\/uploads\/2023\/12\/Salos-apdaila-is-kvarcito.jpg","contentUrl":"http:\/\/akmi.lt\/wp-content\/uploads\/2023\/12\/Salos-apdaila-is-kvarcito.jpg","width":667,"height":1000},{"@type":"BreadcrumbList","@id":"http:\/\/akmi.lt\/en\/works-carried-out\/residential-projects\/apartment-in-the-center-of-kaunas\/#breadcrumb","itemListElement":[{"@type":"ListItem","position":1,"name":"Pagrindinis","item":"http:\/\/akmi.lt\/en\/"},{"@type":"ListItem","position":2,"name":"Projektai","item":"http:\/\/akmi.lt\/en\/works-carried-out\/"},{"@type":"ListItem","position":3,"name":"Gyvenamieji projektai","item":"http:\/\/akmi.lt\/en\/works-carried-out\/residential-projects\/"},{"@type":"ListItem","position":4,"name":"Butas Kauno centre"}]},{"@type":"WebSite","@id":"http:\/\/akmi.lt\/en\/#website","url":"http:\/\/akmi.lt\/en\/","name":"Stone","description":"","potentialAction":[{"@type":"SearchAction","target":{"@type":"EntryPoint","urlTemplate":"http:\/\/akmi.lt\/en\/?s={search_term_string}"},"query-input":{"@type":"PropertyValueSpecification","valueRequired":true,"valueName":"search_term_string"}}],"inLanguage":"en-US"}]}},"_links":{"self":[{"href":"http:\/\/akmi.lt\/en\/wp-json\/wp\/v2\/pages\/14716","targetHints":{"allow":["GET"]}}],"collection":[{"href":"http:\/\/akmi.lt\/en\/wp-json\/wp\/v2\/pages"}],"about":[{"href":"http:\/\/akmi.lt\/en\/wp-json\/wp\/v2\/types\/page"}],"author":[{"embeddable":true,"href":"http:\/\/akmi.lt\/en\/wp-json\/wp\/v2\/users\/2"}],"replies":[{"embeddable":true,"href":"http:\/\/akmi.lt\/en\/wp-json\/wp\/v2\/comments?post=14716"}],"version-history":[{"count":6,"href":"http:\/\/akmi.lt\/en\/wp-json\/wp\/v2\/pages\/14716\/revisions"}],"predecessor-version":[{"id":14730,"href":"http:\/\/akmi.lt\/en\/wp-json\/wp\/v2\/pages\/14716\/revisions\/14730"}],"up":[{"embeddable":true,"href":"http:\/\/akmi.lt\/en\/wp-json\/wp\/v2\/pages\/5949"}],"wp:featuredmedia":[{"embeddable":true,"href":"http:\/\/akmi.lt\/en\/wp-json\/wp\/v2\/media\/14720"}],"wp:attachment":[{"href":"http:\/\/akmi.lt\/en\/wp-json\/wp\/v2\/media?parent=14716"}],"curies":[{"name":"wp","href":"https:\/\/api.w.org\/{rel}","templated":true}]}}